{"id":120,"date":"2026-03-20T14:54:42","date_gmt":"2026-03-20T13:54:42","guid":{"rendered":"http:\/\/bhv.de\/?page_id=120"},"modified":"2026-05-11T11:22:32","modified_gmt":"2026-05-11T09:22:32","slug":"bhv-verlag-gmbh","status":"publish","type":"page","link":"https:\/\/bhv.de\/en\/","title":{"rendered":"Homepage"},"content":{"rendered":"\n<div class=\"gb-element-29d10497 kachel-link\">\n<h2 class=\"gb-text gb-text-91626bdc praege-effekt\"><a href=\"\/bitdefender\/\"><strong>Bitdefender f\u00fcr Privatkunden:<br>Antivirus &amp; Sicherheit<\/strong><\/a><\/h2>\n<\/div>\n\n\n\n<div class=\"gb-element-ec5a6b8a\">\n<div class=\"gb-element-c5929ba2 kachel-link\">\n<div class=\"gb-element-60eb9309 kachel-link\">\n<h2 class=\"gb-text gb-text-0e54a95d\"><br><a href=\"http:\/\/support.bhv.de\"><strong>Support &#8211; Center<\/strong><\/a><\/h2>\n<\/div>\n\n\n\n\n\n<div class=\"gb-element-0269f7c0 kachel-link\">\n<h2 class=\"gb-text gb-text-c979a17e\"><a href=\"\/lizenz-berater-die-passende-bitdefender-lizenz-finden\/\"><strong>Bitdefender<br>Lizenz-Berater<\/strong><\/a><\/h2>\n<\/div>\n\n\n\n<div class=\"gb-element-599e3a3f kachel-link\">\n<h2 class=\"gb-text gb-text-f68dc6ce\"><strong><a href=\"https:\/\/bhv.de\/bitdefender-systemanforderungen\/\" type=\"page\" id=\"719\">Bitdefender<br>Systemanforderungen<\/a><\/strong><\/h2>\n<\/div>\n<\/div>\n<\/div>\n\n\n\n<div class=\"gb-element-687f1252 kachel-link\">\n<h2 class=\"gb-text gb-text-1950d55c praege-effekt\"><strong><a href=\"https:\/\/bhv.de\/bitdefender-gravityzone\/\">Bitdefender f\u00fcr Geschaftskunden:<br>GravityZone<\/a><\/strong><\/h2>\n<\/div>\n\n\n\n<div class=\"gb-element-16674424\">\n<h2 class=\"gb-text gb-text-bd6511af\">bhv: Ihre Sicherheit im Internet beginnt hier \u2013 mit Bitdefender<\/h2>\n\n\n\n<p class=\"gb-text\">Hier finden Sie zuverl\u00e4ssigen Schutz, denn Cyberangriffe, Datenmissbrauch und digitale Bedrohungen nehmen t\u00e4glich zu. Sicherheit ist daher keine Option mehr, sondern eine absolute Notwendigkeit. Durch bhv lernen Sie alles Wissenswerte \u00fcber Internetsicherheit kennen sowie warum Bitdefender zu den f\u00fchrenden Cybersecurity-L\u00f6sungen z\u00e4hlt.<\/p>\n\n\n\n<h2 class=\"gb-text gb-text-2ac999ee\">Was ist Bitdefender?<\/h2>\n\n\n\n<p class=\"gb-text\">Bitdefender ist ein international anerkannter Anbieter von Antivirensoftware sowie Cybersecurity-L\u00f6sungen mit \u00fcber 20 Jahren Erfahrung. Die Produkte sch\u00fctzen Millionen Nutzer weltweit vor Viren, Ransomware und Phishing, w\u00e4hrend unabh\u00e4ngige Labore wie AV-TEST sowie AV-Comparatives Bitdefender als Top-Virenschutz auszeichnen.<\/p>\n\n\n\n<h2 class=\"gb-text gb-text-7a1c8a67\">Warum Bitdefender die richtige Wahl ist<\/h2>\n\n\n\n<p class=\"gb-text\">Die Bedrohungslage entwickelt sich st\u00e4ndig weiter, da Hacker ausgefeiltere Methoden nutzen. Deshalb setzt Bitdefender auf modernste KI-Technologie, die Gefahren fr\u00fch erkennt und Schaden verhindert. Somit bietet bhv Ihnen als Partner die besten L\u00f6sungen f\u00fcr Privatpersonen sowie Unternehmen.<\/p>\n\n\n\n<h2 class=\"gb-text gb-text-14c1c5b1\">Zu den wichtigsten Vorteilen geh\u00f6ren:<\/h2>\n\n\n\n<ul class=\"wp-block-list\">\n<li>Mehrfach ausgezeichneter Virenschutz durch unabh\u00e4ngige Testinstitute wie <a href=\"https:\/\/www.av-test.org\/de\/antivirus\/privat-windows\/\">AV-TEST<\/a><\/li>\n\n\n\n<li>Minimale Systembelastung \u2013 arbeitet leise im Hintergrund, ohne Ihre Ger\u00e4te zu verlangsamen<\/li>\n\n\n\n<li>Echtzeit-Schutz gegen Viren, Trojaner, Spyware und Ransomware<\/li>\n\n\n\n<li>Einfache Bedienung \u2013 auch ohne technisches Vorwissen sofort einsatzbereit<\/li>\n\n\n\n<li>Umfassende Ger\u00e4teabdeckung \u2013 ein Abonnement sch\u00fctzt mehrere Ger\u00e4te gleichzeitig<\/li>\n<\/ul>\n\n\n\n<h2 class=\"gb-text gb-text-5a05a731\">bhv &#8211; Ihr Einstieg in eine sichere digitale Welt<\/h2>\n\n\n\n<p class=\"gb-text\">Ob bhv f\u00fcr Familie, Heimnetzwerk oder Unternehmen \u2013 Bitdefender passt perfekt, denn es bietet ma\u00dfgeschneiderte L\u00f6sungen f\u00fcr jeden Bedarf. Bei bhv finden Sie Ratgeber, Testberichte und Kaufempfehlungen, um die optimale Variante auszuw\u00e4hlen. Als bhv-Kunde profitieren Sie von pers\u00f6nlicher Beratung sowie schneller Lieferung.<\/p>\n<\/div>\n\n\n\n<p class=\"gb-text\">Jetzt in den Schutz mit Bitdefender investieren \u2013 Sicherheit, die sich auszahlt!<\/p>\n\n\n\n<div class=\"gb-element-b3058edf\">\n<h2 class=\"gb-text gb-text-7833abe3\">Glossar der Fachbegriffe<\/h2>\n\n\n\n<div id=\"word-cloud-wrapper\" style=\"width: 100%; height: 400px; max-height: 400px; overflow: hidden; display: flex; align-items: center; justify-content: center; margin: 0 auto; position: relative;\">\n  <div id=\"word-cloud-container\" style=\"width: 100%; height: 100%;\"><\/div>\n<\/div>\n\n<script src=\"https:\/\/cdn.jsdelivr.net\/npm\/d3@7\"><\/script>\n<script src=\"https:\/\/cdn.jsdelivr.net\/npm\/d3-cloud@1.2.7\/build\/d3.layout.cloud.min.js\"><\/script>\n\n<script>\n(function() {\n  const gdata = [\n    { term: \"Malware\", def: \"...\", w: 10, cat: \"Bedrohungstyp\" },\n    { term: \"Ransomware\", def: \"...\", w: 9, cat: \"Bedrohungstyp\" },\n    { term: \"Spyware\", def: \"...\", w: 8, cat: \"Bedrohungstyp\" },\n    { term: \"Phishing\", def: \"...\", w: 9, cat: \"Bedrohungstyp\" },\n    { term: \"Keylogger\", def: \"...\", w: 7, cat: \"Bedrohungstyp\" },\n    { term: \"APT\", def: \"...\", w: 7, cat: \"Bedrohungstyp\" },\n    { term: \"Exploit\", def: \"...\", w: 8, cat: \"Bedrohungstyp\" },\n    { term: \"Fileless Attack\", def: \"...\", w: 6, cat: \"Bedrohungstyp\" },\n    { term: \"IOC\", def: \"...\", w: 6, cat: \"Bedrohungstyp\" },\n    { term: \"GravityZone\", def: \"...\", w: 9, cat: \"Bitdefender-Produkt\" },\n    { term: \"Bitdefender Central\", def: \"...\", w: 8, cat: \"Bitdefender-Produkt\" },\n    { term: \"Scamio\", def: \"...\", w: 6, cat: \"Bitdefender-Produkt\" },\n    { term: \"Cyberpedia\", def: \"...\", w: 5, cat: \"Plattform\" },\n    { term: \"Digital Identity Protection\", def: \"...\", w: 7, cat: \"Bitdefender-Produkt\" },\n    { term: \"SecurePass\", def: \"...\", w: 6, cat: \"Bitdefender-Produkt\" },\n    { term: \"EDR\", def: \"...\", w: 9, cat: \"Technologie\" },\n    { term: \"XDR\", def: \"...\", w: 8, cat: \"Technologie\" },\n    { term: \"XEDR\", def: \"...\", w: 7, cat: \"Technologie\" },\n    { term: \"Sandbox Analyzer\", def: \"...\", w: 6, cat: \"Technologie\" },\n    { term: \"Machine Learning\", def: \"...\", w: 8, cat: \"Technologie\" },\n    { term: \"Firewall\", def: \"...\", w: 10, cat: \"Technologie\" },\n    { term: \"Anti-Exploit\", def: \"...\", w: 7, cat: \"Technologie\" },\n    { term: \"Process Inspector\", def: \"...\", w: 5, cat: \"Technologie\" },\n    { term: \"VPN\", def: \"...\", w: 9, cat: \"Technologie\" },\n    { term: \"Endpoint Security\", def: \"...\", w: 9, cat: \"Konzept\" },\n    { term: \"Pr\u00e4vention, Erkennung, Bereinigung\", def: \"...\", w: 6, cat: \"Konzept\" },\n    { term: \"Schwachstellen-Scan\", def: \"...\", w: 8, cat: \"Konzept\" },\n    { term: \"Lateral Movement\", def: \"...\", w: 6, cat: \"Konzept\" },\n    { term: \"Dateischredder\", def: \"...\", w: 5, cat: \"Konzept\" },\n    { term: \"Parental Control\", def: \"...\", w: 7, cat: \"Konzept\" },\n    { term: \"Digitale Souver\u00e4nit\u00e4t\", def: \"...\", w: 6, cat: \"Konzept\" },\n    { term: \"MITM\", def: \"...\", w: 7, cat: \"Konzept\" }\n  ];\n\n  function slug(s) { \n    return s.toLowerCase().replace(\/[^a-z0-9]+\/gi, '-').replace(\/^-|-$\/g, ''); \n  }\n\n  function renderCloud() {\n    const container = document.getElementById('word-cloud-container');\n    if (!container) return;\n\n    container.querySelectorAll('svg').forEach(s => s.remove());\n    \n    const w = 1400; \n    const h = 400; \/\/ Hier wurde die interne Leinwand auf 400 reduziert\n    \n    const colors = [\n      '#FFFFFF',\n      '#E6F0FF',\n      '#BFD9FF',\n      '#D9ECFF',\n      '#7FB6FF'\n    ];\n    \n    \/\/ Die Schriftgr\u00f6\u00dfe wurde minimal reduziert (von *8 auf *7), damit alles in die flachere Box passt\n     const words = gdata.map(d => ({ text: d.term, size: 16 + (d.w - 5) * 9 }));\n    \n    d3.layout.cloud().size([w, h]).padding(2)\n      .words(words)\n      .rotate(() => Math.random() > 0.75 ? 90 : 0)\n      .fontSize(d => d.size)\n      .on('end', dw => {\n        const svg = d3.select(container).append('svg')\n          .attr('width', '100%')\n          .attr('height', '400px') \/\/ Hier wird das fertige Bild zwingend auf 400px H\u00f6he gesetzt\n          .attr('viewBox', `0 0 ${w} ${h}`) \n          .attr('preserveAspectRatio', 'xMidYMid meet') \n          .style('z-index', '1');\n\n        svg.append('g').attr('transform', `translate(${w\/2},${h\/2})`)\n          .selectAll('text').data(dw).enter().append('text')\n          .style('font-size', d => d.size + 'px')\n          .style('font-weight', '700')\n          .style('font-family', 'sans-serif')\n          .style('fill', (d, i) => colors[i % colors.length])\n          .style('text-shadow', '0 1px 2px rgba(0,0,0,0.18)')\n          .style('cursor', 'pointer')\n          .attr('text-anchor', 'middle')\n          .attr('transform', d => `translate(${d.x},${d.y}) rotate(${d.rotate})`)\n          .text(d => d.text)\n          .on('click', (e, d) => {\n            window.location.href = '\/glossar\/#term-' + slug(d.text);\n          });\n      }).start();\n  }\n\n  if (document.readyState === 'loading') {\n    document.addEventListener('DOMContentLoaded', renderCloud);\n  } else {\n    renderCloud();\n  }\n\n  window.addEventListener('resize', () => {\n    clearTimeout(window.wordCloudResizeTimer);\n    window.wordCloudResizeTimer = setTimeout(renderCloud, 200);\n  });\n})();\n<\/script>\n\n\n\n<h3 class=\"gb-text gb-text-bb46ca47\"><strong>&#8211; Begriffe anklicken zum Erkl\u00e4ren &#8211; <\/strong><\/h3>\n<\/div>\n","protected":false},"excerpt":{"rendered":"<p>Bitdefender f\u00fcr Privatkunden:Antivirus &amp; Sicherheit Support &#8211; Center Support BitdefenderLizenz-Berater BitdefenderSystemanforderungen Bitdefender f\u00fcr Geschaftskunden:GravityZone bhv: Ihre Sicherheit im Internet beginnt hier \u2013 mit Bitdefender Hier finden Sie zuverl\u00e4ssigen Schutz, denn Cyberangriffe, Datenmissbrauch und digitale Bedrohungen nehmen t\u00e4glich zu. Sicherheit ist daher keine Option mehr, sondern eine absolute Notwendigkeit. Durch bhv lernen Sie alles Wissenswerte \u00fcber &#8230; <a title=\"Homepage\" class=\"read-more\" href=\"https:\/\/bhv.de\/en\/\" aria-label=\"Read more about Homepage\">Read more<\/a><\/p>","protected":false},"author":1,"featured_media":0,"parent":0,"menu_order":0,"comment_status":"closed","ping_status":"closed","template":"","meta":{"footnotes":""},"class_list":["post-120","page","type-page","status-publish"],"yoast_head":"<!-- This site is optimized with the Yoast SEO plugin v27.6 - https:\/\/yoast.com\/product\/yoast-seo-wordpress\/ -->\n<title>Homepage - bhv Verlag GmbH<\/title>\n<meta name=\"description\" content=\"bhv ist Ihr Bitdefender-Partner f\u00fcr zuverl\u00e4ssigen Schutz. Die Antivirenl\u00f6sungen f\u00fcr Privat &amp; Unternehmen \u2013 schnell und einfach.\" \/>\n<meta name=\"robots\" content=\"index, follow, max-snippet:-1, max-image-preview:large, max-video-preview:-1\" \/>\n<link rel=\"canonical\" href=\"https:\/\/bhv.de\/en\/\" \/>\n<meta property=\"og:locale\" content=\"en_GB\" \/>\n<meta property=\"og:type\" content=\"article\" \/>\n<meta property=\"og:title\" content=\"Homepage - bhv Verlag GmbH\" \/>\n<meta property=\"og:description\" content=\"bhv ist Ihr Bitdefender-Partner f\u00fcr zuverl\u00e4ssigen Schutz. Die Antivirenl\u00f6sungen f\u00fcr Privat &amp; Unternehmen \u2013 schnell und einfach.\" \/>\n<meta property=\"og:url\" content=\"https:\/\/bhv.de\/en\/\" \/>\n<meta property=\"og:site_name\" content=\"bhv Verlag GmbH\" \/>\n<meta property=\"article:modified_time\" content=\"2026-05-11T09:22:32+00:00\" \/>\n<meta name=\"twitter:card\" content=\"summary_large_image\" \/>\n<meta name=\"twitter:label1\" content=\"Estimated reading time\" \/>\n\t<meta name=\"twitter:data1\" content=\"2 minutes\" \/>\n<script type=\"application\/ld+json\" class=\"yoast-schema-graph\">{\"@context\":\"https:\\\/\\\/schema.org\",\"@graph\":[{\"@type\":\"WebPage\",\"@id\":\"https:\\\/\\\/bhv.de\\\/\",\"url\":\"https:\\\/\\\/bhv.de\\\/\",\"name\":\"Homepage - bhv Verlag GmbH\",\"isPartOf\":{\"@id\":\"https:\\\/\\\/bhv.de\\\/#website\"},\"datePublished\":\"2026-03-20T13:54:42+00:00\",\"dateModified\":\"2026-05-11T09:22:32+00:00\",\"description\":\"bhv ist Ihr Bitdefender-Partner f\u00fcr zuverl\u00e4ssigen Schutz. Die Antivirenl\u00f6sungen f\u00fcr Privat & Unternehmen \u2013 schnell und einfach.\",\"breadcrumb\":{\"@id\":\"https:\\\/\\\/bhv.de\\\/#breadcrumb\"},\"inLanguage\":\"en-GB\",\"potentialAction\":[{\"@type\":\"ReadAction\",\"target\":[\"https:\\\/\\\/bhv.de\\\/\"]}]},{\"@type\":\"BreadcrumbList\",\"@id\":\"https:\\\/\\\/bhv.de\\\/#breadcrumb\",\"itemListElement\":[{\"@type\":\"ListItem\",\"position\":1,\"name\":\"Start\",\"item\":\"https:\\\/\\\/bhv.de\\\/\"},{\"@type\":\"ListItem\",\"position\":2,\"name\":\"Homepage\"}]},{\"@type\":\"WebSite\",\"@id\":\"https:\\\/\\\/bhv.de\\\/#website\",\"url\":\"https:\\\/\\\/bhv.de\\\/\",\"name\":\"bhv Verlag GmbH\",\"description\":\"bhv Verlag GmbH\",\"potentialAction\":[{\"@type\":\"SearchAction\",\"target\":{\"@type\":\"EntryPoint\",\"urlTemplate\":\"https:\\\/\\\/bhv.de\\\/?s={search_term_string}\"},\"query-input\":{\"@type\":\"PropertyValueSpecification\",\"valueRequired\":true,\"valueName\":\"search_term_string\"}}],\"inLanguage\":\"en-GB\"}]}<\/script>\n<!-- \/ Yoast SEO plugin. -->","yoast_head_json":{"title":"Homepage - bhv Verlag GmbH","description":"bhv ist Ihr Bitdefender-Partner f\u00fcr zuverl\u00e4ssigen Schutz. Die Antivirenl\u00f6sungen f\u00fcr Privat & Unternehmen \u2013 schnell und einfach.","robots":{"index":"index","follow":"follow","max-snippet":"max-snippet:-1","max-image-preview":"max-image-preview:large","max-video-preview":"max-video-preview:-1"},"canonical":"https:\/\/bhv.de\/en\/","og_locale":"en_GB","og_type":"article","og_title":"Homepage - bhv Verlag GmbH","og_description":"bhv ist Ihr Bitdefender-Partner f\u00fcr zuverl\u00e4ssigen Schutz. Die Antivirenl\u00f6sungen f\u00fcr Privat & Unternehmen \u2013 schnell und einfach.","og_url":"https:\/\/bhv.de\/en\/","og_site_name":"bhv Verlag GmbH","article_modified_time":"2026-05-11T09:22:32+00:00","twitter_card":"summary_large_image","twitter_misc":{"Estimated reading time":"2 minutes"},"schema":{"@context":"https:\/\/schema.org","@graph":[{"@type":"WebPage","@id":"https:\/\/bhv.de\/","url":"https:\/\/bhv.de\/","name":"Homepage - bhv Verlag GmbH","isPartOf":{"@id":"https:\/\/bhv.de\/#website"},"datePublished":"2026-03-20T13:54:42+00:00","dateModified":"2026-05-11T09:22:32+00:00","description":"bhv ist Ihr Bitdefender-Partner f\u00fcr zuverl\u00e4ssigen Schutz. Die Antivirenl\u00f6sungen f\u00fcr Privat & Unternehmen \u2013 schnell und einfach.","breadcrumb":{"@id":"https:\/\/bhv.de\/#breadcrumb"},"inLanguage":"en-GB","potentialAction":[{"@type":"ReadAction","target":["https:\/\/bhv.de\/"]}]},{"@type":"BreadcrumbList","@id":"https:\/\/bhv.de\/#breadcrumb","itemListElement":[{"@type":"ListItem","position":1,"name":"Start","item":"https:\/\/bhv.de\/"},{"@type":"ListItem","position":2,"name":"Homepage"}]},{"@type":"WebSite","@id":"https:\/\/bhv.de\/#website","url":"https:\/\/bhv.de\/","name":"bhv Verlag GmbH","description":"bhv Verlag GmbH","potentialAction":[{"@type":"SearchAction","target":{"@type":"EntryPoint","urlTemplate":"https:\/\/bhv.de\/?s={search_term_string}"},"query-input":{"@type":"PropertyValueSpecification","valueRequired":true,"valueName":"search_term_string"}}],"inLanguage":"en-GB"}]}},"_links":{"self":[{"href":"https:\/\/bhv.de\/en\/wp-json\/wp\/v2\/pages\/120","targetHints":{"allow":["GET"]}}],"collection":[{"href":"https:\/\/bhv.de\/en\/wp-json\/wp\/v2\/pages"}],"about":[{"href":"https:\/\/bhv.de\/en\/wp-json\/wp\/v2\/types\/page"}],"author":[{"embeddable":true,"href":"https:\/\/bhv.de\/en\/wp-json\/wp\/v2\/users\/1"}],"replies":[{"embeddable":true,"href":"https:\/\/bhv.de\/en\/wp-json\/wp\/v2\/comments?post=120"}],"version-history":[{"count":187,"href":"https:\/\/bhv.de\/en\/wp-json\/wp\/v2\/pages\/120\/revisions"}],"predecessor-version":[{"id":1588,"href":"https:\/\/bhv.de\/en\/wp-json\/wp\/v2\/pages\/120\/revisions\/1588"}],"wp:attachment":[{"href":"https:\/\/bhv.de\/en\/wp-json\/wp\/v2\/media?parent=120"}],"curies":[{"name":"wp","href":"https:\/\/api.w.org\/{rel}","templated":true}]}}