{"id":1337,"date":"2026-04-29T13:56:26","date_gmt":"2026-04-29T11:56:26","guid":{"rendered":"https:\/\/bhv.de\/?page_id=1337"},"modified":"2026-05-04T15:07:22","modified_gmt":"2026-05-04T13:07:22","slug":"portfolio","status":"publish","type":"page","link":"https:\/\/bhv.de\/en\/portfolio\/","title":{"rendered":"Portfolio"},"content":{"rendered":"<div>\n<div class=\"gb-element-184b4c61\">\n<h2 class=\"gb-text gb-text-80582dc2\">Die Hersteller im \u00dcberblick<\/h2>\n<\/div>\n\n\n\n<div class=\"gb-element-e4eff9d8\">\n<div>\n<img loading=\"lazy\" decoding=\"async\" width=\"500\" height=\"500\" class=\"gb-media-51175493\" alt=\"Quant2Cipher - Portfolio Logo\" title=\"quant2cipher--portfolio-logo-500x500\" src=\"https:\/\/bhv.de\/wp-content\/uploads\/2026\/04\/quant2cipher-portfolio-logo-500x500-1.png\" srcset=\"https:\/\/bhv.de\/wp-content\/uploads\/2026\/04\/quant2cipher-portfolio-logo-500x500-1.png 500w, https:\/\/bhv.de\/wp-content\/uploads\/2026\/04\/quant2cipher-portfolio-logo-500x500-1-300x300.png 300w, https:\/\/bhv.de\/wp-content\/uploads\/2026\/04\/quant2cipher-portfolio-logo-500x500-1-150x150.png 150w, https:\/\/bhv.de\/wp-content\/uploads\/2026\/04\/quant2cipher-portfolio-logo-500x500-1-100x100.png 100w\" sizes=\"auto, (max-width: 500px) 100vw, 500px\" \/>\n\n\n\n<p class=\"gb-text\">Quant2Cipher bietet Ihnen maximale Sicherheit und vollst\u00e4ndige Kontrolle f\u00fcr Ihre sensiblen Daten in der Cloud. Mit einem klaren Fokus auf zukunftsweisende, quantensichere Verschl\u00fcsselung sch\u00fctzt die Plattform Ihre Informationen schon heute vor den technologischen Bedrohungen von morgen. Durch diese innovative Architektur wird sichergestellt, dass Vertraulichkeit und Verf\u00fcgbarkeit stets auf h\u00f6chstem Niveau bleiben. Sie allein behalten die Schl\u00fcsselgewalt und sind der uneingeschr\u00e4nkte Eigent\u00fcmer Ihrer Daten. Vertrauen Sie auf ein modernes Sicherheitskonzept, das Ihr Unternehmen zukunftssicher, flexibel und kompromisslos digital absichert.<\/p>\n<\/div>\n\n\n\n<div>\n<img loading=\"lazy\" decoding=\"async\" width=\"500\" height=\"500\" class=\"gb-media-37d224e6\" alt=\"bhv Taiwan - Logo\" title=\"bhv-tw--portfolio-logo-500x500\" src=\"https:\/\/bhv.de\/wp-content\/uploads\/2026\/04\/bhv-tw-portfolio-logo-500x500-1.png\" srcset=\"https:\/\/bhv.de\/wp-content\/uploads\/2026\/04\/bhv-tw-portfolio-logo-500x500-1.png 500w, https:\/\/bhv.de\/wp-content\/uploads\/2026\/04\/bhv-tw-portfolio-logo-500x500-1-300x300.png 300w, https:\/\/bhv.de\/wp-content\/uploads\/2026\/04\/bhv-tw-portfolio-logo-500x500-1-150x150.png 150w, https:\/\/bhv.de\/wp-content\/uploads\/2026\/04\/bhv-tw-portfolio-logo-500x500-1-100x100.png 100w\" sizes=\"auto, (max-width: 500px) 100vw, 500px\" \/>\n\n\n\n<p class=\"gb-text\">Als erste asiatische Niederlassung der bhv Verlag GmbH wahrt Taiwan Dezhi Information Technology Co., Ltd. einen strengen Grundsatz des Datenschutzes und bietet Cybersicherheits- und Antivirensoftwarel\u00f6sungen an, die h\u00f6chsten internationalen Standards wie der DSGVO entsprechen.<br>Durch Marktanalysen und Lokalisierungsforschung stellen wir kontinuierlich L\u00f6sungen vor, die hohe Qualit\u00e4t mit interkultureller Benutzerfreundlichkeit verbinden und es den Nutzern erm\u00f6glichen, ihre digitalen Assets intelligenter zu sch\u00fctzen.<\/p>\n<\/div>\n\n\n\n<div>\n<img loading=\"lazy\" decoding=\"async\" width=\"500\" height=\"500\" class=\"gb-media-9e97e997\" alt=\"Bitdefender - Portfolio - Logo\" title=\"bitdefender-portfolio-logo-500x500\" src=\"https:\/\/bhv.de\/wp-content\/uploads\/2026\/04\/bitdefender-portfolio-logo-500x500-1.png\" srcset=\"https:\/\/bhv.de\/wp-content\/uploads\/2026\/04\/bitdefender-portfolio-logo-500x500-1.png 500w, https:\/\/bhv.de\/wp-content\/uploads\/2026\/04\/bitdefender-portfolio-logo-500x500-1-300x300.png 300w, https:\/\/bhv.de\/wp-content\/uploads\/2026\/04\/bitdefender-portfolio-logo-500x500-1-150x150.png 150w, https:\/\/bhv.de\/wp-content\/uploads\/2026\/04\/bitdefender-portfolio-logo-500x500-1-100x100.png 100w\" sizes=\"auto, (max-width: 500px) 100vw, 500px\" \/>\n\n\n\n<p class=\"gb-text\">In mehr als 170 L\u00e4ndern vertrauen t\u00e4glich Millionen von Anwendern auf die ausgezeichneten Produkte von Bitdefender, die h\u00f6chste Performance mit intuitiver Bedienung und stetiger Innovationskraft verkn\u00fcpfen. Das Engagement des Unternehmens geht dabei weit \u00fcber reine Software-Entwicklung hinaus. Bitdefender kooperiert eng mit internationalen Ermittlungsbeh\u00f6rden, um kriminelle Netzwerke auszuheben, proaktiv neue Gefahren aufzusp\u00fcren und das digitale Leben f\u00fcr die Allgemeinheit dauerhaft sicherer zu gestalten.<\/p>\n<\/div>\n<\/div>\n<\/div>","protected":false},"excerpt":{"rendered":"<p>Die Hersteller im \u00dcberblick Quant2Cipher bietet Ihnen maximale Sicherheit und vollst\u00e4ndige Kontrolle f\u00fcr Ihre sensiblen Daten in der Cloud. Mit einem klaren Fokus auf zukunftsweisende, quantensichere Verschl\u00fcsselung sch\u00fctzt die Plattform Ihre Informationen schon heute vor den technologischen Bedrohungen von morgen. Durch diese innovative Architektur wird sichergestellt, dass Vertraulichkeit und Verf\u00fcgbarkeit stets auf h\u00f6chstem Niveau bleiben. &#8230; <a title=\"Portfolio\" class=\"read-more\" href=\"https:\/\/bhv.de\/en\/portfolio\/\" aria-label=\"Read more about Portfolio\">Read more<\/a><\/p>","protected":false},"author":1,"featured_media":0,"parent":0,"menu_order":0,"comment_status":"closed","ping_status":"closed","template":"","meta":{"footnotes":""},"class_list":["post-1337","page","type-page","status-publish"],"yoast_head":"<!-- This site is optimized with the Yoast SEO plugin v27.5 - https:\/\/yoast.com\/product\/yoast-seo-wordpress\/ -->\n<title>Portfolio - bhv Verlag GmbH<\/title>\n<meta name=\"robots\" content=\"index, follow, max-snippet:-1, max-image-preview:large, max-video-preview:-1\" \/>\n<link rel=\"canonical\" href=\"https:\/\/bhv.de\/en\/de\/portfolio\/\" \/>\n<meta property=\"og:locale\" content=\"en_GB\" \/>\n<meta property=\"og:type\" content=\"article\" \/>\n<meta property=\"og:title\" content=\"Portfolio - bhv Verlag GmbH\" \/>\n<meta property=\"og:description\" content=\"Die Hersteller im \u00dcberblick Quant2Cipher bietet Ihnen maximale Sicherheit und vollst\u00e4ndige Kontrolle f\u00fcr Ihre sensiblen Daten in der Cloud. Mit einem klaren Fokus auf zukunftsweisende, quantensichere Verschl\u00fcsselung sch\u00fctzt die Plattform Ihre Informationen schon heute vor den technologischen Bedrohungen von morgen. Durch diese innovative Architektur wird sichergestellt, dass Vertraulichkeit und Verf\u00fcgbarkeit stets auf h\u00f6chstem Niveau bleiben. ... Read more\" \/>\n<meta property=\"og:url\" content=\"https:\/\/bhv.de\/en\/de\/portfolio\/\" \/>\n<meta property=\"og:site_name\" content=\"bhv Verlag GmbH\" \/>\n<meta property=\"article:modified_time\" content=\"2026-05-04T13:07:22+00:00\" \/>\n<meta property=\"og:image\" content=\"https:\/\/bhv.de\/wp-content\/uploads\/2026\/04\/quant2cipher-portfolio-logo-500x500-1.png\" \/>\n<meta name=\"twitter:card\" content=\"summary_large_image\" \/>\n<meta name=\"twitter:label1\" content=\"Estimated reading time\" \/>\n\t<meta name=\"twitter:data1\" content=\"2 minutes\" \/>\n<script type=\"application\/ld+json\" class=\"yoast-schema-graph\">{\"@context\":\"https:\\\/\\\/schema.org\",\"@graph\":[{\"@type\":\"WebPage\",\"@id\":\"https:\\\/\\\/bhv.de\\\/de\\\/portfolio\\\/\",\"url\":\"https:\\\/\\\/bhv.de\\\/de\\\/portfolio\\\/\",\"name\":\"Portfolio - bhv Verlag GmbH\",\"isPartOf\":{\"@id\":\"https:\\\/\\\/bhv.de\\\/#website\"},\"primaryImageOfPage\":{\"@id\":\"https:\\\/\\\/bhv.de\\\/de\\\/portfolio\\\/#primaryimage\"},\"image\":{\"@id\":\"https:\\\/\\\/bhv.de\\\/de\\\/portfolio\\\/#primaryimage\"},\"thumbnailUrl\":\"https:\\\/\\\/bhv.de\\\/wp-content\\\/uploads\\\/2026\\\/04\\\/quant2cipher-portfolio-logo-500x500-1.png\",\"datePublished\":\"2026-04-29T11:56:26+00:00\",\"dateModified\":\"2026-05-04T13:07:22+00:00\",\"breadcrumb\":{\"@id\":\"https:\\\/\\\/bhv.de\\\/de\\\/portfolio\\\/#breadcrumb\"},\"inLanguage\":\"en-GB\",\"potentialAction\":[{\"@type\":\"ReadAction\",\"target\":[\"https:\\\/\\\/bhv.de\\\/de\\\/portfolio\\\/\"]}]},{\"@type\":\"ImageObject\",\"inLanguage\":\"en-GB\",\"@id\":\"https:\\\/\\\/bhv.de\\\/de\\\/portfolio\\\/#primaryimage\",\"url\":\"https:\\\/\\\/bhv.de\\\/wp-content\\\/uploads\\\/2026\\\/04\\\/quant2cipher-portfolio-logo-500x500-1.png\",\"contentUrl\":\"https:\\\/\\\/bhv.de\\\/wp-content\\\/uploads\\\/2026\\\/04\\\/quant2cipher-portfolio-logo-500x500-1.png\"},{\"@type\":\"BreadcrumbList\",\"@id\":\"https:\\\/\\\/bhv.de\\\/de\\\/portfolio\\\/#breadcrumb\",\"itemListElement\":[{\"@type\":\"ListItem\",\"position\":1,\"name\":\"Start\",\"item\":\"https:\\\/\\\/bhv.de\\\/\"},{\"@type\":\"ListItem\",\"position\":2,\"name\":\"Portfolio\"}]},{\"@type\":\"WebSite\",\"@id\":\"https:\\\/\\\/bhv.de\\\/#website\",\"url\":\"https:\\\/\\\/bhv.de\\\/\",\"name\":\"bhv Verlag GmbH\",\"description\":\"bhv Verlag GmbH\",\"potentialAction\":[{\"@type\":\"SearchAction\",\"target\":{\"@type\":\"EntryPoint\",\"urlTemplate\":\"https:\\\/\\\/bhv.de\\\/?s={search_term_string}\"},\"query-input\":{\"@type\":\"PropertyValueSpecification\",\"valueRequired\":true,\"valueName\":\"search_term_string\"}}],\"inLanguage\":\"en-GB\"}]}<\/script>\n<!-- \/ Yoast SEO plugin. -->","yoast_head_json":{"title":"Portfolio - bhv Verlag GmbH","robots":{"index":"index","follow":"follow","max-snippet":"max-snippet:-1","max-image-preview":"max-image-preview:large","max-video-preview":"max-video-preview:-1"},"canonical":"https:\/\/bhv.de\/en\/de\/portfolio\/","og_locale":"en_GB","og_type":"article","og_title":"Portfolio - bhv Verlag GmbH","og_description":"Die Hersteller im \u00dcberblick Quant2Cipher bietet Ihnen maximale Sicherheit und vollst\u00e4ndige Kontrolle f\u00fcr Ihre sensiblen Daten in der Cloud. Mit einem klaren Fokus auf zukunftsweisende, quantensichere Verschl\u00fcsselung sch\u00fctzt die Plattform Ihre Informationen schon heute vor den technologischen Bedrohungen von morgen. Durch diese innovative Architektur wird sichergestellt, dass Vertraulichkeit und Verf\u00fcgbarkeit stets auf h\u00f6chstem Niveau bleiben. ... Read more","og_url":"https:\/\/bhv.de\/en\/de\/portfolio\/","og_site_name":"bhv Verlag GmbH","article_modified_time":"2026-05-04T13:07:22+00:00","og_image":[{"url":"https:\/\/bhv.de\/wp-content\/uploads\/2026\/04\/quant2cipher-portfolio-logo-500x500-1.png","type":"","width":"","height":""}],"twitter_card":"summary_large_image","twitter_misc":{"Estimated reading time":"2 minutes"},"schema":{"@context":"https:\/\/schema.org","@graph":[{"@type":"WebPage","@id":"https:\/\/bhv.de\/de\/portfolio\/","url":"https:\/\/bhv.de\/de\/portfolio\/","name":"Portfolio - bhv Verlag GmbH","isPartOf":{"@id":"https:\/\/bhv.de\/#website"},"primaryImageOfPage":{"@id":"https:\/\/bhv.de\/de\/portfolio\/#primaryimage"},"image":{"@id":"https:\/\/bhv.de\/de\/portfolio\/#primaryimage"},"thumbnailUrl":"https:\/\/bhv.de\/wp-content\/uploads\/2026\/04\/quant2cipher-portfolio-logo-500x500-1.png","datePublished":"2026-04-29T11:56:26+00:00","dateModified":"2026-05-04T13:07:22+00:00","breadcrumb":{"@id":"https:\/\/bhv.de\/de\/portfolio\/#breadcrumb"},"inLanguage":"en-GB","potentialAction":[{"@type":"ReadAction","target":["https:\/\/bhv.de\/de\/portfolio\/"]}]},{"@type":"ImageObject","inLanguage":"en-GB","@id":"https:\/\/bhv.de\/de\/portfolio\/#primaryimage","url":"https:\/\/bhv.de\/wp-content\/uploads\/2026\/04\/quant2cipher-portfolio-logo-500x500-1.png","contentUrl":"https:\/\/bhv.de\/wp-content\/uploads\/2026\/04\/quant2cipher-portfolio-logo-500x500-1.png"},{"@type":"BreadcrumbList","@id":"https:\/\/bhv.de\/de\/portfolio\/#breadcrumb","itemListElement":[{"@type":"ListItem","position":1,"name":"Start","item":"https:\/\/bhv.de\/"},{"@type":"ListItem","position":2,"name":"Portfolio"}]},{"@type":"WebSite","@id":"https:\/\/bhv.de\/#website","url":"https:\/\/bhv.de\/","name":"bhv Verlag GmbH","description":"bhv Verlag GmbH","potentialAction":[{"@type":"SearchAction","target":{"@type":"EntryPoint","urlTemplate":"https:\/\/bhv.de\/?s={search_term_string}"},"query-input":{"@type":"PropertyValueSpecification","valueRequired":true,"valueName":"search_term_string"}}],"inLanguage":"en-GB"}]}},"_links":{"self":[{"href":"https:\/\/bhv.de\/en\/wp-json\/wp\/v2\/pages\/1337","targetHints":{"allow":["GET"]}}],"collection":[{"href":"https:\/\/bhv.de\/en\/wp-json\/wp\/v2\/pages"}],"about":[{"href":"https:\/\/bhv.de\/en\/wp-json\/wp\/v2\/types\/page"}],"author":[{"embeddable":true,"href":"https:\/\/bhv.de\/en\/wp-json\/wp\/v2\/users\/1"}],"replies":[{"embeddable":true,"href":"https:\/\/bhv.de\/en\/wp-json\/wp\/v2\/comments?post=1337"}],"version-history":[{"count":7,"href":"https:\/\/bhv.de\/en\/wp-json\/wp\/v2\/pages\/1337\/revisions"}],"predecessor-version":[{"id":1551,"href":"https:\/\/bhv.de\/en\/wp-json\/wp\/v2\/pages\/1337\/revisions\/1551"}],"wp:attachment":[{"href":"https:\/\/bhv.de\/en\/wp-json\/wp\/v2\/media?parent=1337"}],"curies":[{"name":"wp","href":"https:\/\/api.w.org\/{rel}","templated":true}]}}