{"id":3,"date":"2026-03-18T16:41:21","date_gmt":"2026-03-18T15:41:21","guid":{"rendered":"http:\/\/bhv.de\/?page_id=3"},"modified":"2026-05-04T14:32:44","modified_gmt":"2026-05-04T12:32:44","slug":"datenschutzerklaerung","status":"publish","type":"page","link":"https:\/\/bhv.de\/en\/datenschutzerklaerung\/","title":{"rendered":"Privacy Policy"},"content":{"rendered":"<div class=\"gb-element-e02c9e34\">\n<h2 class=\"gb-text gb-text-18dd078f\">Privacy Policy<\/h2>\n<\/div>\n\n\n\n<div>\n<h3 class=\"gb-text\"><strong>1. Verantwortlicher<\/strong><\/h3>\n\n\n\n<p class=\"gb-text\">Verantwortlicher im Sinne der Datenschutz-Grundverordnung (DSGVO) und anderer nationaler Datenschutzgesetze sowie sonstiger datenschutzrechtlicher Bestimmungen ist:<br><br><strong>bhv Verlag GmbH<\/strong><br>Langenhecke 17<br>53902 Bad M\u00fcnstereifel<br>Deutschland<br>Telefon: +49 (0)2253 \u2013 92822 25<br>E-Mail: info@bhv.de<br>Website: www.bhv.de<br><br>Gesch\u00e4ftsf\u00fchrer und Datenschutzbeauftragter: Dieter Dedeke<\/p>\n\n\n\n<h3 class=\"gb-text\">2. <strong>Allgemeines zur Datenverarbeitung<\/strong><\/h3>\n\n\n\n<p class=\"gb-text\"><strong>Umfang der Verarbeitung personenbezogener Daten<\/strong><br>Wir verarbeiten personenbezogene Daten unserer Nutzer grunds\u00e4tzlich nur, soweit dies zur Bereitstellung einer funktionsf\u00e4higen Website sowie unserer Inhalte und Leistungen erforderlich ist. Die Verarbeitung personenbezogener Daten erfolgt regelm\u00e4\u00dfig nur nach Einwilligung des Nutzers. Eine Ausnahme gilt in solchen F\u00e4llen, in denen eine vorherige Einholung einer Einwilligung aus tats\u00e4chlichen Gr\u00fcnden nicht m\u00f6glich ist und die Verarbeitung der Daten durch gesetzliche Vorschriften gestattet ist.<\/p>\n\n\n\n<p class=\"gb-text\"><strong>Rechtsgrundlagen der Verarbeitung<\/strong><br>Soweit wir f\u00fcr Verarbeitungsvorg\u00e4nge personenbezogener Daten eine Einwilligung der betroffenen Person einholen, dient Art. 6 Abs. 1 lit. a DSGVO als Rechtsgrundlage. Bei der Verarbeitung von personenbezogenen Daten, die zur Erf\u00fcllung eines Vertrages erforderlich ist, dient Art. 6 Abs. 1 lit. b DSGVO als Rechtsgrundlage. Soweit eine Verarbeitung zur Wahrung eines berechtigten Interesses unseres Unternehmens oder eines Dritten erforderlich ist und die Interessen, Grundrechte und Grundfreiheiten des Betroffenen das erstgenannte Interesse nicht \u00fcberwiegen, dient Art. 6 Abs. 1 lit. f DSGVO als Rechtsgrundlage.<\/p>\n\n\n\n<p class=\"gb-text\"><strong>Datenl\u00f6schung und Speicherdauer<\/strong><br>Die personenbezogenen Daten der betroffenen Person werden gel\u00f6scht oder gesperrt, sobald der Zweck der Speicherung entf\u00e4llt. Eine Speicherung kann dar\u00fcber hinaus dann erfolgen, wenn dies durch den europ\u00e4ischen oder nationalen Gesetzgeber in unionsrechtlichen Verordnungen, Gesetzen oder sonstigen Vorschriften, denen der Verantwortliche unterliegt, vorgesehen wurde. Eine Sperrung oder L\u00f6schung der Daten erfolgt auch dann, wenn eine durch die genannten Normen vorgeschriebene Speicherfrist abl\u00e4uft, es sei denn, dass eine Erforderlichkeit zur weiteren Speicherung der Daten f\u00fcr einen Vertragsabschluss oder eine Vertragserf\u00fcllung besteht.<\/p>\n\n\n\n<h3 class=\"gb-text\">3. Hosting<\/h3>\n\n\n\n<p class=\"gb-text\">Diese Website wird auf Servern der Hetzner Online GmbH, Industriestr. 25, 91710 Gunzenhausen, Deutschland, gehostet. Die Server befinden sich ausschlie\u00dflich in Deutschland. Hetzner Online GmbH ist unser Auftragsverarbeiter gem\u00e4\u00df Art. 28 DSGVO. Ein Auftragsverarbeitungsvertrag (AVV) wurde mit dem Hoster abgeschlossen.<\/p>\n\n\n\n<p class=\"gb-text\"><strong>Server-Logfiles<\/strong><br>Der Hosting-Anbieter erhebt und speichert automatisch Informationen in sogenannten Server-Logfiles, die Ihr Browser automatisch an uns \u00fcbermittelt. Dies sind:<\/p>\n\n\n\n<ul class=\"wp-block-list\">\n<li>Browsertyp und Browserversion<\/li>\n\n\n\n<li>Verwendetes Betriebssystem<\/li>\n\n\n\n<li>Referrer URL<\/li>\n\n\n\n<li>Hostname des zugreifenden Rechners<\/li>\n\n\n\n<li>Uhrzeit der Serveranfrage<\/li>\n\n\n\n<li>IP-Adresse<\/li>\n<\/ul>\n\n\n\n<p class=\"gb-text\">Eine Zusammenf\u00fchrung dieser Daten mit anderen Datenquellen wird nicht vorgenommen. Die Erfassung dieser Daten erfolgt auf Grundlage von Art. 6 Abs. 1 lit. f DSGVO. Der Websitebetreiber hat ein berechtigtes Interesse an der technisch fehlerfreien Darstellung und der Optimierung seiner Website \u2013 hierzu m\u00fcssen die Server-Logfiles erfasst werden. Die Logfiles werden nach sp\u00e4testens 14 Tagen automatisch gel\u00f6scht.<\/p>\n\n\n\n<h3 class=\"gb-text\">4. Datenschutz bei Kontaktaufnahme per E-Mail oder Telefon<\/h3>\n\n\n\n<p class=\"gb-text\">Auf unserer Website sind anklickbare E-Mail-Adressen und Telefonnummern angegeben. Wenn Sie uns per E-Mail oder Telefon kontaktieren, werden Ihre \u00fcbermittelten Daten einschlie\u00dflich Ihres Namens, Ihrer E-Mail-Adresse, Ihrer Telefonnummer und des Inhalts Ihrer Anfrage zum Zweck der Bearbeitung der Anfrage und f\u00fcr den Fall von Anschlussfragen bei uns gespeichert.<\/p>\n\n\n\n<p class=\"gb-text\">Diese Daten geben wir nicht ohne Ihre Einwilligung weiter. Die Verarbeitung dieser Daten erfolgt auf Grundlage von Art. 6 Abs. 1 lit. f DSGVO. Der Websitebetreiber hat ein berechtigtes Interesse an der effektiven Bearbeitung der an ihn gerichteten Anfragen. Sofern Ihre Anfrage auf den Abschluss eines Vertrages abzielt, ist zus\u00e4tzliche Rechtsgrundlage f\u00fcr die Verarbeitung Art. 6 Abs. 1 lit. b DSGVO.<\/p>\n\n\n\n<p class=\"gb-text\">Die von Ihnen \u00fcbermittelten Daten verbleiben bei uns, bis Sie uns zur L\u00f6schung auffordern, Ihre Einwilligung zur Speicherung widerrufen oder der Zweck f\u00fcr die Datenspeicherung entf\u00e4llt (z. B. nach abgeschlossener Bearbeitung Ihrer Anfrage). Zwingende gesetzliche Bestimmungen \u2013 insbesondere gesetzliche Aufbewahrungsfristen \u2013 bleiben unber\u00fchrt.<\/p>\n\n\n\n<h3 class=\"gb-text\">5. Produktkatalog (WooCommerce)<\/h3>\n\n\n\n<p class=\"gb-text\">Diese Website verwendet WooCommerce, ein Plugin der Automattic Inc., 60 29th Street #343, San Francisco, CA 94110, USA. WooCommerce wird auf dieser Website ausschlie\u00dflich als Produktkatalog betrieben. Eine Bestellfunktion, ein Kundenkonto oder eine Erfassung von personenbezogenen Daten \u00fcber den Katalog findet nicht statt. Es werden durch den Katalogbetrieb keine personenbezogenen Daten verarbeitet.<\/p>\n\n\n\n<h3 class=\"gb-text\">6. PDF-Downloads<\/h3>\n\n\n\n<p class=\"gb-text\">Auf unserer Website stehen PDF-Dokumente (z. B. Produktinformationen, Anleitungen) zum Download bereit. Beim Herunterladen dieser Dateien werden durch uns keine personenbezogenen Daten erhoben oder gespeichert. Technisch bedingt kann der Hoster (Hetzner Online GmbH) den Download in seinen Server-Logfiles protokollieren (vgl. Abschnitt 3).<\/p>\n\n\n\n<h3 class=\"gb-text\">7. Lizenz-Berater &#8211; Datenschutz<\/h3>\n\n\n\n<p class=\"gb-text\">Unsere Website enth\u00e4lt einen interaktiven Lizenz-Berater. Dieser wird vollst\u00e4ndig im Browser des Nutzers (clientseitig) ausgef\u00fchrt. Es findet keine \u00dcbertragung von Daten an unsere Server oder an externe Dienste statt. Es werden keine personenbezogenen Daten erfasst, gespeichert oder verarbeitet.<\/p>\n\n\n\n<p class=\"gb-text\"><strong>Speichern als PDF \/ Drucken<\/strong><br>Die im Lizenz-Berater erstellte Einkaufsliste kann \u00fcber die systemeigene Druckfunktion des Browsers als PDF gespeichert oder gedruckt werden. Dieser Vorgang liegt vollst\u00e4ndig in der Verantwortung des Nutzers und seines Betriebssystems. Wir erhalten dabei keine Daten.<\/p>\n\n\n\n<p class=\"gb-text\"><strong>Teilen per E-Mail<\/strong><br>\u00dcber einen mailto:-Link kann die Einkaufsliste per E-Mail geteilt werden. Dabei wird das auf dem Ger\u00e4t des Nutzers installierte Standard-E-Mail-Programm ge\u00f6ffnet. Die Verarbeitung der E-Mail-Daten erfolgt ausschlie\u00dflich durch den Nutzer und sein E-Mail-Programm. Wir erhalten dabei keine Daten.<\/p>\n\n\n\n<p class=\"gb-text\"><strong>Teilen per WhatsApp<\/strong><br>\u00dcber einen wa.me\/-Link kann die Einkaufsliste per WhatsApp geteilt werden. Durch das Anklicken dieses Links wird die WhatsApp-Anwendung auf dem Ger\u00e4t des Nutzers ge\u00f6ffnet. Dabei k\u00f6nnen Daten an WhatsApp (Meta Platforms Ireland Limited, 4 Grand Canal Square, Grand Canal Harbour, Dublin 2, Irland) \u00fcbertragen werden. Wir haben keinen Einfluss auf diese Daten\u00fcbertragung und erhalten dabei keine Daten. Informationen zum Datenschutz bei WhatsApp finden Sie unter: https:\/\/www.whatsapp.com\/legal\/privacy-policy-eea<\/p>\n\n\n\n<h3 class=\"gb-text\">8. YouTube-Videos (datenschutzfreundlicher Modus)<\/h3>\n\n\n\n<p class=\"gb-text\">Auf unserer Website sind Videos der YouTube LLC, 901 Cherry Ave., San Bruno, CA 94066, USA, einem Tochterunternehmen der Google LLC, 1600 Amphitheatre Parkway, Mountain View, CA 94043, USA, eingebunden. Alle YouTube-Videos werden ausschlie\u00dflich im <strong>datenschutzfreundlichen Modus<\/strong> \u00fcber die Domain youtube-nocookie.com eingebunden. Dadurch setzt YouTube laut eigenen Angaben keine Cookies, solange das Video nicht abgespielt wird.<\/p>\n\n\n\n<p class=\"gb-text\">Sobald Sie ein YouTube-Video auf unserer Website starten, wird eine Verbindung zu den Servern von YouTube hergestellt. Dabei wird dem YouTube-Server mitgeteilt, welche unserer Seiten Sie besucht haben. Wenn Sie in Ihrem YouTube-Account eingeloggt sind, erm\u00f6glichen Sie YouTube, Ihr Surfverhalten direkt Ihrem pers\u00f6nlichen Profil zuzuordnen. Dies k\u00f6nnen Sie verhindern, indem Sie sich aus Ihrem YouTube-Account ausloggen.<\/p>\n\n\n\n<p class=\"gb-text\">Die Nutzung von YouTube erfolgt auf Grundlage unseres berechtigten Interesses an einer ansprechenden Darstellung unserer Online-Angebote gem\u00e4\u00df Art. 6 Abs. 1 lit. f DSGVO. Soweit eine entsprechende Einwilligung abgefragt wurde, erfolgt die Verarbeitung ausschlie\u00dflich auf Grundlage von Art. 6 Abs. 1 lit. a DSGVO. Weitere Informationen zum Datenschutz bei YouTube finden Sie in der Datenschutzerkl\u00e4rung von Google unter: <a href=\"https:\/\/policies.google.com\/privacy\">https:\/\/policies.google.com\/privacy<\/a><\/p>\n\n\n\n<h3 class=\"gb-text\">9. RSS-Feed des BSI (CERT-Bund)<\/h3>\n\n\n\n<p class=\"gb-text\">Auf dieser Website werden in einem Widget der rechten Seitenleiste automatisiert Sicherheitshinweise aus dem RSS-Feed des Bundesamts f\u00fcr Sicherheit in der Informationstechnik (BSI), Godesberger Allee 185\u2013189, 53175 Bonn, eingebunden (https:\/\/wid.cert-bund.de\/content\/public\/securityAdvisory\/rss).<\/p>\n\n\n\n<p class=\"gb-text\">Beim Laden dieser Seite stellt Ihr Browser automatisch eine Verbindung zu den Servern des BSI her, um den aktuellen RSS-Feed abzurufen. Dabei wird technisch bedingt Ihre IP-Adresse an den Server des BSI \u00fcbermittelt. Wir haben keinen Einfluss auf diese Daten\u00fcbertragung. Die Rechte an den eingebundenen Inhalten verbleiben beim BSI. F\u00fcr Richtigkeit, Vollst\u00e4ndigkeit und Aktualit\u00e4t der eingebundenen Meldungen wird keine Gew\u00e4hr \u00fcbernommen. Ma\u00dfgeblich sind ausschlie\u00dflich die auf der offiziellen Website des BSI ver\u00f6ffentlichten Originalinformationen.<\/p>\n\n\n\n<p class=\"gb-text\">Rechtsgrundlage f\u00fcr die Einbindung ist Art. 6 Abs. 1 lit. f DSGVO (berechtigtes Interesse an der Bereitstellung aktueller Sicherheitsinformationen f\u00fcr unsere Nutzer).<\/p>\n\n\n\n<h3 class=\"gb-text\">10. Yoast SEO<\/h3>\n\n\n\n<p class=\"gb-text\">Diese Website verwendet das Plugin Yoast SEO der Yoast BV, Don Emanuelstraat 3, 6602 GX Wijchen, Niederlande, in der kostenlosen Version. Das Plugin wird zur Suchmaschinenoptimierung dieser Website genutzt. Da kein Yoast-Konto mit der Installation verkn\u00fcpft ist und die kostenlose Version verwendet wird, findet keine \u00dcbertragung von Nutzungsdaten an Yoast statt. Eine Verarbeitung personenbezogener Daten durch dieses Plugin erfolgt nicht.<\/p>\n\n\n\n<h2 class=\"gb-text\">11. Rechte der betroffenen Person<\/h2>\n\n\n\n<p class=\"gb-text\">Sie haben gegen\u00fcber uns folgende Rechte hinsichtlich der Sie betreffenden personenbezogenen Daten:<\/p>\n\n\n\n<ul class=\"wp-block-list\">\n<li>Recht auf Auskunft (Art. 15 DSGVO)<\/li>\n\n\n\n<li>Recht auf Berichtigung (Art. 16 DSGVO)<\/li>\n\n\n\n<li>Recht auf L\u00f6schung (Art. 17 DSGVO)<\/li>\n\n\n\n<li>Recht auf Einschr\u00e4nkung der Verarbeitung (Art. 18 DSGVO) Recht auf Daten\u00fcbertragbarkeit (Art. 20 DSGVO)<\/li>\n\n\n\n<li>Recht auf Widerspruch gegen die Verarbeitung (Art. 21 DSGVO)<\/li>\n<\/ul>\n\n\n\n<p class=\"gb-text\">Sofern die Verarbeitung Ihrer personenbezogenen Daten auf Grundlage einer Einwilligung erfolgt, haben Sie das Recht, diese Einwilligung jederzeit zu widerrufen. Durch den Widerruf der Einwilligung wird die Rechtm\u00e4\u00dfigkeit der aufgrund der Einwilligung bis zum Widerruf erfolgten Verarbeitung nicht ber\u00fchrt.<\/p>\n\n\n\n<p class=\"gb-text\">Sie haben zudem das Recht, sich bei einer Datenschutz-Aufsichtsbeh\u00f6rde \u00fcber die Verarbeitung Ihrer personenbezogenen Daten durch uns zu beschweren. Die zust\u00e4ndige Aufsichtsbeh\u00f6rde f\u00fcr Nordrhein-Westfalen ist:<\/p>\n\n\n\n<p>Sie haben zudem das Recht, sich bei einer Datenschutz-Aufsichtsbeh\u00f6rde \u00fcber die Verarbeitung Ihrer personenbezogenen Daten durch uns zu beschweren. Die zust\u00e4ndige Aufsichtsbeh\u00f6rde f\u00fcr Nordrhein-Westfalen ist:<\/p>\n\n\n\n<p class=\"gb-text\"><strong>Landesbeauftragte f\u00fcr Datenschutz und Informationsfreiheit Nordrhein-Westfalen (LDI NRW)<\/strong><br>Kavalleriestra\u00dfe 2\u20134<br>40213 D\u00fcsseldorf<br>Telefon: +49 211 38424-0<br>E-Mail: poststelle@ldi.nrw.de<br>Website: https:\/\/www.ldi.nrw.de<br><\/p>\n\n\n\n<h3 class=\"gb-text\">12. Datensicherheit<\/h3>\n\n\n\n<p class=\"gb-text\">Wir verwenden innerhalb des Website-Besuchs das verbreitete SSL- bzw. TLS-Verfahren (Secure Socket Layer \/ Transport Layer Security) in Verbindung mit der jeweils h\u00f6chsten Verschl\u00fcsselungsstufe, die von Ihrem Browser unterst\u00fctzt wird. Ob eine einzelne Seite unseres Internetauftrittes verschl\u00fcsselt \u00fcbertragen wird, erkennen Sie an der Darstellung des Schl\u00fcssel- bzw. Schloss-Symbols in der Browserzeile.<\/p>\n\n\n\n<h3 class=\"gb-text\">13. Aktualit\u00e4t und \u00c4nderung dieser Datenschutzerkl\u00e4rung<\/h3>\n\n\n\n<p class=\"gb-text\">Diese Datenschutzerkl\u00e4rung ist aktuell g\u00fcltig und hat den Stand <strong>April 2026<\/strong>.<\/p>\n\n\n\n<p class=\"gb-text\">Durch die Weiterentwicklung unserer Website und Angebote dar\u00fcber oder aufgrund ge\u00e4nderter gesetzlicher bzw. beh\u00f6rdlicher Vorgaben kann es notwendig werden, diese Datenschutzerkl\u00e4rung zu \u00e4ndern. Die jeweils aktuelle Datenschutzerkl\u00e4rung kann jederzeit auf der Website unter www.bhv.de abgerufen und ausgedruckt werden.<\/p>\n<\/div>","protected":false},"excerpt":{"rendered":"<p>Datenschutzerkl\u00e4rung 1. Verantwortlicher Verantwortlicher im Sinne der Datenschutz-Grundverordnung (DSGVO) und anderer nationaler Datenschutzgesetze sowie sonstiger datenschutzrechtlicher Bestimmungen ist: bhv Verlag GmbHLangenhecke 1753902 Bad M\u00fcnstereifelDeutschlandTelefon: +49 (0)2253 \u2013 92822 25E-Mail: info@bhv.deWebsite: www.bhv.de Gesch\u00e4ftsf\u00fchrer und Datenschutzbeauftragter: Dieter Dedeke 2. Allgemeines zur Datenverarbeitung Umfang der Verarbeitung personenbezogener DatenWir verarbeiten personenbezogene Daten unserer Nutzer grunds\u00e4tzlich nur, soweit dies zur &#8230; <a title=\"Privacy Policy\" class=\"read-more\" href=\"https:\/\/bhv.de\/en\/datenschutzerklaerung\/\" aria-label=\"Read more about Datenschutzerkl\u00e4rung\">Read more<\/a><\/p>","protected":false},"author":1,"featured_media":0,"parent":0,"menu_order":0,"comment_status":"closed","ping_status":"closed","template":"","meta":{"footnotes":""},"class_list":["post-3","page","type-page","status-publish"],"yoast_head":"<!-- This site is optimized with the Yoast SEO plugin v27.5 - https:\/\/yoast.com\/product\/yoast-seo-wordpress\/ -->\n<title>Datenschutzerkl\u00e4rung - bhv Verlag GmbH<\/title>\n<meta name=\"description\" content=\"Datenschutzerkl\u00e4rung der bhv Verlag GmbH gem\u00e4\u00df DSGVO. Alle Informationen zur sicheren Datenverarbeitung f\u00fcr Endverbraucher und Firmenkunden.\" \/>\n<meta name=\"robots\" content=\"index, follow, max-snippet:-1, max-image-preview:large, max-video-preview:-1\" \/>\n<link rel=\"canonical\" href=\"https:\/\/bhv.de\/en\/de\/datenschutzerklaerung\/\" \/>\n<meta property=\"og:locale\" content=\"en_GB\" \/>\n<meta property=\"og:type\" content=\"article\" \/>\n<meta property=\"og:title\" content=\"Datenschutzerkl\u00e4rung - bhv Verlag GmbH\" \/>\n<meta property=\"og:description\" content=\"Datenschutzerkl\u00e4rung der bhv Verlag GmbH gem\u00e4\u00df DSGVO. Alle Informationen zur sicheren Datenverarbeitung f\u00fcr Endverbraucher und Firmenkunden.\" \/>\n<meta property=\"og:url\" content=\"https:\/\/bhv.de\/en\/de\/datenschutzerklaerung\/\" \/>\n<meta property=\"og:site_name\" content=\"bhv Verlag GmbH\" \/>\n<meta property=\"article:modified_time\" content=\"2026-05-04T12:32:44+00:00\" \/>\n<meta name=\"twitter:card\" content=\"summary_large_image\" \/>\n<meta name=\"twitter:label1\" content=\"Estimated reading time\" \/>\n\t<meta name=\"twitter:data1\" content=\"9 minutes\" \/>\n<script type=\"application\/ld+json\" class=\"yoast-schema-graph\">{\"@context\":\"https:\\\/\\\/schema.org\",\"@graph\":[{\"@type\":\"WebPage\",\"@id\":\"https:\\\/\\\/bhv.de\\\/de\\\/datenschutzerklaerung\\\/\",\"url\":\"https:\\\/\\\/bhv.de\\\/de\\\/datenschutzerklaerung\\\/\",\"name\":\"Datenschutzerkl\u00e4rung - bhv Verlag GmbH\",\"isPartOf\":{\"@id\":\"https:\\\/\\\/bhv.de\\\/#website\"},\"datePublished\":\"2026-03-18T15:41:21+00:00\",\"dateModified\":\"2026-05-04T12:32:44+00:00\",\"description\":\"Datenschutzerkl\u00e4rung der bhv Verlag GmbH gem\u00e4\u00df DSGVO. Alle Informationen zur sicheren Datenverarbeitung f\u00fcr Endverbraucher und Firmenkunden.\",\"breadcrumb\":{\"@id\":\"https:\\\/\\\/bhv.de\\\/de\\\/datenschutzerklaerung\\\/#breadcrumb\"},\"inLanguage\":\"en-GB\",\"potentialAction\":[{\"@type\":\"ReadAction\",\"target\":[\"https:\\\/\\\/bhv.de\\\/de\\\/datenschutzerklaerung\\\/\"]}]},{\"@type\":\"BreadcrumbList\",\"@id\":\"https:\\\/\\\/bhv.de\\\/de\\\/datenschutzerklaerung\\\/#breadcrumb\",\"itemListElement\":[{\"@type\":\"ListItem\",\"position\":1,\"name\":\"Start\",\"item\":\"https:\\\/\\\/bhv.de\\\/\"},{\"@type\":\"ListItem\",\"position\":2,\"name\":\"Datenschutzerkl\u00e4rung\"}]},{\"@type\":\"WebSite\",\"@id\":\"https:\\\/\\\/bhv.de\\\/#website\",\"url\":\"https:\\\/\\\/bhv.de\\\/\",\"name\":\"bhv Verlag GmbH\",\"description\":\"bhv Verlag GmbH\",\"potentialAction\":[{\"@type\":\"SearchAction\",\"target\":{\"@type\":\"EntryPoint\",\"urlTemplate\":\"https:\\\/\\\/bhv.de\\\/?s={search_term_string}\"},\"query-input\":{\"@type\":\"PropertyValueSpecification\",\"valueRequired\":true,\"valueName\":\"search_term_string\"}}],\"inLanguage\":\"en-GB\"}]}<\/script>\n<!-- \/ Yoast SEO plugin. -->","yoast_head_json":{"title":"Datenschutzerkl\u00e4rung - bhv Verlag GmbH","description":"Datenschutzerkl\u00e4rung der bhv Verlag GmbH gem\u00e4\u00df DSGVO. Alle Informationen zur sicheren Datenverarbeitung f\u00fcr Endverbraucher und Firmenkunden.","robots":{"index":"index","follow":"follow","max-snippet":"max-snippet:-1","max-image-preview":"max-image-preview:large","max-video-preview":"max-video-preview:-1"},"canonical":"https:\/\/bhv.de\/en\/de\/datenschutzerklaerung\/","og_locale":"en_GB","og_type":"article","og_title":"Datenschutzerkl\u00e4rung - bhv Verlag GmbH","og_description":"Datenschutzerkl\u00e4rung der bhv Verlag GmbH gem\u00e4\u00df DSGVO. Alle Informationen zur sicheren Datenverarbeitung f\u00fcr Endverbraucher und Firmenkunden.","og_url":"https:\/\/bhv.de\/en\/de\/datenschutzerklaerung\/","og_site_name":"bhv Verlag GmbH","article_modified_time":"2026-05-04T12:32:44+00:00","twitter_card":"summary_large_image","twitter_misc":{"Estimated reading time":"9 minutes"},"schema":{"@context":"https:\/\/schema.org","@graph":[{"@type":"WebPage","@id":"https:\/\/bhv.de\/de\/datenschutzerklaerung\/","url":"https:\/\/bhv.de\/de\/datenschutzerklaerung\/","name":"Datenschutzerkl\u00e4rung - bhv Verlag GmbH","isPartOf":{"@id":"https:\/\/bhv.de\/#website"},"datePublished":"2026-03-18T15:41:21+00:00","dateModified":"2026-05-04T12:32:44+00:00","description":"Datenschutzerkl\u00e4rung der bhv Verlag GmbH gem\u00e4\u00df DSGVO. Alle Informationen zur sicheren Datenverarbeitung f\u00fcr Endverbraucher und Firmenkunden.","breadcrumb":{"@id":"https:\/\/bhv.de\/de\/datenschutzerklaerung\/#breadcrumb"},"inLanguage":"en-GB","potentialAction":[{"@type":"ReadAction","target":["https:\/\/bhv.de\/de\/datenschutzerklaerung\/"]}]},{"@type":"BreadcrumbList","@id":"https:\/\/bhv.de\/de\/datenschutzerklaerung\/#breadcrumb","itemListElement":[{"@type":"ListItem","position":1,"name":"Start","item":"https:\/\/bhv.de\/"},{"@type":"ListItem","position":2,"name":"Datenschutzerkl\u00e4rung"}]},{"@type":"WebSite","@id":"https:\/\/bhv.de\/#website","url":"https:\/\/bhv.de\/","name":"bhv Verlag GmbH","description":"bhv Verlag GmbH","potentialAction":[{"@type":"SearchAction","target":{"@type":"EntryPoint","urlTemplate":"https:\/\/bhv.de\/?s={search_term_string}"},"query-input":{"@type":"PropertyValueSpecification","valueRequired":true,"valueName":"search_term_string"}}],"inLanguage":"en-GB"}]}},"_links":{"self":[{"href":"https:\/\/bhv.de\/en\/wp-json\/wp\/v2\/pages\/3","targetHints":{"allow":["GET"]}}],"collection":[{"href":"https:\/\/bhv.de\/en\/wp-json\/wp\/v2\/pages"}],"about":[{"href":"https:\/\/bhv.de\/en\/wp-json\/wp\/v2\/types\/page"}],"author":[{"embeddable":true,"href":"https:\/\/bhv.de\/en\/wp-json\/wp\/v2\/users\/1"}],"replies":[{"embeddable":true,"href":"https:\/\/bhv.de\/en\/wp-json\/wp\/v2\/comments?post=3"}],"version-history":[{"count":15,"href":"https:\/\/bhv.de\/en\/wp-json\/wp\/v2\/pages\/3\/revisions"}],"predecessor-version":[{"id":1540,"href":"https:\/\/bhv.de\/en\/wp-json\/wp\/v2\/pages\/3\/revisions\/1540"}],"wp:attachment":[{"href":"https:\/\/bhv.de\/en\/wp-json\/wp\/v2\/media?parent=3"}],"curies":[{"name":"wp","href":"https:\/\/api.w.org\/{rel}","templated":true}]}}