{"id":439,"date":"2026-04-02T14:30:24","date_gmt":"2026-04-02T12:30:24","guid":{"rendered":"http:\/\/bhv.de\/?page_id=439"},"modified":"2026-05-04T12:21:52","modified_gmt":"2026-05-04T10:21:52","slug":"bitdefender","status":"publish","type":"page","link":"https:\/\/bhv.de\/en\/bitdefender\/","title":{"rendered":"Bitdefender f\u00fcr Privatanwender: Antivirus &amp; Sicherheit"},"content":{"rendered":"<div class=\"gb-element-00d286e2\">\n<h2 class=\"gb-text gb-text-679d582d\"><strong>Bitdefender for Home Users:<br>Antivirus &amp; Security<\/strong><\/h2>\n<\/div>\n\n\n\n<div>\n<div class=\"gb-element-7e4ffccd\">\n<div>\n<figure class=\"wp-block-image size-full\"><a href=\"\/en\/product\/bitdefender-antivirus-plus\/\"><img loading=\"lazy\" decoding=\"async\" width=\"1800\" height=\"1800\" src=\"http:\/\/bhv.de\/wp-content\/uploads\/2026\/03\/BD-AV-2D.jpg\" alt=\"Bitdefender Antivirus Plus\" class=\"wp-image-55\"\/><\/a><\/figure>\n<\/div>\n\n\n\n<div>\n<figure class=\"wp-block-image size-full\"><a href=\"\/en\/product\/bitdefender-mobile-security-fuer-android\/\"><img loading=\"lazy\" decoding=\"async\" width=\"1800\" height=\"1800\" src=\"http:\/\/bhv.de\/wp-content\/uploads\/2026\/03\/BD-MS-2D.png\" alt=\"Bitdefender Mobile Security\" class=\"wp-image-43\"\/><\/a><\/figure>\n<\/div>\n\n\n\n<div>\n<figure class=\"wp-block-image size-full\"><a href=\"\/en\/product\/bitdefender-internet-security-18-monate\/\"><img loading=\"lazy\" decoding=\"async\" width=\"1800\" height=\"1800\" src=\"http:\/\/bhv.de\/wp-content\/uploads\/2026\/03\/BD-IS-2D.jpg\" alt=\"Bitdefender Internet Security\" class=\"wp-image-33\"\/><\/a><\/figure>\n<\/div>\n\n\n\n<div>\n<figure class=\"wp-block-image size-full\"><a href=\"\/en\/product\/bitdefender-total-security\/\"><img loading=\"lazy\" decoding=\"async\" width=\"1800\" height=\"1800\" src=\"http:\/\/bhv.de\/wp-content\/uploads\/2026\/03\/BD-TS-2D.png\" alt=\"Bitdefender Total Security\" class=\"wp-image-36\"\/><\/a><\/figure>\n<\/div>\n\n\n\n<div>\n<figure class=\"wp-block-image size-full\"><a href=\"\/en\/product\/bitdefender-small-office-security\/\"><img loading=\"lazy\" decoding=\"async\" width=\"1800\" height=\"1800\" src=\"http:\/\/bhv.de\/wp-content\/uploads\/2026\/03\/BD-SOS-20-2D.jpg\" alt=\"Bitdefender Small Office Security\" class=\"wp-image-68\"\/><\/a><\/figure>\n<\/div>\n<\/div>\n<\/div>\n\n\n\n<p class=\"gb-text\">In today's digital world, reliable protection for your personal data is essential. Whether you're shopping online, banking, or just browsing the web, the right cybersecurity measures will protect you from unpleasant surprises. On this page, you'll find our customized Bitdefender solutions for home users, offering the right security software for every device and need. Explore our selection and quickly discover which product best fits your digital lifestyle.<\/p>\n\n\n\n<h3 class=\"gb-text\"><strong>Basic protection for PCs and smartphones<\/strong><\/h3>\n\n\n\n<p class=\"gb-text\">If you're looking for a solid foundation for your everyday online activities, we have just the right entry-level products for you.<\/p>\n\n\n\n<ul class=\"wp-block-list\">\n<li><strong><a href=\"http:\/\/bhv.de\/en\/product\/bitdefender-antivirus-plus\/\">Bitdefender Antivirus Plus<\/a><\/strong> is the ideal basic protection for Windows users and reliably blocks viruses and ransomware.<\/li>\n\n\n\n<li><strong><a href=\"http:\/\/bhv.de\/en\/product\/bitdefender-mobile-security-fuer-android\/\">Bitdefender Mobile Security<\/a><\/strong> richtet sich an alle, die ihr Android- oder iOS-Smartphone gegen mobile Bedrohungen und Phishing-Versuche absichern m\u00f6chten.<\/li>\n<\/ul>\n\n\n\n<p class=\"gb-text\">Diese Basis-L\u00f6sungen konzentrieren sich auf das Wesentliche und bilden einen ressourcenschonenden, aber hochwirksamen Schutzschirm f\u00fcr Ihre wichtigsten Endger\u00e4te.<\/p>\n\n\n\n<h3 class=\"gb-text\"><strong>Umfassende Sicherheit f\u00fcr den gesamten Haushalt<\/strong><\/h3>\n\n\n\n<p class=\"gb-text\">F\u00fcr Familien, Haushalte mit mehreren Ger\u00e4ten oder besonders aktive Internetnutzer empfehlen wir unsere erweiterten Sicherheitspakete. Sie bieten nicht nur Schutz vor Schadsoftware, sondern wachen auch proaktiv \u00fcber Ihre Privatsph\u00e4re im Netz.<\/p>\n\n\n\n<ul class=\"wp-block-list\">\n<li><strong><a href=\"http:\/\/bhv.de\/en\/product\/bitdefender-internet-security-18-monate\/\">Bitdefender Internet Security<\/a><\/strong> liefert einen erweiterten Schutz f\u00fcr Windows-PCs und bringt zus\u00e4tzliche Sicherheitsebenen f\u00fcr unbeschwertes Surfen mit.<\/li>\n\n\n\n<li><strong><a href=\"http:\/\/bhv.de\/en\/product\/bitdefender-total-security\/\">Bitdefender Total Security<\/a><\/strong> ist das Allround-Premium-Paket, das alle Betriebssysteme abdeckt und Ihre Windows-, macOS-, iOS- und Android-Ger\u00e4te mit einer einzigen Lizenz sch\u00fctzt.<br>Mit diesen Paketen m\u00fcssen Sie sich keine Gedanken mehr \u00fcber Kompatibilit\u00e4t machen, da Sie den digitalen Alltag Ihrer gesamten Familie plattform\u00fcbergreifend absichern k\u00f6nnen.<br><\/li>\n<\/ul>\n\n\n\n<h3 class=\"gb-text\"><strong>Die perfekte L\u00f6sung f\u00fcr das Home-Office<\/strong><\/h3>\n\n\n\n<p class=\"gb-text\">Die Grenzen zwischen privater und beruflicher Nutzung verschwimmen zunehmend, weshalb Heimb\u00fcros einen besonderen Schutz ben\u00f6tigen.<\/p>\n\n\n\n<ul class=\"wp-block-list\">\n<li><strong><a href=\"\/en\/product\/bitdefender-small-office-security\/\">Bitdefender Small Office Security<\/a> <\/strong>wurde speziell f\u00fcr Freiberufler und kleine Heimb\u00fcros entwickelt, um sensible Kundendaten und gesch\u00e4ftliche Kommunikation verl\u00e4sslich abzusichern.<br>Dieses Produkt schlie\u00dft die L\u00fccke zwischen reinen Privatanwendungen und komplexen Unternehmensl\u00f6sungen. Es bietet einen robusten Schutz f\u00fcr Ihre berufliche Existenz, ohne dass Sie ein IT-Experte sein m\u00fcssen, um die Software einzurichten.<\/li>\n<\/ul>\n\n\n\n<p class=\"gb-text\">Jeder Nutzer hat ganz eigene Anforderungen an seine IT-Sicherheit. Um Ihnen die Entscheidung zu erleichtern, haben wir unsere Bitdefender-Produkte \u00fcbersichtlich in unserem Shop f\u00fcr Sie aufbereitet. Klicken Sie einfach auf das jeweilige Produkt, um direkt zur Detailseite zu gelangen. Dort finden Sie alle spezifischen Funktionen, Systemanforderungen und Lizenzmodelle ausf\u00fchrlich erkl\u00e4rt.<\/p>","protected":false},"excerpt":{"rendered":"<p>Bitdefender f\u00fcr Privatanwender:Antivirus &amp; Sicherheit In der heutigen digitalen Welt ist ein zuverl\u00e4ssiger Schutz f\u00fcr Ihre pers\u00f6nlichen Daten unverzichtbar. Egal, ob Sie online einkaufen, Bankgesch\u00e4fte erledigen oder einfach nur im Netz surfen, die richtige Cybersicherheit bewahrt Sie vor unangenehmen \u00dcberraschungen. Auf dieser Seite finden Sie unsere ma\u00dfgeschneiderten Bitdefender-L\u00f6sungen f\u00fcr Privatanwender, die f\u00fcr jedes Ger\u00e4t und &#8230; <a title=\"Bitdefender f\u00fcr Privatanwender: Antivirus &amp; Sicherheit\" class=\"read-more\" href=\"https:\/\/bhv.de\/en\/bitdefender\/\" aria-label=\"Read more about Bitdefender f\u00fcr Privatanwender: Antivirus &amp; Sicherheit\">Read more<\/a><\/p>","protected":false},"author":1,"featured_media":0,"parent":0,"menu_order":0,"comment_status":"closed","ping_status":"closed","template":"","meta":{"footnotes":""},"class_list":["post-439","page","type-page","status-publish"],"yoast_head":"<!-- This site is optimized with the Yoast SEO plugin v27.5 - https:\/\/yoast.com\/product\/yoast-seo-wordpress\/ -->\n<title>Bitdefender f\u00fcr Privatanwender: Antivirus &amp; Sicherheit - bhv Verlag GmbH<\/title>\n<meta name=\"description\" content=\"Sch\u00fctzen Sie Ihre Ger\u00e4te mit Bitdefender f\u00fcr Privatanwender. Finden Sie die passende L\u00f6sung: Von Antivirus Plus bis Total Security. Jetzt entdecken!\" \/>\n<meta name=\"robots\" content=\"index, follow, max-snippet:-1, max-image-preview:large, max-video-preview:-1\" \/>\n<link rel=\"canonical\" href=\"https:\/\/bhv.de\/en\/de\/bitdefender\/\" \/>\n<meta property=\"og:locale\" content=\"en_GB\" \/>\n<meta property=\"og:type\" content=\"article\" \/>\n<meta property=\"og:title\" content=\"Bitdefender f\u00fcr Privatanwender: Antivirus &amp; Sicherheit - bhv Verlag GmbH\" \/>\n<meta property=\"og:description\" content=\"Sch\u00fctzen Sie Ihre Ger\u00e4te mit Bitdefender f\u00fcr Privatanwender. Finden Sie die passende L\u00f6sung: Von Antivirus Plus bis Total Security. Jetzt entdecken!\" \/>\n<meta property=\"og:url\" content=\"https:\/\/bhv.de\/en\/de\/bitdefender\/\" \/>\n<meta property=\"og:site_name\" content=\"bhv Verlag GmbH\" \/>\n<meta property=\"article:modified_time\" content=\"2026-05-04T10:21:52+00:00\" \/>\n<meta property=\"og:image\" content=\"http:\/\/bhv.de\/wp-content\/uploads\/2026\/03\/BD-AV-2D.jpg\" \/>\n<meta name=\"twitter:card\" content=\"summary_large_image\" \/>\n<meta name=\"twitter:label1\" content=\"Estimated reading time\" \/>\n\t<meta name=\"twitter:data1\" content=\"4 minutes\" \/>\n<script type=\"application\/ld+json\" class=\"yoast-schema-graph\">{\"@context\":\"https:\\\/\\\/schema.org\",\"@graph\":[{\"@type\":\"WebPage\",\"@id\":\"https:\\\/\\\/bhv.de\\\/de\\\/bitdefender\\\/\",\"url\":\"https:\\\/\\\/bhv.de\\\/de\\\/bitdefender\\\/\",\"name\":\"Bitdefender f\u00fcr Privatanwender: Antivirus &amp; Sicherheit - bhv Verlag GmbH\",\"isPartOf\":{\"@id\":\"https:\\\/\\\/bhv.de\\\/#website\"},\"primaryImageOfPage\":{\"@id\":\"https:\\\/\\\/bhv.de\\\/de\\\/bitdefender\\\/#primaryimage\"},\"image\":{\"@id\":\"https:\\\/\\\/bhv.de\\\/de\\\/bitdefender\\\/#primaryimage\"},\"thumbnailUrl\":\"http:\\\/\\\/bhv.de\\\/wp-content\\\/uploads\\\/2026\\\/03\\\/BD-AV-2D.jpg\",\"datePublished\":\"2026-04-02T12:30:24+00:00\",\"dateModified\":\"2026-05-04T10:21:52+00:00\",\"description\":\"Sch\u00fctzen Sie Ihre Ger\u00e4te mit Bitdefender f\u00fcr Privatanwender. Finden Sie die passende L\u00f6sung: Von Antivirus Plus bis Total Security. Jetzt entdecken!\",\"breadcrumb\":{\"@id\":\"https:\\\/\\\/bhv.de\\\/de\\\/bitdefender\\\/#breadcrumb\"},\"inLanguage\":\"en-GB\",\"potentialAction\":[{\"@type\":\"ReadAction\",\"target\":[\"https:\\\/\\\/bhv.de\\\/de\\\/bitdefender\\\/\"]}]},{\"@type\":\"ImageObject\",\"inLanguage\":\"en-GB\",\"@id\":\"https:\\\/\\\/bhv.de\\\/de\\\/bitdefender\\\/#primaryimage\",\"url\":\"http:\\\/\\\/bhv.de\\\/wp-content\\\/uploads\\\/2026\\\/03\\\/BD-AV-2D.jpg\",\"contentUrl\":\"http:\\\/\\\/bhv.de\\\/wp-content\\\/uploads\\\/2026\\\/03\\\/BD-AV-2D.jpg\"},{\"@type\":\"BreadcrumbList\",\"@id\":\"https:\\\/\\\/bhv.de\\\/de\\\/bitdefender\\\/#breadcrumb\",\"itemListElement\":[{\"@type\":\"ListItem\",\"position\":1,\"name\":\"Start\",\"item\":\"https:\\\/\\\/bhv.de\\\/\"},{\"@type\":\"ListItem\",\"position\":2,\"name\":\"Bitdefender f\u00fcr Privatanwender: Antivirus &amp; Sicherheit\"}]},{\"@type\":\"WebSite\",\"@id\":\"https:\\\/\\\/bhv.de\\\/#website\",\"url\":\"https:\\\/\\\/bhv.de\\\/\",\"name\":\"bhv Verlag GmbH\",\"description\":\"bhv Verlag GmbH\",\"potentialAction\":[{\"@type\":\"SearchAction\",\"target\":{\"@type\":\"EntryPoint\",\"urlTemplate\":\"https:\\\/\\\/bhv.de\\\/?s={search_term_string}\"},\"query-input\":{\"@type\":\"PropertyValueSpecification\",\"valueRequired\":true,\"valueName\":\"search_term_string\"}}],\"inLanguage\":\"en-GB\"}]}<\/script>\n<!-- \/ Yoast SEO plugin. -->","yoast_head_json":{"title":"Bitdefender f\u00fcr Privatanwender: Antivirus &amp; Sicherheit - bhv Verlag GmbH","description":"Sch\u00fctzen Sie Ihre Ger\u00e4te mit Bitdefender f\u00fcr Privatanwender. Finden Sie die passende L\u00f6sung: Von Antivirus Plus bis Total Security. Jetzt entdecken!","robots":{"index":"index","follow":"follow","max-snippet":"max-snippet:-1","max-image-preview":"max-image-preview:large","max-video-preview":"max-video-preview:-1"},"canonical":"https:\/\/bhv.de\/en\/de\/bitdefender\/","og_locale":"en_GB","og_type":"article","og_title":"Bitdefender f\u00fcr Privatanwender: Antivirus &amp; Sicherheit - bhv Verlag GmbH","og_description":"Sch\u00fctzen Sie Ihre Ger\u00e4te mit Bitdefender f\u00fcr Privatanwender. Finden Sie die passende L\u00f6sung: Von Antivirus Plus bis Total Security. Jetzt entdecken!","og_url":"https:\/\/bhv.de\/en\/de\/bitdefender\/","og_site_name":"bhv Verlag GmbH","article_modified_time":"2026-05-04T10:21:52+00:00","og_image":[{"url":"http:\/\/bhv.de\/wp-content\/uploads\/2026\/03\/BD-AV-2D.jpg","type":"","width":"","height":""}],"twitter_card":"summary_large_image","twitter_misc":{"Estimated reading time":"4 minutes"},"schema":{"@context":"https:\/\/schema.org","@graph":[{"@type":"WebPage","@id":"https:\/\/bhv.de\/de\/bitdefender\/","url":"https:\/\/bhv.de\/de\/bitdefender\/","name":"Bitdefender f\u00fcr Privatanwender: Antivirus &amp; Sicherheit - bhv Verlag GmbH","isPartOf":{"@id":"https:\/\/bhv.de\/#website"},"primaryImageOfPage":{"@id":"https:\/\/bhv.de\/de\/bitdefender\/#primaryimage"},"image":{"@id":"https:\/\/bhv.de\/de\/bitdefender\/#primaryimage"},"thumbnailUrl":"http:\/\/bhv.de\/wp-content\/uploads\/2026\/03\/BD-AV-2D.jpg","datePublished":"2026-04-02T12:30:24+00:00","dateModified":"2026-05-04T10:21:52+00:00","description":"Sch\u00fctzen Sie Ihre Ger\u00e4te mit Bitdefender f\u00fcr Privatanwender. Finden Sie die passende L\u00f6sung: Von Antivirus Plus bis Total Security. Jetzt entdecken!","breadcrumb":{"@id":"https:\/\/bhv.de\/de\/bitdefender\/#breadcrumb"},"inLanguage":"en-GB","potentialAction":[{"@type":"ReadAction","target":["https:\/\/bhv.de\/de\/bitdefender\/"]}]},{"@type":"ImageObject","inLanguage":"en-GB","@id":"https:\/\/bhv.de\/de\/bitdefender\/#primaryimage","url":"http:\/\/bhv.de\/wp-content\/uploads\/2026\/03\/BD-AV-2D.jpg","contentUrl":"http:\/\/bhv.de\/wp-content\/uploads\/2026\/03\/BD-AV-2D.jpg"},{"@type":"BreadcrumbList","@id":"https:\/\/bhv.de\/de\/bitdefender\/#breadcrumb","itemListElement":[{"@type":"ListItem","position":1,"name":"Start","item":"https:\/\/bhv.de\/"},{"@type":"ListItem","position":2,"name":"Bitdefender f\u00fcr Privatanwender: Antivirus &amp; Sicherheit"}]},{"@type":"WebSite","@id":"https:\/\/bhv.de\/#website","url":"https:\/\/bhv.de\/","name":"bhv Verlag GmbH","description":"bhv Verlag GmbH","potentialAction":[{"@type":"SearchAction","target":{"@type":"EntryPoint","urlTemplate":"https:\/\/bhv.de\/?s={search_term_string}"},"query-input":{"@type":"PropertyValueSpecification","valueRequired":true,"valueName":"search_term_string"}}],"inLanguage":"en-GB"}]}},"_links":{"self":[{"href":"https:\/\/bhv.de\/en\/wp-json\/wp\/v2\/pages\/439","targetHints":{"allow":["GET"]}}],"collection":[{"href":"https:\/\/bhv.de\/en\/wp-json\/wp\/v2\/pages"}],"about":[{"href":"https:\/\/bhv.de\/en\/wp-json\/wp\/v2\/types\/page"}],"author":[{"embeddable":true,"href":"https:\/\/bhv.de\/en\/wp-json\/wp\/v2\/users\/1"}],"replies":[{"embeddable":true,"href":"https:\/\/bhv.de\/en\/wp-json\/wp\/v2\/comments?post=439"}],"version-history":[{"count":10,"href":"https:\/\/bhv.de\/en\/wp-json\/wp\/v2\/pages\/439\/revisions"}],"predecessor-version":[{"id":1516,"href":"https:\/\/bhv.de\/en\/wp-json\/wp\/v2\/pages\/439\/revisions\/1516"}],"wp:attachment":[{"href":"https:\/\/bhv.de\/en\/wp-json\/wp\/v2\/media?parent=439"}],"curies":[{"name":"wp","href":"https:\/\/api.w.org\/{rel}","templated":true}]}}