{"id":602,"date":"2026-04-10T16:27:36","date_gmt":"2026-04-10T14:27:36","guid":{"rendered":"http:\/\/bhv.de\/?page_id=602"},"modified":"2026-05-04T13:14:46","modified_gmt":"2026-05-04T11:14:46","slug":"bitdefender-auszeichnungen","status":"publish","type":"page","link":"https:\/\/bhv.de\/en\/bitdefender-auszeichnungen\/","title":{"rendered":"Bitdefender &#8211; Auszeichnungen"},"content":{"rendered":"<div class=\"gb-element-9a5dbb2e\">\n<h2 class=\"gb-text gb-text-e5eaced5\"><strong>Bitdefender &#8211; Auszeichnungen<\/strong><\/h2>\n<\/div>\n\n\n\n<div>\n<p class=\"gb-text\">Bitdefender bietet erstklassige Sicherheitsl\u00f6sungen f\u00fcr Privat- und Unternehmensanwender. Daf\u00fcr erh\u00e4lt das Unternehmen seit vierzehn Jahren (2013\u20132026) fortlaufend branchenf\u00fchrende Auszeichnungen. Renommierte Testinstitute und Computermagazine best\u00e4tigen diese hohe Qualit\u00e4t.<\/p>\n\n\n\n<h3 class=\"gb-text\"><strong>AV-TEST<\/strong><\/h3>\n\n\n\n<figure class=\"wp-block-image size-full is-resized\"><a href=\"https:\/\/www.av-test.org\/de\/\"><img loading=\"lazy\" decoding=\"async\" width=\"1000\" height=\"395\" src=\"http:\/\/bhv.de\/wp-content\/uploads\/2026\/04\/av-test-logo-2.png\" alt=\"AV Test - Logo\" class=\"wp-image-638\" style=\"aspect-ratio:2.5316456173261455;object-fit:cover;width:200px\"\/><\/a><\/figure>\n\n\n\n<p class=\"gb-text\">Das AV-TEST-Institut pr\u00e4miert Bitdefender seit Jahren kontinuierlich f\u00fcr seine herausragenden Leistungen. Im Jahr 2026 zeichnete das Institut Bitdefender Total Security wieder als Top-Produkt aus.<\/p>\n\n\n\n<p class=\"gb-text\">Davor erhielt Bitdefender f\u00fcr das Jahr 2024 sechs Awards. Dazu z\u00e4hlte der beste Schutz f\u00fcr Privat- und Unternehmensanwender. Auch f\u00fcr Android und macOS gab es Preise f\u00fcr die beste Sicherheit. \u00c4hnliche Erfolge verzeichnete Bitdefender bereits 2023 mit sechs Preisen. Im Jahr 2020 gewannen zudem \u201eInternet Security\u201c und \u201eEndpoint Security\u201c weitere Auszeichnungen. Sie \u00fcberzeugten in den Kategorien Schutz und Android-Sicherheit.<\/p>\n\n\n\n<p class=\"gb-text\">Bereits 2018 gewann Bitdefender alle drei Top-Auszeichnungen des Instituts: \u201eBest Protection\u201c, \u201eBest Performance\u201c und \u201eBest Repair\u201c. Auch 2016 sicherte sich die Software den Award f\u00fcr \u201eBest Performance\u201c.<\/p>\n\n\n\n<p class=\"gb-text\"><strong>Eine \u00dcbersicht aller Auszeichnungen von AV-TEST f\u00fcr die Heimanwender-Produkte finden Sie hier:<\/strong><br><a href=\"https:\/\/www.av-test.org\/de\/antivirus\/privat-windows\/hersteller\/bitdefender\/\"><strong>https:\/\/www.av-test.org\/de\/antivirus\/privat-windows\/hersteller\/bitdefender\/<\/strong><\/a><\/p>\n\n\n\n<h3 class=\"gb-text\"><strong>Stiftung Warentest<\/strong><\/h3>\n\n\n\n<figure class=\"wp-block-image size-full is-resized\"><a href=\"https:\/\/www.test.de\/\"><img loading=\"lazy\" decoding=\"async\" width=\"432\" height=\"117\" src=\"http:\/\/bhv.de\/wp-content\/uploads\/2026\/04\/Stiftung-Warentest.png\" alt=\"Stiftung Warentest - Logo\" class=\"wp-image-639\" style=\"width:200px\"\/><\/a><\/figure>\n\n\n\n<p class=\"gb-text\">Die Stiftung Warentest ist eine bekannte und unabh\u00e4ngige deutsche Verbraucherorganisation. Sie pr\u00fcft Antivirensoftware in regelm\u00e4\u00dfigen Abst\u00e4nden umfassend. In j\u00e4hrlichen Vergleichstests untersuchen die Experten Sicherheitsl\u00f6sungen verschiedener Hersteller genau. Wichtige Kriterien sind dabei Schutzwirkung, Handhabung und Rechnerbelastung. Bitdefender nimmt an diesen strengen Pr\u00fcfungen seit vielen Jahren teil. Die Software platziert sich dabei regelm\u00e4\u00dfig in der Spitzengruppe.<\/p>\n\n\n\n<p class=\"gb-text\">Die Produkte von Bitdefender erhalten best\u00e4ndig das Qualit\u00e4tsurteil \u201eGut\u201c. Die Tester k\u00fcren die Software h\u00e4ufig zum Testsieger oder zur Top-L\u00f6sung f\u00fcr Privatanwender. Sie loben besonders die hohe Zuverl\u00e4ssigkeit bei der Erkennung von Schadsoftware. Auch der weitreichende Schutz vor Phishing-Angriffen erzielt wiederholt positive Bewertungen.<\/p>\n\n\n\n<p class=\"gb-text\"><strong>Alle aktuellen und vergangenen Testergebnisse zu den Programmen von Bitdefender finden Sie hier:<\/strong><br><a href=\"https:\/\/www.test.de\/Antivirenprogramme-im-Test-4993310-tabelle\/anbieter\/Bitdefender\/\"><strong>https:\/\/www.test.de\/Antivirenprogramme-im-Test-4993310-tabelle\/anbieter\/Bitdefender\/<\/strong><\/a><\/p>\n\n\n\n<h3 class=\"gb-text\"><strong>PC Mag<\/strong><\/h3>\n\n\n\n<figure class=\"wp-block-image size-full is-resized\"><a href=\"https:\/\/www.pcmag.com\/picks\/the-best-antivirus-protection\"><img loading=\"lazy\" decoding=\"async\" width=\"500\" height=\"602\" src=\"http:\/\/bhv.de\/wp-content\/uploads\/2026\/04\/PCMag_logo-500x602-1.png\" alt=\"PCMag - Logo\" class=\"wp-image-640\" style=\"aspect-ratio:0.8305959405464322;width:114px;height:auto\"\/><\/a><\/figure>\n\n\n\n<p class=\"gb-text\">Das renommierte englischsprachige IT-Fachmagazin PCMag testet kontinuierlich Cybersicherheitsl\u00f6sungen. Die Experten der Redaktion verlassen sich dabei nicht nur auf Labordaten. Sie unterziehen die Antivirenprogramme eigenen, strengen Praxistests. Diese decken den Schutz vor Malware, Ransomware und Phishing ab. Die Redaktion misst dabei auch genau die Systembelastung. Bei diesen \u00dcberpr\u00fcfungen z\u00e4hlt Bitdefender seit Jahren zu den besten Herstellern.<\/p>\n\n\n\n<p class=\"gb-text\">Die Sicherheitsl\u00f6sungen gewannen in der Vergangenheit vielfach den \u201eEditors\u2018 Choice\u201c Award. Dies ist die begehrte Empfehlung der Redaktion. Die Tester loben regelm\u00e4\u00dfig die herausragenden Erkennungsraten bei Schadsoftware. Auch der umfassende Funktionsumfang der Software-Pakete \u00fcberzeugt die Experten sehr. Die benutzerfreundliche Bedienoberfl\u00e4che eignet sich f\u00fcr Heimanwender und Profis gleicherma\u00dfen.<\/p>\n\n\n\n<p class=\"gb-text\"><strong>Die ausf\u00fchrlichen Testberichte, Bewertungen und Auszeichnungen finden Sie unter dem folgenden Link:<\/strong><br><a href=\"https:\/\/www.pcmag.com\/brands\/bitdefender\"><strong>https:\/\/www.pcmag.com\/brands\/bitdefender<\/strong><\/a><\/p>\n\n\n\n<h3 class=\"gb-text\"><strong>IMTEST<\/strong><\/h3>\n\n\n\n<figure class=\"wp-block-image size-full is-resized\"><a href=\"https:\/\/www.imtest.de\/\"><img loading=\"lazy\" decoding=\"async\" width=\"1024\" height=\"313\" src=\"http:\/\/bhv.de\/wp-content\/uploads\/2026\/04\/imtest-logo-1024x313-1.png\" alt=\"imtest-logo\" class=\"wp-image-713\" style=\"aspect-ratio:3.2714941949635583;width:202px;height:auto\"\/><\/a><\/figure>\n\n\n\n<p class=\"gb-text\">Das gro\u00dfe deutsche Verbraucherportal IMTEST.de pr\u00fcft kontinuierlich aktuelle Cybersicherheitsl\u00f6sungen und verl\u00e4sst sich dabei nicht auf blo\u00dfe Theoriewerte. Die Experten der Redaktion unterziehen die Antivirenprogramme stattdessen eigenen, strengen Praxistests unter realen Alltagsbedingungen. Diese Analysen decken den Schutz vor Malware, Ransomware und Phishing ab, wobei auch die Systembelastung genau gemessen wird. Bei diesen umfassenden \u00dcberpr\u00fcfungen z\u00e4hlt Bitdefender seit Jahren zu den besten Anbietern auf dem Markt.<\/p>\n\n\n\n<p class=\"gb-text\">Die Sicherheitsl\u00f6sungen sicherten sich in der Vergangenheit vielfach das begehrte Pr\u00e4dikat \u201eTestsieger\u201c, welches die h\u00f6chste Auszeichnung der Redaktion darstellt. Die Tester loben dabei regelm\u00e4\u00dfig die herausragenden Erkennungsraten bei unterschiedlichster Schadsoftware. Auch der alltagstaugliche Funktionsumfang der Software-Pakete von Bitdefender \u00fcberzeugt die Experten von IMTEST sehr. Die leicht verst\u00e4ndliche Bedienoberfl\u00e4che eignet sich perfekt f\u00fcr Heimanwender und Einsteiger gleicherma\u00dfen.<\/p>\n\n\n\n<p class=\"gb-text\"><strong>Die Testberichte finden Sie unter dem folgenden Link: <br><a href=\"https:\/\/www.imtest.de\/tech-elektronik\/antivirenprogramme-test-2026-sieger-software-antiviren\/469440\">https:\/\/www.imtest.de\/tech-elektronik\/antivirenprogramme-test-2026-sieger-software-antiviren\/469440<\/a><\/strong><\/p>\n<\/div>\n\n\n\n<p><\/p>","protected":false},"excerpt":{"rendered":"<p>Bitdefender &#8211; Auszeichnungen Bitdefender bietet erstklassige Sicherheitsl\u00f6sungen f\u00fcr Privat- und Unternehmensanwender. Daf\u00fcr erh\u00e4lt das Unternehmen seit vierzehn Jahren (2013\u20132026) fortlaufend branchenf\u00fchrende Auszeichnungen. Renommierte Testinstitute und Computermagazine best\u00e4tigen diese hohe Qualit\u00e4t. AV-TEST Das AV-TEST-Institut pr\u00e4miert Bitdefender seit Jahren kontinuierlich f\u00fcr seine herausragenden Leistungen. Im Jahr 2026 zeichnete das Institut Bitdefender Total Security wieder als Top-Produkt aus. &#8230; <a title=\"Bitdefender &#8211; Auszeichnungen\" class=\"read-more\" href=\"https:\/\/bhv.de\/en\/bitdefender-auszeichnungen\/\" aria-label=\"Read more about Bitdefender &#8211; Auszeichnungen\">Read more<\/a><\/p>","protected":false},"author":1,"featured_media":0,"parent":0,"menu_order":0,"comment_status":"closed","ping_status":"closed","template":"","meta":{"footnotes":""},"class_list":["post-602","page","type-page","status-publish"],"yoast_head":"<!-- This site is optimized with the Yoast SEO plugin v27.5 - https:\/\/yoast.com\/product\/yoast-seo-wordpress\/ -->\n<title>Bitdefender - Auszeichnungen - bhv Verlag GmbH<\/title>\n<meta name=\"description\" content=\"Auszeichnungen f\u00fcr Bitdefender: Lesen Sie, warum Stiftung Warentest, AV-TEST und PCMag die Sicherheitsl\u00f6sungen regelm\u00e4\u00dfig pr\u00e4mieren.\" \/>\n<meta name=\"robots\" content=\"index, follow, max-snippet:-1, max-image-preview:large, max-video-preview:-1\" \/>\n<link rel=\"canonical\" href=\"https:\/\/bhv.de\/en\/de\/bitdefender-auszeichnungen\/\" \/>\n<meta property=\"og:locale\" content=\"en_GB\" \/>\n<meta property=\"og:type\" content=\"article\" \/>\n<meta property=\"og:title\" content=\"Bitdefender - Auszeichnungen - bhv Verlag GmbH\" \/>\n<meta property=\"og:description\" content=\"Auszeichnungen f\u00fcr Bitdefender: Lesen Sie, warum Stiftung Warentest, AV-TEST und PCMag die Sicherheitsl\u00f6sungen regelm\u00e4\u00dfig pr\u00e4mieren.\" \/>\n<meta property=\"og:url\" content=\"https:\/\/bhv.de\/en\/de\/bitdefender-auszeichnungen\/\" \/>\n<meta property=\"og:site_name\" content=\"bhv Verlag GmbH\" \/>\n<meta property=\"article:modified_time\" content=\"2026-05-04T11:14:46+00:00\" \/>\n<meta property=\"og:image\" content=\"http:\/\/bhv.de\/wp-content\/uploads\/2026\/04\/av-test-logo-2.png\" \/>\n<meta name=\"twitter:card\" content=\"summary_large_image\" \/>\n<meta name=\"twitter:label1\" content=\"Estimated reading time\" \/>\n\t<meta name=\"twitter:data1\" content=\"4 minutes\" \/>\n<script type=\"application\/ld+json\" class=\"yoast-schema-graph\">{\"@context\":\"https:\\\/\\\/schema.org\",\"@graph\":[{\"@type\":\"WebPage\",\"@id\":\"https:\\\/\\\/bhv.de\\\/de\\\/bitdefender-auszeichnungen\\\/\",\"url\":\"https:\\\/\\\/bhv.de\\\/de\\\/bitdefender-auszeichnungen\\\/\",\"name\":\"Bitdefender - Auszeichnungen - bhv Verlag GmbH\",\"isPartOf\":{\"@id\":\"https:\\\/\\\/bhv.de\\\/#website\"},\"primaryImageOfPage\":{\"@id\":\"https:\\\/\\\/bhv.de\\\/de\\\/bitdefender-auszeichnungen\\\/#primaryimage\"},\"image\":{\"@id\":\"https:\\\/\\\/bhv.de\\\/de\\\/bitdefender-auszeichnungen\\\/#primaryimage\"},\"thumbnailUrl\":\"http:\\\/\\\/bhv.de\\\/wp-content\\\/uploads\\\/2026\\\/04\\\/av-test-logo-2.png\",\"datePublished\":\"2026-04-10T14:27:36+00:00\",\"dateModified\":\"2026-05-04T11:14:46+00:00\",\"description\":\"Auszeichnungen f\u00fcr Bitdefender: Lesen Sie, warum Stiftung Warentest, AV-TEST und PCMag die Sicherheitsl\u00f6sungen regelm\u00e4\u00dfig pr\u00e4mieren.\",\"breadcrumb\":{\"@id\":\"https:\\\/\\\/bhv.de\\\/de\\\/bitdefender-auszeichnungen\\\/#breadcrumb\"},\"inLanguage\":\"en-GB\",\"potentialAction\":[{\"@type\":\"ReadAction\",\"target\":[\"https:\\\/\\\/bhv.de\\\/de\\\/bitdefender-auszeichnungen\\\/\"]}]},{\"@type\":\"ImageObject\",\"inLanguage\":\"en-GB\",\"@id\":\"https:\\\/\\\/bhv.de\\\/de\\\/bitdefender-auszeichnungen\\\/#primaryimage\",\"url\":\"http:\\\/\\\/bhv.de\\\/wp-content\\\/uploads\\\/2026\\\/04\\\/av-test-logo-2.png\",\"contentUrl\":\"http:\\\/\\\/bhv.de\\\/wp-content\\\/uploads\\\/2026\\\/04\\\/av-test-logo-2.png\"},{\"@type\":\"BreadcrumbList\",\"@id\":\"https:\\\/\\\/bhv.de\\\/de\\\/bitdefender-auszeichnungen\\\/#breadcrumb\",\"itemListElement\":[{\"@type\":\"ListItem\",\"position\":1,\"name\":\"Start\",\"item\":\"https:\\\/\\\/bhv.de\\\/\"},{\"@type\":\"ListItem\",\"position\":2,\"name\":\"Bitdefender &#8211; Auszeichnungen\"}]},{\"@type\":\"WebSite\",\"@id\":\"https:\\\/\\\/bhv.de\\\/#website\",\"url\":\"https:\\\/\\\/bhv.de\\\/\",\"name\":\"bhv Verlag GmbH\",\"description\":\"bhv Verlag GmbH\",\"potentialAction\":[{\"@type\":\"SearchAction\",\"target\":{\"@type\":\"EntryPoint\",\"urlTemplate\":\"https:\\\/\\\/bhv.de\\\/?s={search_term_string}\"},\"query-input\":{\"@type\":\"PropertyValueSpecification\",\"valueRequired\":true,\"valueName\":\"search_term_string\"}}],\"inLanguage\":\"en-GB\"}]}<\/script>\n<!-- \/ Yoast SEO plugin. -->","yoast_head_json":{"title":"Bitdefender - Auszeichnungen - bhv Verlag GmbH","description":"Auszeichnungen f\u00fcr Bitdefender: Lesen Sie, warum Stiftung Warentest, AV-TEST und PCMag die Sicherheitsl\u00f6sungen regelm\u00e4\u00dfig pr\u00e4mieren.","robots":{"index":"index","follow":"follow","max-snippet":"max-snippet:-1","max-image-preview":"max-image-preview:large","max-video-preview":"max-video-preview:-1"},"canonical":"https:\/\/bhv.de\/en\/de\/bitdefender-auszeichnungen\/","og_locale":"en_GB","og_type":"article","og_title":"Bitdefender - Auszeichnungen - bhv Verlag GmbH","og_description":"Auszeichnungen f\u00fcr Bitdefender: Lesen Sie, warum Stiftung Warentest, AV-TEST und PCMag die Sicherheitsl\u00f6sungen regelm\u00e4\u00dfig pr\u00e4mieren.","og_url":"https:\/\/bhv.de\/en\/de\/bitdefender-auszeichnungen\/","og_site_name":"bhv Verlag GmbH","article_modified_time":"2026-05-04T11:14:46+00:00","og_image":[{"url":"http:\/\/bhv.de\/wp-content\/uploads\/2026\/04\/av-test-logo-2.png","type":"","width":"","height":""}],"twitter_card":"summary_large_image","twitter_misc":{"Estimated reading time":"4 minutes"},"schema":{"@context":"https:\/\/schema.org","@graph":[{"@type":"WebPage","@id":"https:\/\/bhv.de\/de\/bitdefender-auszeichnungen\/","url":"https:\/\/bhv.de\/de\/bitdefender-auszeichnungen\/","name":"Bitdefender - Auszeichnungen - bhv Verlag GmbH","isPartOf":{"@id":"https:\/\/bhv.de\/#website"},"primaryImageOfPage":{"@id":"https:\/\/bhv.de\/de\/bitdefender-auszeichnungen\/#primaryimage"},"image":{"@id":"https:\/\/bhv.de\/de\/bitdefender-auszeichnungen\/#primaryimage"},"thumbnailUrl":"http:\/\/bhv.de\/wp-content\/uploads\/2026\/04\/av-test-logo-2.png","datePublished":"2026-04-10T14:27:36+00:00","dateModified":"2026-05-04T11:14:46+00:00","description":"Auszeichnungen f\u00fcr Bitdefender: Lesen Sie, warum Stiftung Warentest, AV-TEST und PCMag die Sicherheitsl\u00f6sungen regelm\u00e4\u00dfig pr\u00e4mieren.","breadcrumb":{"@id":"https:\/\/bhv.de\/de\/bitdefender-auszeichnungen\/#breadcrumb"},"inLanguage":"en-GB","potentialAction":[{"@type":"ReadAction","target":["https:\/\/bhv.de\/de\/bitdefender-auszeichnungen\/"]}]},{"@type":"ImageObject","inLanguage":"en-GB","@id":"https:\/\/bhv.de\/de\/bitdefender-auszeichnungen\/#primaryimage","url":"http:\/\/bhv.de\/wp-content\/uploads\/2026\/04\/av-test-logo-2.png","contentUrl":"http:\/\/bhv.de\/wp-content\/uploads\/2026\/04\/av-test-logo-2.png"},{"@type":"BreadcrumbList","@id":"https:\/\/bhv.de\/de\/bitdefender-auszeichnungen\/#breadcrumb","itemListElement":[{"@type":"ListItem","position":1,"name":"Start","item":"https:\/\/bhv.de\/"},{"@type":"ListItem","position":2,"name":"Bitdefender &#8211; Auszeichnungen"}]},{"@type":"WebSite","@id":"https:\/\/bhv.de\/#website","url":"https:\/\/bhv.de\/","name":"bhv Verlag GmbH","description":"bhv Verlag GmbH","potentialAction":[{"@type":"SearchAction","target":{"@type":"EntryPoint","urlTemplate":"https:\/\/bhv.de\/?s={search_term_string}"},"query-input":{"@type":"PropertyValueSpecification","valueRequired":true,"valueName":"search_term_string"}}],"inLanguage":"en-GB"}]}},"_links":{"self":[{"href":"https:\/\/bhv.de\/en\/wp-json\/wp\/v2\/pages\/602","targetHints":{"allow":["GET"]}}],"collection":[{"href":"https:\/\/bhv.de\/en\/wp-json\/wp\/v2\/pages"}],"about":[{"href":"https:\/\/bhv.de\/en\/wp-json\/wp\/v2\/types\/page"}],"author":[{"embeddable":true,"href":"https:\/\/bhv.de\/en\/wp-json\/wp\/v2\/users\/1"}],"replies":[{"embeddable":true,"href":"https:\/\/bhv.de\/en\/wp-json\/wp\/v2\/comments?post=602"}],"version-history":[{"count":17,"href":"https:\/\/bhv.de\/en\/wp-json\/wp\/v2\/pages\/602\/revisions"}],"predecessor-version":[{"id":1521,"href":"https:\/\/bhv.de\/en\/wp-json\/wp\/v2\/pages\/602\/revisions\/1521"}],"wp:attachment":[{"href":"https:\/\/bhv.de\/en\/wp-json\/wp\/v2\/media?parent=602"}],"curies":[{"name":"wp","href":"https:\/\/api.w.org\/{rel}","templated":true}]}}