{"id":719,"date":"2026-04-14T13:27:33","date_gmt":"2026-04-14T11:27:33","guid":{"rendered":"http:\/\/bhv.de\/?page_id=719"},"modified":"2026-05-04T13:18:43","modified_gmt":"2026-05-04T11:18:43","slug":"bitdefender-comsumer-line-systemanforderungen","status":"publish","type":"page","link":"https:\/\/bhv.de\/en\/bitdefender-comsumer-line-systemanforderungen\/","title":{"rendered":"Bitdefender &#8211; Systemanforderungen"},"content":{"rendered":"<div class=\"gb-element-7c2d0dd4\">\n<div class=\"gb-element-f311f97d\">\n<h2 class=\"gb-text gb-text-dbc4402f\"><strong>Bitdefender<\/strong><br><strong>Systemanforderungen<\/strong><\/h2>\n<\/div>\n<\/div>\n\n\n\n<div>\n<h3 class=\"gb-text gb-text-7a8acff2\">Suchen Sie nach den aktuellen Bitdefender Systemanforderungen? <\/h3>\n\n\n\n<p class=\"gb-text\">Auf dieser Seite finden Sie alle wichtigen Informationen zur Kompatibilit\u00e4t der f\u00fchrenden Antivirensoftware. Egal, ob Sie Bitdefender auf einem Windows-PC, Mac, Smartphone oder Tablet installieren m\u00f6chten, wir zeigen Ihnen genau, welche Hardware und Betriebssysteme unterst\u00fctzt werden, damit Ihre Ger\u00e4te optimal gesch\u00fctzt bleibt.<\/p>\n\n\n\n<p class=\"gb-text\">F\u00fcr Gesch\u00e4ftskunden, die Bitdefender GravityZone nutzen, gelten erweiterte und spezifischere Anforderungen. Diese umfassen detaillierte Vorgaben zu Hardware, unterst\u00fctzten Virtualisierungsplattformen, Cloud-Anforderungen, Netzwerklatenz und kompatiblen Dateisystemen. Alle tiefgreifenden Informationen zum Security Server sowie zu Speicher- und CPU-Voraussetzungen finden Sie direkt auf der offiziellen Business-Support-Seite von Bitdefender.<\/p>\n<\/div>\n\n\n\n<div>\n<div class=\"gb-element-a5058d0e\">\n<h3 class=\"gb-text\">Bitdefender f\u00fcr Windows<\/h3>\n\n\n\n<h5 class=\"gb-text\"><strong>Betriebssysteme:<\/strong><\/h5>\n\n\n\n<ul class=\"wp-block-list\">\n<li>Windows 7 mit Service Pack 1, Windows 8.1, Windows 10, Windows 11<br><em><sup>Bitdefender hat die Unterst\u00fctzung (Antimalware-Support) f\u00fcr Windows 7 und Windows 8.1 am 14. Januar 2026 beendet. <\/sup><\/em><br><em><sup>Den Support f\u00fcr Windows 10 stellt Bitdefender am 14. Oktober 2026 ein. <\/sup><\/em><br><em><sup>Nach dem Ende des Supports k\u00f6nnen Sie \u00fcber Ihr Bitdefender-Central-Konto die Restlaufzeit Ihrer aktivierten Lizenzen auf ein Ger\u00e4t \u00fcbertragen, das mit einem von Bitdefender unterst\u00fctzten Betriebssystem l\u00e4uft.<\/sup><\/em><\/li>\n\n\n\n<li>Windows Server 2016 oder h\u00f6her mit Desktop Experience (Standard\/RTM, Essentials und Datacenter f\u00fcr Windows Server 2016 und 2019; Standard\/RTM und Datacenter f\u00fcr 2022 und 2025)<\/li>\n<\/ul>\n\n\n\n<h5 class=\"gb-text\"><strong>Hardware:<\/strong><\/h5>\n\n\n\n<ul class=\"wp-block-list\">\n<li>Arbeitsspeicher (RAM): 2 GB<\/li>\n\n\n\n<li>Festplattenspeicher: 2.5 GB freier Speicherplatz<\/li>\n\n\n\n<li>Prozessor: Die Systemleistung kann bei Ger\u00e4ten mit CPUs der \u00e4lteren Generation beeintr\u00e4chtigt sein.<\/li>\n<\/ul>\n\n\n\n<h5 class=\"gb-text\"><strong>Software:<\/strong><\/h5>\n\n\n\n<ul class=\"wp-block-list\">\n<li>Internet Explorer Version 11<\/li>\n<\/ul>\n<\/div>\n\n\n\n<hr class=\"wp-block-separator has-alpha-channel-opacity\"\/>\n\n\n\n<div class=\"gb-element-8bfc0ef8\">\n<h3 class=\"gb-text\">Bitdefender f\u00fcr Android<\/h3>\n\n\n\n<h5 class=\"gb-text\"><strong>Betriebssystem:<\/strong><\/h5>\n\n\n\n<ul class=\"wp-block-list\">\n<li>Android 6 oder h\u00f6her<\/li>\n<\/ul>\n\n\n\n<h5 class=\"gb-text\"><strong>Konnektivit\u00e4t:<\/strong><\/h5>\n\n\n\n<ul class=\"wp-block-list\">\n<li>Eine aktive Internetverbindung<\/li>\n<\/ul>\n<\/div>\n\n\n\n<hr class=\"wp-block-separator has-alpha-channel-opacity\"\/>\n\n\n\n<div class=\"gb-element-b869b7c2\">\n<h3 class=\"gb-text\">Bitdefender f\u00fcr macOS<\/h3>\n\n\n\n<h5 class=\"gb-text\"><strong>Betriebssysteme:<\/strong><\/h5>\n\n\n\n<ul class=\"wp-block-list\">\n<li>macOS X Yosemite (10.10) oder h\u00f6her<\/li>\n<\/ul>\n\n\n\n<h5 class=\"gb-text\"><strong>Hardware:<\/strong><\/h5>\n\n\n\n<ul class=\"wp-block-list\">\n<li>Festplattenspeicher: 1 GB freier Speicherplatz<\/li>\n<\/ul>\n\n\n\n<h5 class=\"gb-text\"><strong>Unterst\u00fctzte Browser:<\/strong><\/h5>\n\n\n\n<ul class=\"wp-block-list\">\n<li>Safari<\/li>\n\n\n\n<li>Google Chrome<\/li>\n\n\n\n<li>Mozilla Firefox<\/li>\n<\/ul>\n<\/div>\n\n\n\n<hr class=\"wp-block-separator has-alpha-channel-opacity\"\/>\n\n\n\n<div class=\"gb-element-fe4e7854\">\n<h3 class=\"gb-text\">Bitdefender f\u00fcr iOS<\/h3>\n\n\n\n<h5 class=\"gb-text\"><strong>Betriebssystem:<\/strong><\/h5>\n\n\n\n<ul class=\"wp-block-list\">\n<li>iOS 13 oder h\u00f6her<\/li>\n<\/ul>\n\n\n\n<h5 class=\"gb-text\">Konnektivit\u00e4t:<\/h5>\n\n\n\n<ul class=\"wp-block-list\">\n<li>Aktive Internetverbindung<\/li>\n<\/ul>\n<\/div>\n\n\n\n<hr class=\"wp-block-separator has-alpha-channel-opacity\"\/>\n\n\n\n<div class=\"gb-element-aaec360f\">\n<h3 class=\"gb-text\">Bitdefender Central Website<\/h3>\n\n\n\n<h5 class=\"gb-text\"><strong>Unterst\u00fctzte Browser:<\/strong><\/h5>\n\n\n\n<ul class=\"wp-block-list\">\n<li>Die Kompatibilit\u00e4t mit den letzten drei Versionen der folgenden Webbrowser ist gew\u00e4hrleistet:\n<ul class=\"wp-block-list\">\n<li>Google Chrome<\/li>\n\n\n\n<li>Mozilla Firefox<\/li>\n\n\n\n<li>Microsoft Edge<\/li>\n\n\n\n<li>Safari (macOS)<\/li>\n<\/ul>\n<\/li>\n<\/ul>\n\n\n\n<h5 class=\"gb-text\"><strong>Hardware:<\/strong><\/h5>\n\n\n\n<ul class=\"wp-block-list\">\n<li>Jedes Ger\u00e4t, das die oben genannten Browser ausf\u00fchren kann und \u00fcber eine Internetverbindung verf\u00fcgt.<\/li>\n<\/ul>\n\n\n\n<h5 class=\"gb-text\"><strong>Konnektivit\u00e4t<\/strong><\/h5>\n\n\n\n<ul class=\"wp-block-list\">\n<li>Aktive Internetverbindung<\/li>\n<\/ul>\n<\/div>\n\n\n\n<hr class=\"wp-block-separator has-alpha-channel-opacity\"\/>\n\n\n\n<div>\n<h3 class=\"gb-text\">Lieferumfang<\/h3>\n\n\n\n<p class=\"gb-text\">Sie erhalten keinen physischen Datentr\u00e4ger, sondern ausschlie\u00dflich den Produktschl\u00fcssel zur Aktivierung. Die Aktivierung erfolgt anschlie\u00dfend direkt \u00fcber Ihr pers\u00f6nliches Bitdefender Central-Konto. Der Produktschl\u00fcssel muss zun\u00e4chst erstmalig in Deutschland, \u00d6sterreich oder der Schweiz aktiviert werden und funktioniert danach weltweit.<\/p>\n<\/div>\n\n\n\n<hr class=\"wp-block-separator has-alpha-channel-opacity\"\/>\n\n\n\n<div>\n<h3 class=\"gb-text\">GravityZone \u2013 System Requirements<\/h3>\n\n\n\n<p>You can find all the system requirements for Bitdefender GravityZone products on the following Bitdefender website. <a href=\"https:\/\/www.bitdefender.com\/business\/support\/en\/77209-376327-endpoint-protection.html\">https:\/\/www.bitdefender.com\/business\/support\/en\/77209-376327-endpoint-protection.html<\/a><\/p>\n\n\n\n<p>These include:<\/p>\n\n\n\n<ul class=\"wp-block-list\">\n<li>Hardware<\/li>\n\n\n\n<li>Public Cloud Requirements<\/li>\n\n\n\n<li>Supported operating systems<\/li>\n\n\n\n<li>Supported file systems<\/li>\n\n\n\n<li>Supported browsers<\/li>\n\n\n\n<li>Supported browsers\n<ul class=\"wp-block-list\">\n<li>Supported virtualization platforms<\/li>\n\n\n\n<li>Memory and CPU<\/li>\n\n\n\n<li>HDD Space<\/li>\n\n\n\n<li>Security Server distribution on hosts<\/li>\n\n\n\n<li>Network latency<\/li>\n\n\n\n<li>Storage protection load<\/li>\n<\/ul>\n<\/li>\n\n\n\n<li>Trafic usage<\/li>\n<\/ul>\n<\/div>\n<\/div>\n\n\n\n<p><\/p>","protected":false},"excerpt":{"rendered":"<p>BitdefenderSystemanforderungen Suchen Sie nach den aktuellen Bitdefender Systemanforderungen? Auf dieser Seite finden Sie alle wichtigen Informationen zur Kompatibilit\u00e4t der f\u00fchrenden Antivirensoftware. Egal, ob Sie Bitdefender auf einem Windows-PC, Mac, Smartphone oder Tablet installieren m\u00f6chten, wir zeigen Ihnen genau, welche Hardware und Betriebssysteme unterst\u00fctzt werden, damit Ihre Ger\u00e4te optimal gesch\u00fctzt bleibt. F\u00fcr Gesch\u00e4ftskunden, die Bitdefender GravityZone &#8230; <a title=\"Bitdefender &#8211; Systemanforderungen\" class=\"read-more\" href=\"https:\/\/bhv.de\/en\/bitdefender-comsumer-line-systemanforderungen\/\" aria-label=\"Read more about Bitdefender &#8211; Systemanforderungen\">Read more<\/a><\/p>","protected":false},"author":1,"featured_media":0,"parent":0,"menu_order":0,"comment_status":"closed","ping_status":"closed","template":"","meta":{"footnotes":""},"class_list":["post-719","page","type-page","status-publish"],"yoast_head":"<!-- This site is optimized with the Yoast SEO plugin v27.5 - https:\/\/yoast.com\/product\/yoast-seo-wordpress\/ -->\n<title>Bitdefender - Systemanforderungen - bhv Verlag GmbH<\/title>\n<meta name=\"description\" content=\"Bitdefender - Systemanforderungen auf einen Blick. Pr\u00fcfen Sie Hardware und Kompatibilit\u00e4t f\u00fcr die unterst\u00fctzten Betriebssysteme.\" \/>\n<meta name=\"robots\" content=\"index, follow, max-snippet:-1, max-image-preview:large, max-video-preview:-1\" \/>\n<link rel=\"canonical\" href=\"https:\/\/bhv.de\/en\/de\/bitdefender-comsumer-line-systemanforderungen\/\" \/>\n<meta property=\"og:locale\" content=\"en_GB\" \/>\n<meta property=\"og:type\" content=\"article\" \/>\n<meta property=\"og:title\" content=\"Bitdefender - Systemanforderungen - bhv Verlag GmbH\" \/>\n<meta property=\"og:description\" content=\"Bitdefender - Systemanforderungen auf einen Blick. Pr\u00fcfen Sie Hardware und Kompatibilit\u00e4t f\u00fcr die unterst\u00fctzten Betriebssysteme.\" \/>\n<meta property=\"og:url\" content=\"https:\/\/bhv.de\/en\/de\/bitdefender-comsumer-line-systemanforderungen\/\" \/>\n<meta property=\"og:site_name\" content=\"bhv Verlag GmbH\" \/>\n<meta property=\"article:modified_time\" content=\"2026-05-04T11:18:43+00:00\" \/>\n<meta name=\"twitter:card\" content=\"summary_large_image\" \/>\n<meta name=\"twitter:label1\" content=\"Estimated reading time\" \/>\n\t<meta name=\"twitter:data1\" content=\"5 minutes\" \/>\n<script type=\"application\/ld+json\" class=\"yoast-schema-graph\">{\"@context\":\"https:\\\/\\\/schema.org\",\"@graph\":[{\"@type\":\"WebPage\",\"@id\":\"https:\\\/\\\/bhv.de\\\/de\\\/bitdefender-comsumer-line-systemanforderungen\\\/\",\"url\":\"https:\\\/\\\/bhv.de\\\/de\\\/bitdefender-comsumer-line-systemanforderungen\\\/\",\"name\":\"Bitdefender - Systemanforderungen - bhv Verlag GmbH\",\"isPartOf\":{\"@id\":\"https:\\\/\\\/bhv.de\\\/#website\"},\"datePublished\":\"2026-04-14T11:27:33+00:00\",\"dateModified\":\"2026-05-04T11:18:43+00:00\",\"description\":\"Bitdefender - Systemanforderungen auf einen Blick. Pr\u00fcfen Sie Hardware und Kompatibilit\u00e4t f\u00fcr die unterst\u00fctzten Betriebssysteme.\",\"breadcrumb\":{\"@id\":\"https:\\\/\\\/bhv.de\\\/de\\\/bitdefender-comsumer-line-systemanforderungen\\\/#breadcrumb\"},\"inLanguage\":\"en-GB\",\"potentialAction\":[{\"@type\":\"ReadAction\",\"target\":[\"https:\\\/\\\/bhv.de\\\/de\\\/bitdefender-comsumer-line-systemanforderungen\\\/\"]}]},{\"@type\":\"BreadcrumbList\",\"@id\":\"https:\\\/\\\/bhv.de\\\/de\\\/bitdefender-comsumer-line-systemanforderungen\\\/#breadcrumb\",\"itemListElement\":[{\"@type\":\"ListItem\",\"position\":1,\"name\":\"Start\",\"item\":\"https:\\\/\\\/bhv.de\\\/\"},{\"@type\":\"ListItem\",\"position\":2,\"name\":\"Bitdefender &#8211; Systemanforderungen\"}]},{\"@type\":\"WebSite\",\"@id\":\"https:\\\/\\\/bhv.de\\\/#website\",\"url\":\"https:\\\/\\\/bhv.de\\\/\",\"name\":\"bhv Verlag GmbH\",\"description\":\"bhv Verlag GmbH\",\"potentialAction\":[{\"@type\":\"SearchAction\",\"target\":{\"@type\":\"EntryPoint\",\"urlTemplate\":\"https:\\\/\\\/bhv.de\\\/?s={search_term_string}\"},\"query-input\":{\"@type\":\"PropertyValueSpecification\",\"valueRequired\":true,\"valueName\":\"search_term_string\"}}],\"inLanguage\":\"en-GB\"}]}<\/script>\n<!-- \/ Yoast SEO plugin. -->","yoast_head_json":{"title":"Bitdefender - Systemanforderungen - bhv Verlag GmbH","description":"Bitdefender - Systemanforderungen auf einen Blick. Pr\u00fcfen Sie Hardware und Kompatibilit\u00e4t f\u00fcr die unterst\u00fctzten Betriebssysteme.","robots":{"index":"index","follow":"follow","max-snippet":"max-snippet:-1","max-image-preview":"max-image-preview:large","max-video-preview":"max-video-preview:-1"},"canonical":"https:\/\/bhv.de\/en\/de\/bitdefender-comsumer-line-systemanforderungen\/","og_locale":"en_GB","og_type":"article","og_title":"Bitdefender - Systemanforderungen - bhv Verlag GmbH","og_description":"Bitdefender - Systemanforderungen auf einen Blick. Pr\u00fcfen Sie Hardware und Kompatibilit\u00e4t f\u00fcr die unterst\u00fctzten Betriebssysteme.","og_url":"https:\/\/bhv.de\/en\/de\/bitdefender-comsumer-line-systemanforderungen\/","og_site_name":"bhv Verlag GmbH","article_modified_time":"2026-05-04T11:18:43+00:00","twitter_card":"summary_large_image","twitter_misc":{"Estimated reading time":"5 minutes"},"schema":{"@context":"https:\/\/schema.org","@graph":[{"@type":"WebPage","@id":"https:\/\/bhv.de\/de\/bitdefender-comsumer-line-systemanforderungen\/","url":"https:\/\/bhv.de\/de\/bitdefender-comsumer-line-systemanforderungen\/","name":"Bitdefender - Systemanforderungen - bhv Verlag GmbH","isPartOf":{"@id":"https:\/\/bhv.de\/#website"},"datePublished":"2026-04-14T11:27:33+00:00","dateModified":"2026-05-04T11:18:43+00:00","description":"Bitdefender - Systemanforderungen auf einen Blick. Pr\u00fcfen Sie Hardware und Kompatibilit\u00e4t f\u00fcr die unterst\u00fctzten Betriebssysteme.","breadcrumb":{"@id":"https:\/\/bhv.de\/de\/bitdefender-comsumer-line-systemanforderungen\/#breadcrumb"},"inLanguage":"en-GB","potentialAction":[{"@type":"ReadAction","target":["https:\/\/bhv.de\/de\/bitdefender-comsumer-line-systemanforderungen\/"]}]},{"@type":"BreadcrumbList","@id":"https:\/\/bhv.de\/de\/bitdefender-comsumer-line-systemanforderungen\/#breadcrumb","itemListElement":[{"@type":"ListItem","position":1,"name":"Start","item":"https:\/\/bhv.de\/"},{"@type":"ListItem","position":2,"name":"Bitdefender &#8211; Systemanforderungen"}]},{"@type":"WebSite","@id":"https:\/\/bhv.de\/#website","url":"https:\/\/bhv.de\/","name":"bhv Verlag GmbH","description":"bhv Verlag GmbH","potentialAction":[{"@type":"SearchAction","target":{"@type":"EntryPoint","urlTemplate":"https:\/\/bhv.de\/?s={search_term_string}"},"query-input":{"@type":"PropertyValueSpecification","valueRequired":true,"valueName":"search_term_string"}}],"inLanguage":"en-GB"}]}},"_links":{"self":[{"href":"https:\/\/bhv.de\/en\/wp-json\/wp\/v2\/pages\/719","targetHints":{"allow":["GET"]}}],"collection":[{"href":"https:\/\/bhv.de\/en\/wp-json\/wp\/v2\/pages"}],"about":[{"href":"https:\/\/bhv.de\/en\/wp-json\/wp\/v2\/types\/page"}],"author":[{"embeddable":true,"href":"https:\/\/bhv.de\/en\/wp-json\/wp\/v2\/users\/1"}],"replies":[{"embeddable":true,"href":"https:\/\/bhv.de\/en\/wp-json\/wp\/v2\/comments?post=719"}],"version-history":[{"count":33,"href":"https:\/\/bhv.de\/en\/wp-json\/wp\/v2\/pages\/719\/revisions"}],"predecessor-version":[{"id":1524,"href":"https:\/\/bhv.de\/en\/wp-json\/wp\/v2\/pages\/719\/revisions\/1524"}],"wp:attachment":[{"href":"https:\/\/bhv.de\/en\/wp-json\/wp\/v2\/media?parent=719"}],"curies":[{"name":"wp","href":"https:\/\/api.w.org\/{rel}","templated":true}]}}