{"id":80,"date":"2026-03-19T15:07:33","date_gmt":"2026-03-19T14:07:33","guid":{"rendered":"http:\/\/bhv.de\/?page_id=80"},"modified":"2026-05-08T13:27:34","modified_gmt":"2026-05-08T11:27:34","slug":"impressum","status":"publish","type":"page","link":"https:\/\/bhv.de\/en\/impressum\/","title":{"rendered":"Legal notice"},"content":{"rendered":"<div class=\"gb-element-4c7ce5ad\">\n<h2 class=\"gb-text gb-text-453c126a\"><strong>Legal notice<\/strong><\/h2>\n<\/div>\n\n\n\n<div>\n<div>\n<p class=\"gb-text\">Herzlich willkommen im offiziellen Impressum der bhv Verlag GmbH, Ihrem erfahrenen Anbieter f\u00fcr IT- und Business-L\u00f6sungen, Software sowie Fachb\u00fccher. Auf dieser Seite finden Sie alle rechtlichen Pflichtangaben und Kontaktdaten, um Ihnen als Firmenkunde oder Endverbraucher maximale Transparenz zu bieten.&#8220;<\/p>\n<\/div>\n\n\n\n<div>\n<div class=\"wp-block-columns is-layout-flex wp-container-core-columns-is-layout-9d6595d7 wp-block-columns-is-layout-flex\">\n<div class=\"wp-block-column is-layout-flow wp-block-column-is-layout-flow\" style=\"flex-basis:66.66%\">\n<p class=\"gb-text\"><strong>Angaben gem\u00e4\u00df \u00a7 5 DDG<\/strong><\/p>\n\n\n\n<p class=\"has-contrast-color has-text-color has-link-color wp-elements-67025681da26cbe90b863cb30159797b\">bhv Verlag GmbH<br>Langenhecke 17<br>53902 Bad M\u00fcnstereifel<\/p>\n\n\n\n<p class=\"gb-text\"><strong>Vertreten durch den Gesch\u00e4ftsf\u00fchrer:<\/strong><br>Dieter Dedeke<\/p>\n\n\n\n<p class=\"gb-text\"><strong>Kontakt<\/strong><br>Telefon: +49 (0)2253 \u2013 92822 25 <br>E-Mail: <a href=\"mailto:info@bhv.de\">info@bhv.de<\/a><br>Website: <a href=\"https:\/\/bhv.de\/en\/\">www.bhv.de<\/a><\/p>\n\n\n\n<p class=\"gb-text\"><strong>Verantwortlich f\u00fcr den Inhalt nach \u00a7 18 Abs. 2 MStV<\/strong><br>Dieter Dedeke<br>Langenhecke 17<br>53902 Bad M\u00fcnstereifel<br><a href=\"http:\/\/bhv.de\/en\/datenschutzerklaerung\/\" type=\"page\" id=\"3\">Privacy Policy<\/a><\/p>\n\n\n\n<p class=\"gb-text\"><strong>Webdesign und technische Umsetzung: <\/strong>Guido Herrig<\/p>\n<\/div>\n<\/div>\n<\/div>\n\n\n\n<div>\n<div class=\"gb-element-f78f1e8f\">\n<div>\n<p class=\"gb-text\"><strong>Informationen f\u00fcr Buchh\u00e4ndler<\/strong><br>Buchh\u00e4ndler richten alle Bestellungen bitte an: <a href=\"mailto:info@bhv.de\">info@bhv.de<\/a><br>Nach dem Eingang Ihrer Bestellung erhalten Sie eine Ticket-Nummer, die Sie bei Nachfragen bitte angeben.<\/p>\n\n\n\n<p class=\"gb-text\"><strong>Informationen zu &#8222;Aktuelle -Meldungen&#8220;<\/strong><br>Auf dieser Website werden teilweise automatisiert Sicherheitshinweise aus dem RSS\u2011Feed des CERT\u2011Bund \/ Bundesamts f\u00fcr Sicherheit in der Informationstechnik (BSI) angezeigt (<a href=\"https:\/\/wid.cert-bund.de\/content\/public\/securityAdvisory\/rss\">https:\/\/wid.cert-bund.de\/content\/public\/securityAdvisory\/rss<\/a>).<br>Die Quelle und die Rechte an den Inhalten verbleiben beim jeweiligen Herausgeber.<br>F\u00fcr Richtigkeit, Vollst\u00e4ndigkeit und Aktualit\u00e4t der eingebundenen Meldungen wird keine Gew\u00e4hr \u00fcbernommen.<br>Ma\u00dfgeblich sind ausschlie\u00dflich die jeweils auf der offiziellen Website des CERT\u2011Bund ver\u00f6ffentlichten Originalinformationen. <\/p>\n<\/div>\n<\/div>\n<\/div>\n<\/div>","protected":false},"excerpt":{"rendered":"<p>Impressum Herzlich willkommen im offiziellen Impressum der bhv Verlag GmbH, Ihrem erfahrenen Anbieter f\u00fcr IT- und Business-L\u00f6sungen, Software sowie Fachb\u00fccher. Auf dieser Seite finden Sie alle rechtlichen Pflichtangaben und Kontaktdaten, um Ihnen als Firmenkunde oder Endverbraucher maximale Transparenz zu bieten.&#8220; Angaben gem\u00e4\u00df \u00a7 5 DDG bhv Verlag GmbHLangenhecke 1753902 Bad M\u00fcnstereifel Vertreten durch den Gesch\u00e4ftsf\u00fchrer:Dieter &#8230; <a title=\"Legal notice\" class=\"read-more\" href=\"https:\/\/bhv.de\/en\/impressum\/\" aria-label=\"Read more about Impressum\">Read more<\/a><\/p>","protected":false},"author":1,"featured_media":0,"parent":0,"menu_order":0,"comment_status":"closed","ping_status":"closed","template":"","meta":{"footnotes":""},"class_list":["post-80","page","type-page","status-publish"],"yoast_head":"<!-- This site is optimized with the Yoast SEO plugin v27.5 - https:\/\/yoast.com\/product\/yoast-seo-wordpress\/ -->\n<title>Impressum - bhv Verlag GmbH<\/title>\n<meta name=\"description\" content=\"Impressum der bhv Verlag GmbH. Hier finden Sie alle rechtlichen Pflichtangaben, Kontaktdaten und Ansprechpartner f\u00fcr unsere IT-L\u00f6sungen.\" \/>\n<meta name=\"robots\" content=\"index, follow, max-snippet:-1, max-image-preview:large, max-video-preview:-1\" \/>\n<link rel=\"canonical\" href=\"https:\/\/bhv.de\/en\/de\/impressum\/\" \/>\n<meta property=\"og:locale\" content=\"en_GB\" \/>\n<meta property=\"og:type\" content=\"article\" \/>\n<meta property=\"og:title\" content=\"Impressum - bhv Verlag GmbH\" \/>\n<meta property=\"og:description\" content=\"Impressum der bhv Verlag GmbH. Hier finden Sie alle rechtlichen Pflichtangaben, Kontaktdaten und Ansprechpartner f\u00fcr unsere IT-L\u00f6sungen.\" \/>\n<meta property=\"og:url\" content=\"https:\/\/bhv.de\/en\/de\/impressum\/\" \/>\n<meta property=\"og:site_name\" content=\"bhv Verlag GmbH\" \/>\n<meta property=\"article:modified_time\" content=\"2026-05-08T11:27:34+00:00\" \/>\n<meta name=\"twitter:card\" content=\"summary_large_image\" \/>\n<meta name=\"twitter:label1\" content=\"Estimated reading time\" \/>\n\t<meta name=\"twitter:data1\" content=\"2 minutes\" \/>\n<script type=\"application\/ld+json\" class=\"yoast-schema-graph\">{\"@context\":\"https:\\\/\\\/schema.org\",\"@graph\":[{\"@type\":\"WebPage\",\"@id\":\"https:\\\/\\\/bhv.de\\\/de\\\/impressum\\\/\",\"url\":\"https:\\\/\\\/bhv.de\\\/de\\\/impressum\\\/\",\"name\":\"Impressum - bhv Verlag GmbH\",\"isPartOf\":{\"@id\":\"https:\\\/\\\/bhv.de\\\/#website\"},\"datePublished\":\"2026-03-19T14:07:33+00:00\",\"dateModified\":\"2026-05-08T11:27:34+00:00\",\"description\":\"Impressum der bhv Verlag GmbH. Hier finden Sie alle rechtlichen Pflichtangaben, Kontaktdaten und Ansprechpartner f\u00fcr unsere IT-L\u00f6sungen.\",\"breadcrumb\":{\"@id\":\"https:\\\/\\\/bhv.de\\\/de\\\/impressum\\\/#breadcrumb\"},\"inLanguage\":\"en-GB\",\"potentialAction\":[{\"@type\":\"ReadAction\",\"target\":[\"https:\\\/\\\/bhv.de\\\/de\\\/impressum\\\/\"]}]},{\"@type\":\"BreadcrumbList\",\"@id\":\"https:\\\/\\\/bhv.de\\\/de\\\/impressum\\\/#breadcrumb\",\"itemListElement\":[{\"@type\":\"ListItem\",\"position\":1,\"name\":\"Start\",\"item\":\"https:\\\/\\\/bhv.de\\\/\"},{\"@type\":\"ListItem\",\"position\":2,\"name\":\"Impressum\"}]},{\"@type\":\"WebSite\",\"@id\":\"https:\\\/\\\/bhv.de\\\/#website\",\"url\":\"https:\\\/\\\/bhv.de\\\/\",\"name\":\"bhv Verlag GmbH\",\"description\":\"bhv Verlag GmbH\",\"potentialAction\":[{\"@type\":\"SearchAction\",\"target\":{\"@type\":\"EntryPoint\",\"urlTemplate\":\"https:\\\/\\\/bhv.de\\\/?s={search_term_string}\"},\"query-input\":{\"@type\":\"PropertyValueSpecification\",\"valueRequired\":true,\"valueName\":\"search_term_string\"}}],\"inLanguage\":\"en-GB\"}]}<\/script>\n<!-- \/ Yoast SEO plugin. -->","yoast_head_json":{"title":"Impressum - bhv Verlag GmbH","description":"Impressum der bhv Verlag GmbH. Hier finden Sie alle rechtlichen Pflichtangaben, Kontaktdaten und Ansprechpartner f\u00fcr unsere IT-L\u00f6sungen.","robots":{"index":"index","follow":"follow","max-snippet":"max-snippet:-1","max-image-preview":"max-image-preview:large","max-video-preview":"max-video-preview:-1"},"canonical":"https:\/\/bhv.de\/en\/de\/impressum\/","og_locale":"en_GB","og_type":"article","og_title":"Impressum - bhv Verlag GmbH","og_description":"Impressum der bhv Verlag GmbH. Hier finden Sie alle rechtlichen Pflichtangaben, Kontaktdaten und Ansprechpartner f\u00fcr unsere IT-L\u00f6sungen.","og_url":"https:\/\/bhv.de\/en\/de\/impressum\/","og_site_name":"bhv Verlag GmbH","article_modified_time":"2026-05-08T11:27:34+00:00","twitter_card":"summary_large_image","twitter_misc":{"Estimated reading time":"2 minutes"},"schema":{"@context":"https:\/\/schema.org","@graph":[{"@type":"WebPage","@id":"https:\/\/bhv.de\/de\/impressum\/","url":"https:\/\/bhv.de\/de\/impressum\/","name":"Impressum - bhv Verlag GmbH","isPartOf":{"@id":"https:\/\/bhv.de\/#website"},"datePublished":"2026-03-19T14:07:33+00:00","dateModified":"2026-05-08T11:27:34+00:00","description":"Impressum der bhv Verlag GmbH. Hier finden Sie alle rechtlichen Pflichtangaben, Kontaktdaten und Ansprechpartner f\u00fcr unsere IT-L\u00f6sungen.","breadcrumb":{"@id":"https:\/\/bhv.de\/de\/impressum\/#breadcrumb"},"inLanguage":"en-GB","potentialAction":[{"@type":"ReadAction","target":["https:\/\/bhv.de\/de\/impressum\/"]}]},{"@type":"BreadcrumbList","@id":"https:\/\/bhv.de\/de\/impressum\/#breadcrumb","itemListElement":[{"@type":"ListItem","position":1,"name":"Start","item":"https:\/\/bhv.de\/"},{"@type":"ListItem","position":2,"name":"Impressum"}]},{"@type":"WebSite","@id":"https:\/\/bhv.de\/#website","url":"https:\/\/bhv.de\/","name":"bhv Verlag GmbH","description":"bhv Verlag GmbH","potentialAction":[{"@type":"SearchAction","target":{"@type":"EntryPoint","urlTemplate":"https:\/\/bhv.de\/?s={search_term_string}"},"query-input":{"@type":"PropertyValueSpecification","valueRequired":true,"valueName":"search_term_string"}}],"inLanguage":"en-GB"}]}},"_links":{"self":[{"href":"https:\/\/bhv.de\/en\/wp-json\/wp\/v2\/pages\/80","targetHints":{"allow":["GET"]}}],"collection":[{"href":"https:\/\/bhv.de\/en\/wp-json\/wp\/v2\/pages"}],"about":[{"href":"https:\/\/bhv.de\/en\/wp-json\/wp\/v2\/types\/page"}],"author":[{"embeddable":true,"href":"https:\/\/bhv.de\/en\/wp-json\/wp\/v2\/users\/1"}],"replies":[{"embeddable":true,"href":"https:\/\/bhv.de\/en\/wp-json\/wp\/v2\/comments?post=80"}],"version-history":[{"count":30,"href":"https:\/\/bhv.de\/en\/wp-json\/wp\/v2\/pages\/80\/revisions"}],"predecessor-version":[{"id":1543,"href":"https:\/\/bhv.de\/en\/wp-json\/wp\/v2\/pages\/80\/revisions\/1543"}],"wp:attachment":[{"href":"https:\/\/bhv.de\/en\/wp-json\/wp\/v2\/media?parent=80"}],"curies":[{"name":"wp","href":"https:\/\/api.w.org\/{rel}","templated":true}]}}