{"id":85,"date":"2026-03-19T15:22:52","date_gmt":"2026-03-19T14:22:52","guid":{"rendered":"http:\/\/bhv.de\/?page_id=85"},"modified":"2026-05-04T13:52:30","modified_gmt":"2026-05-04T11:52:30","slug":"allgemeine-geschaeftsbedingungen","status":"publish","type":"page","link":"https:\/\/bhv.de\/en\/allgemeine-geschaeftsbedingungen\/","title":{"rendered":"Allgemeine Gesch\u00e4ftsbedingungen"},"content":{"rendered":"<div class=\"gb-element-5eccb469\">\n<div class=\"gb-element-855a7623\">\n<h2 class=\"gb-text gb-text-c0928800\"><strong>Allgemeine Gesch\u00e4ftsbedingungen<\/strong><\/h2>\n<\/div>\n<\/div>\n\n\n\n<div class=\"gb-element-65af1a1f\">\n<ol class=\"wp-block-list\">\n<li><strong>Geltungsbereich<\/strong><br>Unsere Lieferungen, Leistungen und Angebote erfolgen ausschlie\u00dflich aufgrund dieser Gesch\u00e4ftsbedingungen. Sie gelten auch f\u00fcr alle zuk\u00fcnftigen Vertr\u00e4ge, auch wenn sie nicht nochmals ausdr\u00fccklich vereinbart werden. Sie enthalten s\u00e4mtliche Rechten und Pflichten zwischen dem Besteller und der bhv und sind allein verbindlich, ungeachtet abweichender Gesch\u00e4ftsbedingungen des Bestellers.<br><\/li>\n\n\n\n<li><strong>Vertragsabschluss<\/strong><br>Angebote der bhv sind freibleibend und unverbindlich. Ein Vertrag kommt erst mit schriftlicher Auftragsbest\u00e4tigung der bhv oder mit Beginn der Ausf\u00fchrung des Auftrages durch die bhv zustande. Im Falle der Nichterf\u00fcllung des Vertrages aus Gr\u00fcnden, die der Besteller zu vertreten hat, kann die bhv 15 % des Auftragswertes berechnen.<br><\/li>\n\n\n\n<li><strong>Lieferung<\/strong><br><strong>3.1.<\/strong> Mit der Lieferung und Bezahlung der Softwareprogramme wird das nicht \u00fcbertragbare und nicht ausschlie\u00dfliche Recht zur eigenen Nutzung der \u00fcberlassenen Programme auf einem bestimmten, im Vertrag genau bezeichneten Computersystem nebst den \u2013 im einzelnen aufgef\u00fchrten \u2013 angeschlossenen Ger\u00e4ten \u00fcbertragen, da f\u00fcr jede Zentraleinheit, auf der das Programm genutzt werden soll, eine gesonderte Lizenz erforderlich ist, sofern nicht etwas anderes vereinbart ist. Das f\u00fcr eine bestimmte Zentraleinheit gew\u00e4hrte Nutzungsrecht gilt jedoch vor\u00fcbergehend auch f\u00fcr die Nutzung auf einer anderen Zentraleinheit, wenn dies wegen eines st\u00f6rungsbedingten Ausfalls der bestimmten Zentraleinheit notwendig wird. Einen beabsichtigten Wechsel der bestimmten Zentraleinheit wird der Besteller der bhv unverz\u00fcglich anzeigen. bhv wird dann den Wechsel der bestimmten Zentraleinheit sowie den Zeitpunkt best\u00e4tigen, zu dem der Wechsel wirksam wird.<br><br><strong>3.2. <\/strong>Das Anfertigen von Kopien oder anderen Vervielf\u00e4ltigungen vom \u00fcberlassenen Programm oder von \u00fcberlassenen Unterlagen ist ausschlie\u00dflich zu eigenen Datensicherungszwecken zul\u00e4ssig. Diese Kopien d\u00fcrfen nur dann verwandt werden, wenn das Original durch Besch\u00e4digung oder Zerst\u00f6rung nicht mehr verwendbar ist. Eine weitergehende Verwertung, insbesondere eine Mehrfachnutzung oder eine Nutzung auf einer ver\u00e4nderten Hardwarekonfiguration ist nicht gestattet und auch vom Vertragszweck nicht abgedeckt; sie bedarf der schriftlichen Zustimmung der bhv \u2013 ggfs. nach Abstimmung mit dem entspr. Systemhaus \u2013, die erteilt wird, sofern keine berechtigten Interessen entgegenstehen.<br><br><strong>3.3. <\/strong>Alle Rechte an den Programmen und der Dokumentation \u2013 im Original und in Kopie \u2013 bleiben bei der bhv. Erweiterungen oder sonstige Eingriffe sind nicht gestattet und heben die Rechte der bhv nicht auf. Die \u00dcbertragung von Rechten und Pflichten aus diesem Vertrag oder an Programmunterlagen bedarf der vorherigen schriftlichen Zustimmung der bhv, die nur bei Entgegenstehen berechtigter Interessen verweigert wird.<br><br><strong>3.4.<\/strong> Der Besteller haftet bhv f\u00fcr Sch\u00e4den aufgrund missbr\u00e4uchlicher Nutzung der Programme, insbesondere bei Weitergabe der Programme und\/oder Unterlagen an unbefugte Dritte. Die bhv ist berechtigt, f\u00fcr jeden Fall der Zuwiderhandlung eine Konventionalstrafe in H\u00f6he des dreifachen Endverkaufspreises zu fordern. Unber\u00fchrt davon bleiben alle urheberrechtlichen Anspr\u00fcche sowie Schadenersatzanspr\u00fcche gegen den Besteller.<br><br><strong>3.5. <\/strong>Hat der Besteller das Programm oder den Programmtr\u00e4ger zum Wiederverkauf erworben, ist es ihm nicht gestattet, das Programm ganz oder auszugsweise zu reproduzieren, auch nicht zum Zwecke der Datensicherung. Der Wiederverk\u00e4ufer darf die Programme an Dritte erst dann \u00fcbergeben, wenn sich diese schriftlich zur Einhaltung der vorliegenden allgemeinen Verkaufs-, Lieferungs- und Zahlungsbedingungen der bhv sowohl gegen\u00fcber dem Wiederverk\u00e4ufer als auch gegen\u00fcber der bhv verpflichtet haben. Die von Dritten bei Verletzung zu zahlende Konventionalstrafe f\u00e4llt zu 2\/3 an bhv, zu 1\/3 an den Wiederverk\u00e4ufer. F\u00fcr den Inhalt der Lieferverpflichtung sind ausschlie\u00dflich die von der bhv erteilte Auftragsbest\u00e4tigung und diese allgemeinen Gesch\u00e4ftsbedingungen ma\u00dfgebend. Die bhv ist zu Teillieferungen berechtigt. Die vom Programmhersteller ausgegebene Lizenz- bzw. Seriennummer des Programms ist vom Wiederverk\u00e4ufer auf der Rechnung auszuweisen.<br><br><strong>3.6.<\/strong> F\u00fcr die Programmhandb\u00fccher sowie die anderen Lieferungen gelten die gleichen Bestimmungen bzgl. Reproduktion und Weitergabe, einschlie\u00dflich der Konventionalstrafe.<br><br><strong>3.7.<\/strong> Versand und Zustellung erfolgt auf Rechnung des Bestellers. Mit der Aufgabe der Ware zum Versand geht die Gefahr auf den Besteller \u00fcber. Dies gilt auch dann, wenn frachtfreie Lieferung vereinbart wurde. Ist die Ware vom Besteller abzuholen, geht die Gefahr mit der Anzeige der Bereitstellung auf den Besteller \u00fcber.<br><\/li>\n\n\n\n<li><strong>Verg\u00fctung und Zahlungsbedingungen<\/strong><br><strong>4.1.<\/strong> Ver\u00e4ndern sich die den vereinbarten Preisen zugrunde gelegten Listenpreise vier Monate vor dem vorgesehenen Liefertermin, so gelten die ver\u00e4nderten Listenpreise als vereinbart.<br><br><strong>4.2.<\/strong> Der Kaufpreis ist f\u00e4llig bei \u00dcbergabe des Kaufgegenstandes oder Annahmeverzug des Bestellers. Dies gilt auch bei Teillieferungen. Lieferungen bis zu \u20ac 250,\u2013 erfolgen nur gegen Vorauskasse oder Nachnahme. Alle Preise verstehen sich zuz\u00fcglich der jeweils zum Zeitpunkt der Lieferung g\u00fcltigen Mehrwertsteuer und sind bei F\u00e4lligkeit ohne Abzug sofort zahlbar. Ger\u00e4t der Besteller mit der Zahlung in Verzug, so ist die bhv berechtigt, Mahngeb\u00fchren in H\u00f6he von \u20ac 5,00 sowie Verzugszinsen in H\u00f6he von 5 % \u00fcber dem jeweiligen Basiszinssatz der Bundesbank monatlich zu verlangen. Diese Verzugszinsen werden berechnet f\u00fcr jeden angefangenen Monat, in dem der Vertrag durch Versendung, Bereitstellung oder Auslieferung der angeforderten Waren oder Ausf\u00fchrung der entsprechenden Dienstleistungen seitens der bhv erf\u00fcllt ist. Verzug tritt ein 30 Tage nach Rechnungsdatum. R\u00fccktritt und Geltendmachung von Schadenersatzanspr\u00fcchen bleiben unber\u00fchrt.<br><br><strong>4.3<\/strong> Der Besteller kann mit Gegenanspr\u00fcchen nur dann aufrechnen, wenn diese unbestritten oder rechtskr\u00e4ftig festgestellt sind. Ein Zur\u00fcckbehaltungsrecht wegen eines Gegenanspruchs kann der Besteller nur geltend machen, wenn der Zahlungsanspruch der bhv und der Gegenanspruch des Bestellers auf demselben Vertragsverh\u00e4ltnis beruhen. Diese Einschr\u00e4nkung gilt nicht, sofern diese allgemeinen Gesch\u00e4ftsbedingungen gegen\u00fcber Kaufleuten Anwendung finden.<br><\/li>\n\n\n\n<li><strong>Eigentumsvorbehalt<\/strong><br>Bis zur vollst\u00e4ndigen Bezahlung des Kaufpreises bleibt die Ware Eigentum der bhv. Verpf\u00e4ndung, Sicherheits\u00fcbereignung oder \u00dcberlassung der Ware im Tauschweg sind dem Besteller nicht gestattet. Bei Zugriffen Dritter auf die Ware hat der Besteller die bhv unverz\u00fcglich zu benachrichtigen. Ver\u00e4u\u00dfert der Besteller im Eigentum der bhv stehende Ware, so sind der Besteller und die bhv dar\u00fcber einig, dass die aus dem Weiterverkauf entstehenden Forderungen mit ihrem Entstehen auf die bhv \u00fcbertragen sind. Wird die Ware zusammen mit anderen Gegenst\u00e4nden verkauft, so beschr\u00e4nkt sich die Abtretung der Kaufpreisforderung auf die H\u00f6he des Wertes der aus dem Eigentum der bhv stammenden Waren. Der Besteller ist widerruflich erm\u00e4chtigt, die an die bhv abgetretenen Forderungen f\u00fcr deren Rechnung.<br><\/li>\n\n\n\n<li><strong>Verzug und Nichterf\u00fcllung<\/strong><br>Die Einhaltung von Fristen setzt voraus, dass der Besteller seine vertraglichen Pflichten, insbesondere seine Zahlungsverpflichtungen, rechtzeitig und vollst\u00e4ndig erf\u00fcllt. Andernfalls verl\u00e4ngert sich eine vereinbarte Frist um einen der Verz\u00f6gerung entsprechenden Zeitraum. Verz\u00f6gert sich eine Leistung \u00fcber den von bhv zugesagten Zeitpunkt hinaus, k\u00f6nnen Rechte hieraus erst nach Ablauf einer vom Besteller gesetzten Frist von mindestens drei Wochen geltend gemacht werden, es sei denn, der Besteller weist nach, dass sein Interesse wegen Frist\u00fcberschreitung vollst\u00e4ndig weggefallen ist. Kommt die bhv mit der Lieferung in Verzug oder wird die Lieferung f\u00fcr bhv unm\u00f6glich, so ist der Ersatz eines mittelbaren Schadens ausgeschlossen, soweit Verzug oder Unm\u00f6glichkeit nicht auf einer grob fahrl\u00e4ssigen oder vors\u00e4tzlichen Vertragsverletzung der bhv beruhen. Der Anspruch auf Verzugsschaden ist begrenzt auf 1 % pro vollendeter Woche, insgesamt jedoch auf 20 % jeweils bezogen auf die vereinbarte Verg\u00fctung der Lieferung oder des Lieferungsteils, das wegen nicht rechtzeitiger \u00dcberlassung nicht genutzt werden kann.<br>Im Falle schuldhafter Nichterf\u00fcllung kann der Besteller Schadenersatz verlangen, begrenzt auf den vorgenannten H\u00f6chstbetrag.<br>Bei Lieferst\u00f6rungen, die nicht im Einwirkungsbereich der bhv liegen, ist bhv berechtigt, vom Vertrag zur\u00fcckzutreten, ohne dass eine Schadenersatzpflicht eingreift.<br>Weitergehende und andere Ersatzanspr\u00fcche des Bestellers sind in allen F\u00e4llen versp\u00e4teter Leistung oder der Nichterf\u00fcllung auch nach Ablauf einer der bhv gesetzten Nachfrist ausgeschlossen. Die Regelungen des vorstehenden Absatzes gelten nicht, soweit in F\u00e4llen des Vorsatzes oder der groben Fahrl\u00e4ssigkeit gehaftet wird. Das Recht des Bestellers zum R\u00fccktritt nach den gesetzlichen Bestimmungen bleibt unber\u00fchrt.<br><\/li>\n\n\n\n<li><strong>Gew\u00e4hrleistung<\/strong><br>Der Besteller verpflichtet sich, die von der bhv gelieferte Ware unmittelbar nach Ankunft zu untersuchen und etwaige Sch\u00e4den, M\u00e4ngel etc. innerhalb von 8 Tagen gegen\u00fcber bhv schriftlich anzuzeigen. Bei nicht rechtzeitiger Anzeige erlischt ein Gew\u00e4hrleistungsanspruch des Bestellers, es sei denn, der Mangel war trotz Untersuchung nicht erkennbar.<br>Eine Gew\u00e4hrleistungspflicht der bhv beschr\u00e4nkt sich nach deren Wahl auf Ersatzlieferung oder Nachbesserung. Bei Verwendung dieser allgemeinen Gesch\u00e4ftsbedingungen im kaufm\u00e4nnischen Verkehr ist die bhv au\u00dferdem berechtigt, die Gew\u00e4hrleistung auf die Abtretung eigener, gegen\u00fcber Hersteller, Lieferanten oder Autoren bestehender Gew\u00e4hrleistungsanspr\u00fcche zu beschr\u00e4nken, es sei denn, der Mangel hat seine Ursache im Verantwortungsbereich der bhv. Schl\u00e4gt die Nachbesserung oder Ersatzlieferung durch die bhv oder die Befriedigung aus den abgetretenen Gew\u00e4hrleistungsanspr\u00fcchen fehl, kann der Besteller nach seiner Wahl Herabsetzung der Verg\u00fctung oder R\u00fcckg\u00e4ngigmachung des Vertrages verlangen. Ein weitergehender Anspruch des Bestellers auf Ersatz eines unmittelbaren oder mittelbaren Schadens ist ausgeschlossen, es sei denn, der Schaden ist auf eine grob fahrl\u00e4ssige oder vors\u00e4tzliche Vertragsverletzung der bhv zur\u00fcckzuf\u00fchren.<br><\/li>\n\n\n\n<li><strong>Haftung<\/strong><br>bhv \u00fcbernimmt eine Haftung nur, soweit eine solche in diesen Bedingungen ausdr\u00fccklich geregelt ist. Ausgeschlossen sind insbesondere Anspr\u00fcche aus Verschulden bei Vertragsschluss, aus positiver Forderungsverletzung oder au\u00dfervertraglicher Haftung. Vom Haftungsausschluss nicht betroffen werden solche F\u00e4lle, in denen wegen Vorsatzes oder grober Fahrl\u00e4ssigkeit zwingend gehaftet wird.<br>Der Besteller stellt bhv von allen Anspr\u00fcchen Dritter frei, die \u00fcber den Rahmen der Haftung nach diesen Bedingungen hinausgehen.<br><\/li>\n\n\n\n<li><strong>Ausfuhrbestimmungen<\/strong><br>bhv \u00fcbernimmt eine Haftung nur, soweit eine solche in diesen Bedingungen ausdr\u00fccklich geregelt ist. Ausgeschlossen sind insbesondere Anspr\u00fcche aus Verschulden bei Vertragsschluss, aus positiver Forderungsverletzung oder au\u00dfervertraglicher Haftung. Vom Haftungsausschluss nicht betroffen werden solche F\u00e4lle, in denen wegen Vorsatzes oder grober Fahrl\u00e4ssigkeit zwingend gehaftet wird.<br>Der Besteller stellt bhv von allen Anspr\u00fcchen Dritter frei, die \u00fcber den Rahmen der Haftung nach diesen Bedingungen hinausgehen.<br><\/li>\n\n\n\n<li><strong>Sonstige Bestimmungen<\/strong><br><strong>10.1. <\/strong>Erf\u00fcllungsort f\u00fcr die beiderseitigen Leistungen ist Neuss. Im kaufm\u00e4nnischen Verkehr gilt Neuss als Gerichtsstand vereinbart.<br><strong>10.2.<\/strong>Die Rechtsbeziehungen zwischen der bhv und dem Besteller unterliegen ausschlie\u00dflich dem Recht der Bundesrepublik Deutschland.<br><strong>10.3. <\/strong>Sollte eine Vertragsbestimmung ganz oder teilweise unwirksam sein, so wird hierdurch die Wirksamkeit des Vertrages im \u00dcbrigen nicht ber\u00fchrt.<\/li>\n<\/ol>\n<\/div>","protected":false},"excerpt":{"rendered":"<p>Allgemeine Gesch\u00e4ftsbedingungen<\/p>","protected":false},"author":1,"featured_media":0,"parent":0,"menu_order":0,"comment_status":"closed","ping_status":"closed","template":"","meta":{"footnotes":""},"class_list":["post-85","page","type-page","status-publish"],"yoast_head":"<!-- This site is optimized with the Yoast SEO plugin v27.5 - https:\/\/yoast.com\/product\/yoast-seo-wordpress\/ -->\n<title>Allgemeine Gesch\u00e4ftsbedingungen - bhv Verlag GmbH<\/title>\n<meta name=\"robots\" content=\"index, follow, max-snippet:-1, max-image-preview:large, max-video-preview:-1\" \/>\n<link rel=\"canonical\" href=\"https:\/\/bhv.de\/en\/de\/allgemeine-geschaeftsbedingungen\/\" \/>\n<meta property=\"og:locale\" content=\"en_GB\" \/>\n<meta property=\"og:type\" content=\"article\" \/>\n<meta property=\"og:title\" content=\"Allgemeine Gesch\u00e4ftsbedingungen - bhv Verlag GmbH\" \/>\n<meta property=\"og:description\" content=\"Allgemeine Gesch\u00e4ftsbedingungen\" \/>\n<meta property=\"og:url\" content=\"https:\/\/bhv.de\/en\/de\/allgemeine-geschaeftsbedingungen\/\" \/>\n<meta property=\"og:site_name\" content=\"bhv Verlag GmbH\" \/>\n<meta property=\"article:modified_time\" content=\"2026-05-04T11:52:30+00:00\" \/>\n<meta name=\"twitter:card\" content=\"summary_large_image\" \/>\n<meta name=\"twitter:label1\" content=\"Estimated reading time\" \/>\n\t<meta name=\"twitter:data1\" content=\"9 minutes\" \/>\n<script type=\"application\/ld+json\" class=\"yoast-schema-graph\">{\"@context\":\"https:\\\/\\\/schema.org\",\"@graph\":[{\"@type\":\"WebPage\",\"@id\":\"https:\\\/\\\/bhv.de\\\/de\\\/allgemeine-geschaeftsbedingungen\\\/\",\"url\":\"https:\\\/\\\/bhv.de\\\/de\\\/allgemeine-geschaeftsbedingungen\\\/\",\"name\":\"Allgemeine Gesch\u00e4ftsbedingungen - bhv Verlag GmbH\",\"isPartOf\":{\"@id\":\"https:\\\/\\\/bhv.de\\\/#website\"},\"datePublished\":\"2026-03-19T14:22:52+00:00\",\"dateModified\":\"2026-05-04T11:52:30+00:00\",\"breadcrumb\":{\"@id\":\"https:\\\/\\\/bhv.de\\\/de\\\/allgemeine-geschaeftsbedingungen\\\/#breadcrumb\"},\"inLanguage\":\"en-GB\",\"potentialAction\":[{\"@type\":\"ReadAction\",\"target\":[\"https:\\\/\\\/bhv.de\\\/de\\\/allgemeine-geschaeftsbedingungen\\\/\"]}]},{\"@type\":\"BreadcrumbList\",\"@id\":\"https:\\\/\\\/bhv.de\\\/de\\\/allgemeine-geschaeftsbedingungen\\\/#breadcrumb\",\"itemListElement\":[{\"@type\":\"ListItem\",\"position\":1,\"name\":\"Start\",\"item\":\"https:\\\/\\\/bhv.de\\\/\"},{\"@type\":\"ListItem\",\"position\":2,\"name\":\"Allgemeine Gesch\u00e4ftsbedingungen\"}]},{\"@type\":\"WebSite\",\"@id\":\"https:\\\/\\\/bhv.de\\\/#website\",\"url\":\"https:\\\/\\\/bhv.de\\\/\",\"name\":\"bhv Verlag GmbH\",\"description\":\"bhv Verlag GmbH\",\"potentialAction\":[{\"@type\":\"SearchAction\",\"target\":{\"@type\":\"EntryPoint\",\"urlTemplate\":\"https:\\\/\\\/bhv.de\\\/?s={search_term_string}\"},\"query-input\":{\"@type\":\"PropertyValueSpecification\",\"valueRequired\":true,\"valueName\":\"search_term_string\"}}],\"inLanguage\":\"en-GB\"}]}<\/script>\n<!-- \/ Yoast SEO plugin. -->","yoast_head_json":{"title":"Allgemeine Gesch\u00e4ftsbedingungen - bhv Verlag GmbH","robots":{"index":"index","follow":"follow","max-snippet":"max-snippet:-1","max-image-preview":"max-image-preview:large","max-video-preview":"max-video-preview:-1"},"canonical":"https:\/\/bhv.de\/en\/de\/allgemeine-geschaeftsbedingungen\/","og_locale":"en_GB","og_type":"article","og_title":"Allgemeine Gesch\u00e4ftsbedingungen - bhv Verlag GmbH","og_description":"Allgemeine Gesch\u00e4ftsbedingungen","og_url":"https:\/\/bhv.de\/en\/de\/allgemeine-geschaeftsbedingungen\/","og_site_name":"bhv Verlag GmbH","article_modified_time":"2026-05-04T11:52:30+00:00","twitter_card":"summary_large_image","twitter_misc":{"Estimated reading time":"9 minutes"},"schema":{"@context":"https:\/\/schema.org","@graph":[{"@type":"WebPage","@id":"https:\/\/bhv.de\/de\/allgemeine-geschaeftsbedingungen\/","url":"https:\/\/bhv.de\/de\/allgemeine-geschaeftsbedingungen\/","name":"Allgemeine Gesch\u00e4ftsbedingungen - bhv Verlag GmbH","isPartOf":{"@id":"https:\/\/bhv.de\/#website"},"datePublished":"2026-03-19T14:22:52+00:00","dateModified":"2026-05-04T11:52:30+00:00","breadcrumb":{"@id":"https:\/\/bhv.de\/de\/allgemeine-geschaeftsbedingungen\/#breadcrumb"},"inLanguage":"en-GB","potentialAction":[{"@type":"ReadAction","target":["https:\/\/bhv.de\/de\/allgemeine-geschaeftsbedingungen\/"]}]},{"@type":"BreadcrumbList","@id":"https:\/\/bhv.de\/de\/allgemeine-geschaeftsbedingungen\/#breadcrumb","itemListElement":[{"@type":"ListItem","position":1,"name":"Start","item":"https:\/\/bhv.de\/"},{"@type":"ListItem","position":2,"name":"Allgemeine Gesch\u00e4ftsbedingungen"}]},{"@type":"WebSite","@id":"https:\/\/bhv.de\/#website","url":"https:\/\/bhv.de\/","name":"bhv Verlag GmbH","description":"bhv Verlag GmbH","potentialAction":[{"@type":"SearchAction","target":{"@type":"EntryPoint","urlTemplate":"https:\/\/bhv.de\/?s={search_term_string}"},"query-input":{"@type":"PropertyValueSpecification","valueRequired":true,"valueName":"search_term_string"}}],"inLanguage":"en-GB"}]}},"_links":{"self":[{"href":"https:\/\/bhv.de\/en\/wp-json\/wp\/v2\/pages\/85","targetHints":{"allow":["GET"]}}],"collection":[{"href":"https:\/\/bhv.de\/en\/wp-json\/wp\/v2\/pages"}],"about":[{"href":"https:\/\/bhv.de\/en\/wp-json\/wp\/v2\/types\/page"}],"author":[{"embeddable":true,"href":"https:\/\/bhv.de\/en\/wp-json\/wp\/v2\/users\/1"}],"replies":[{"embeddable":true,"href":"https:\/\/bhv.de\/en\/wp-json\/wp\/v2\/comments?post=85"}],"version-history":[{"count":17,"href":"https:\/\/bhv.de\/en\/wp-json\/wp\/v2\/pages\/85\/revisions"}],"predecessor-version":[{"id":1528,"href":"https:\/\/bhv.de\/en\/wp-json\/wp\/v2\/pages\/85\/revisions\/1528"}],"wp:attachment":[{"href":"https:\/\/bhv.de\/en\/wp-json\/wp\/v2\/media?parent=85"}],"curies":[{"name":"wp","href":"https:\/\/api.w.org\/{rel}","templated":true}]}}