{"id":856,"date":"2026-04-17T08:58:50","date_gmt":"2026-04-17T06:58:50","guid":{"rendered":"http:\/\/bhv.de\/?page_id=856"},"modified":"2026-05-04T15:09:13","modified_gmt":"2026-05-04T13:09:13","slug":"ueber-bhv","status":"publish","type":"page","link":"https:\/\/bhv.de\/en\/ueber-bhv\/","title":{"rendered":"About bhv"},"content":{"rendered":"<div class=\"gb-element-bb2d1c32\">\n<h2 class=\"gb-text gb-text-1cfd2936\"><strong>About bhv<\/strong><\/h2>\n<\/div>\n\n\n\n<div>\n<div class=\"gb-element-f267bd7d\">\n<p class=\"gb-text\">Die bhv Verlag GmbH mit Sitz im nordrhein-westf\u00e4lischen <a href=\"https:\/\/www.bad-muenstereifel.de\/startseite\">Bad M\u00fcnstereifel<\/a> steht seit vielen Jahren f\u00fcr praxisnahe IT- und Businessl\u00f6sungen. Unser Ziel ist es, sowohl kleine und mittelst\u00e4ndische Unternehmen (KMU) als auch Privatanwender mit passgenauer Software und fundiertem Fachwissen auszustatten. Unter der Leitung von Gesch\u00e4ftsf\u00fchrer Dieter Dedeke bieten wir ein sorgf\u00e4ltig ausgew\u00e4hltes Portfolio aus den Bereichen Security, Foto- und Bildbearbeitung, Systemoptimierung sowie Office-Anwendungen. Flankiert wird dieses Angebot durch unsere bew\u00e4hrte Fachliteratur, die Einsteigern wie Umsteigern hilft, komplexe technische Fragestellungen souver\u00e4n zu meistern.<\/p>\n<\/div>\n\n\n\n<div>\n<h3 class=\"gb-text\">Unsere Wurzeln: Pioniergeist seit 1984<\/h3>\n\n\n\n<div class=\"gb-element-ebaa691f\">\n<div>\n<figure class=\"wp-block-image size-full\"><img loading=\"lazy\" decoding=\"async\" width=\"200\" height=\"200\" src=\"http:\/\/bhv.de\/wp-content\/uploads\/2026\/04\/bhv-logo-history-01.png\" alt=\"bhv--logo-history-01\" class=\"wp-image-871\"\/><\/figure>\n<\/div>\n\n\n\n<div>\n<p class=\"gb-text\">Die Geschichte von bhv reicht bis in das Jahr 1984 zur\u00fcck, als die rasante Entwicklung des Heimcomputer- und PC-Marktes begann. In den 1990er-Jahren machte sich das Unternehmen unter dem Namen bhv Verlags GmbH branchenweit einen Namen. Gro\u00dfe Bekanntheit erlangte der Verlag in dieser Zeit unter anderem durch die \u00fcberaus erfolgreiche Buchreihe \u201eDas Einsteigerseminar\u201c sowie durch den Vertrieb beliebter Lernsoftware wie \u201eWinFunktion Mathematik\u201c, die ab 1995 das Portfolio bereicherte.<\/p>\n<\/div>\n<\/div>\n<\/div>\n\n\n\n<div>\n<h3 class=\"gb-text\">Expansion und Wandel in den 2000er-Jahren<\/h3>\n\n\n\n<div class=\"gb-element-c97cb9da\">\n<div>\n<p class=\"gb-text\">Mit dem Anbruch des neuen Jahrtausends firmierte das Unternehmen als bhv Software GmbH &amp; Co. KG und entwickelte sich zu einem vielseitigen, unabh\u00e4ngigen Software-Publisher f\u00fcr digitale Medien, Bildung, Tools und Spiele. Im Jahr 2003 begann bhv erfolgreich mit der internationalen Vermarktung seiner Produkte in Nordamerika und dem europ\u00e4ischen Ausland. Zudem pr\u00e4gte das Unternehmen den Markt durch die Gr\u00fcndung eigener Gaming-Labels wie Rebel Games (2004) und XIDER (2007). Im Jahr 2006 wurde die bhv Software GmbH &amp; Co. KG schlie\u00dflich von der net AG \u00fcbernommen, was einen weiteren Meilenstein in der Professionalisierung des Kerngesch\u00e4fts darstellte.<\/p>\n<\/div>\n\n\n\n<div>\n<figure class=\"wp-block-image size-full\"><img loading=\"lazy\" decoding=\"async\" width=\"200\" height=\"200\" src=\"http:\/\/bhv.de\/wp-content\/uploads\/2026\/04\/bhv-logo-history-02.png\" alt=\"bhv--logo-history-02\" class=\"wp-image-872\"\/><\/figure>\n<\/div>\n<\/div>\n<\/div>\n\n\n\n<div>\n<h3 class=\"gb-text\">Die bhv Verlag GmbH heute<\/h3>\n<\/div>\n<\/div>\n\n\n\n<div class=\"gb-element-b7ca009a\">\n<div>\n<figure class=\"wp-block-image size-full\"><img loading=\"lazy\" decoding=\"async\" width=\"200\" height=\"200\" src=\"http:\/\/bhv.de\/wp-content\/uploads\/2026\/04\/bhv-logo-history-03.png\" alt=\"bhv--logo-history-03\" class=\"wp-image-873\"\/><\/figure>\n<\/div>\n\n\n\n<div>\n<p class=\"gb-text\">Im Januar 2016 wurde die heutige bhv Verlag GmbH (urspr\u00fcnglich gegr\u00fcndet als Eyfalia Publishing GmbH) ins Leben gerufen, um die starken Traditionen der Marke mit neuen, modernen Impulsen zu verbinden. Von unserem Standort in der Langenhecke in Bad M\u00fcnstereifel aus konzentrieren wir uns heute wieder ganz auf unsere Kernkompetenzen: Die Vermittlung von digitalem Wissen und die Bereitstellung erstklassiger Softwarel\u00f6sungen f\u00fcr den produktiven Alltag und den Vertrieb der Produkte f\u00fcr <a href=\"\/en\/product-category\/bitdefender-produkte-privatanwender\/\">Privatanwender<\/a> und <a href=\"\/en\/product-category\/bitdefender-produkte-geschaeftskunden\/\">Gesch\u00e4ftskunden<\/a> von Bitdefender in der DACH-Region.<\/p>\n<\/div>\n<\/div>","protected":false},"excerpt":{"rendered":"<p>\u00dcber bhv Die bhv Verlag GmbH mit Sitz im nordrhein-westf\u00e4lischen Bad M\u00fcnstereifel steht seit vielen Jahren f\u00fcr praxisnahe IT- und Businessl\u00f6sungen. Unser Ziel ist es, sowohl kleine und mittelst\u00e4ndische Unternehmen (KMU) als auch Privatanwender mit passgenauer Software und fundiertem Fachwissen auszustatten. Unter der Leitung von Gesch\u00e4ftsf\u00fchrer Dieter Dedeke bieten wir ein sorgf\u00e4ltig ausgew\u00e4hltes Portfolio aus &#8230; <a title=\"About bhv\" class=\"read-more\" href=\"https:\/\/bhv.de\/en\/ueber-bhv\/\" aria-label=\"Read more about \u00dcber bhv\">Read more<\/a><\/p>","protected":false},"author":1,"featured_media":0,"parent":0,"menu_order":0,"comment_status":"closed","ping_status":"closed","template":"","meta":{"footnotes":""},"class_list":["post-856","page","type-page","status-publish"],"yoast_head":"<!-- This site is optimized with the Yoast SEO plugin v27.5 - https:\/\/yoast.com\/product\/yoast-seo-wordpress\/ -->\n<title>\u00dcber bhv - bhv Verlag GmbH<\/title>\n<meta name=\"robots\" content=\"index, follow, max-snippet:-1, max-image-preview:large, max-video-preview:-1\" \/>\n<link rel=\"canonical\" href=\"https:\/\/bhv.de\/en\/de\/ueber-bhv\/\" \/>\n<meta property=\"og:locale\" content=\"en_GB\" \/>\n<meta property=\"og:type\" content=\"article\" \/>\n<meta property=\"og:title\" content=\"\u00dcber bhv - bhv Verlag GmbH\" \/>\n<meta property=\"og:description\" content=\"\u00dcber bhv Die bhv Verlag GmbH mit Sitz im nordrhein-westf\u00e4lischen Bad M\u00fcnstereifel steht seit vielen Jahren f\u00fcr praxisnahe IT- und Businessl\u00f6sungen. Unser Ziel ist es, sowohl kleine und mittelst\u00e4ndische Unternehmen (KMU) als auch Privatanwender mit passgenauer Software und fundiertem Fachwissen auszustatten. Unter der Leitung von Gesch\u00e4ftsf\u00fchrer Dieter Dedeke bieten wir ein sorgf\u00e4ltig ausgew\u00e4hltes Portfolio aus ... Read more\" \/>\n<meta property=\"og:url\" content=\"https:\/\/bhv.de\/en\/de\/ueber-bhv\/\" \/>\n<meta property=\"og:site_name\" content=\"bhv Verlag GmbH\" \/>\n<meta property=\"article:modified_time\" content=\"2026-05-04T13:09:13+00:00\" \/>\n<meta property=\"og:image\" content=\"http:\/\/bhv.de\/wp-content\/uploads\/2026\/04\/bhv-logo-history-01.png\" \/>\n<meta name=\"twitter:card\" content=\"summary_large_image\" \/>\n<meta name=\"twitter:label1\" content=\"Estimated reading time\" \/>\n\t<meta name=\"twitter:data1\" content=\"3 minutes\" \/>\n<script type=\"application\/ld+json\" class=\"yoast-schema-graph\">{\"@context\":\"https:\\\/\\\/schema.org\",\"@graph\":[{\"@type\":\"WebPage\",\"@id\":\"https:\\\/\\\/bhv.de\\\/de\\\/ueber-bhv\\\/\",\"url\":\"https:\\\/\\\/bhv.de\\\/de\\\/ueber-bhv\\\/\",\"name\":\"\u00dcber bhv - bhv Verlag GmbH\",\"isPartOf\":{\"@id\":\"https:\\\/\\\/bhv.de\\\/#website\"},\"primaryImageOfPage\":{\"@id\":\"https:\\\/\\\/bhv.de\\\/de\\\/ueber-bhv\\\/#primaryimage\"},\"image\":{\"@id\":\"https:\\\/\\\/bhv.de\\\/de\\\/ueber-bhv\\\/#primaryimage\"},\"thumbnailUrl\":\"http:\\\/\\\/bhv.de\\\/wp-content\\\/uploads\\\/2026\\\/04\\\/bhv-logo-history-01.png\",\"datePublished\":\"2026-04-17T06:58:50+00:00\",\"dateModified\":\"2026-05-04T13:09:13+00:00\",\"breadcrumb\":{\"@id\":\"https:\\\/\\\/bhv.de\\\/de\\\/ueber-bhv\\\/#breadcrumb\"},\"inLanguage\":\"en-GB\",\"potentialAction\":[{\"@type\":\"ReadAction\",\"target\":[\"https:\\\/\\\/bhv.de\\\/de\\\/ueber-bhv\\\/\"]}]},{\"@type\":\"ImageObject\",\"inLanguage\":\"en-GB\",\"@id\":\"https:\\\/\\\/bhv.de\\\/de\\\/ueber-bhv\\\/#primaryimage\",\"url\":\"http:\\\/\\\/bhv.de\\\/wp-content\\\/uploads\\\/2026\\\/04\\\/bhv-logo-history-01.png\",\"contentUrl\":\"http:\\\/\\\/bhv.de\\\/wp-content\\\/uploads\\\/2026\\\/04\\\/bhv-logo-history-01.png\"},{\"@type\":\"BreadcrumbList\",\"@id\":\"https:\\\/\\\/bhv.de\\\/de\\\/ueber-bhv\\\/#breadcrumb\",\"itemListElement\":[{\"@type\":\"ListItem\",\"position\":1,\"name\":\"Start\",\"item\":\"https:\\\/\\\/bhv.de\\\/\"},{\"@type\":\"ListItem\",\"position\":2,\"name\":\"\u00dcber bhv\"}]},{\"@type\":\"WebSite\",\"@id\":\"https:\\\/\\\/bhv.de\\\/#website\",\"url\":\"https:\\\/\\\/bhv.de\\\/\",\"name\":\"bhv Verlag GmbH\",\"description\":\"bhv Verlag GmbH\",\"potentialAction\":[{\"@type\":\"SearchAction\",\"target\":{\"@type\":\"EntryPoint\",\"urlTemplate\":\"https:\\\/\\\/bhv.de\\\/?s={search_term_string}\"},\"query-input\":{\"@type\":\"PropertyValueSpecification\",\"valueRequired\":true,\"valueName\":\"search_term_string\"}}],\"inLanguage\":\"en-GB\"}]}<\/script>\n<!-- \/ Yoast SEO plugin. -->","yoast_head_json":{"title":"\u00dcber bhv - bhv Verlag GmbH","robots":{"index":"index","follow":"follow","max-snippet":"max-snippet:-1","max-image-preview":"max-image-preview:large","max-video-preview":"max-video-preview:-1"},"canonical":"https:\/\/bhv.de\/en\/de\/ueber-bhv\/","og_locale":"en_GB","og_type":"article","og_title":"\u00dcber bhv - bhv Verlag GmbH","og_description":"\u00dcber bhv Die bhv Verlag GmbH mit Sitz im nordrhein-westf\u00e4lischen Bad M\u00fcnstereifel steht seit vielen Jahren f\u00fcr praxisnahe IT- und Businessl\u00f6sungen. Unser Ziel ist es, sowohl kleine und mittelst\u00e4ndische Unternehmen (KMU) als auch Privatanwender mit passgenauer Software und fundiertem Fachwissen auszustatten. Unter der Leitung von Gesch\u00e4ftsf\u00fchrer Dieter Dedeke bieten wir ein sorgf\u00e4ltig ausgew\u00e4hltes Portfolio aus ... Read more","og_url":"https:\/\/bhv.de\/en\/de\/ueber-bhv\/","og_site_name":"bhv Verlag GmbH","article_modified_time":"2026-05-04T13:09:13+00:00","og_image":[{"url":"http:\/\/bhv.de\/wp-content\/uploads\/2026\/04\/bhv-logo-history-01.png","type":"","width":"","height":""}],"twitter_card":"summary_large_image","twitter_misc":{"Estimated reading time":"3 minutes"},"schema":{"@context":"https:\/\/schema.org","@graph":[{"@type":"WebPage","@id":"https:\/\/bhv.de\/de\/ueber-bhv\/","url":"https:\/\/bhv.de\/de\/ueber-bhv\/","name":"\u00dcber bhv - bhv Verlag GmbH","isPartOf":{"@id":"https:\/\/bhv.de\/#website"},"primaryImageOfPage":{"@id":"https:\/\/bhv.de\/de\/ueber-bhv\/#primaryimage"},"image":{"@id":"https:\/\/bhv.de\/de\/ueber-bhv\/#primaryimage"},"thumbnailUrl":"http:\/\/bhv.de\/wp-content\/uploads\/2026\/04\/bhv-logo-history-01.png","datePublished":"2026-04-17T06:58:50+00:00","dateModified":"2026-05-04T13:09:13+00:00","breadcrumb":{"@id":"https:\/\/bhv.de\/de\/ueber-bhv\/#breadcrumb"},"inLanguage":"en-GB","potentialAction":[{"@type":"ReadAction","target":["https:\/\/bhv.de\/de\/ueber-bhv\/"]}]},{"@type":"ImageObject","inLanguage":"en-GB","@id":"https:\/\/bhv.de\/de\/ueber-bhv\/#primaryimage","url":"http:\/\/bhv.de\/wp-content\/uploads\/2026\/04\/bhv-logo-history-01.png","contentUrl":"http:\/\/bhv.de\/wp-content\/uploads\/2026\/04\/bhv-logo-history-01.png"},{"@type":"BreadcrumbList","@id":"https:\/\/bhv.de\/de\/ueber-bhv\/#breadcrumb","itemListElement":[{"@type":"ListItem","position":1,"name":"Start","item":"https:\/\/bhv.de\/"},{"@type":"ListItem","position":2,"name":"\u00dcber bhv"}]},{"@type":"WebSite","@id":"https:\/\/bhv.de\/#website","url":"https:\/\/bhv.de\/","name":"bhv Verlag GmbH","description":"bhv Verlag GmbH","potentialAction":[{"@type":"SearchAction","target":{"@type":"EntryPoint","urlTemplate":"https:\/\/bhv.de\/?s={search_term_string}"},"query-input":{"@type":"PropertyValueSpecification","valueRequired":true,"valueName":"search_term_string"}}],"inLanguage":"en-GB"}]}},"_links":{"self":[{"href":"https:\/\/bhv.de\/en\/wp-json\/wp\/v2\/pages\/856","targetHints":{"allow":["GET"]}}],"collection":[{"href":"https:\/\/bhv.de\/en\/wp-json\/wp\/v2\/pages"}],"about":[{"href":"https:\/\/bhv.de\/en\/wp-json\/wp\/v2\/types\/page"}],"author":[{"embeddable":true,"href":"https:\/\/bhv.de\/en\/wp-json\/wp\/v2\/users\/1"}],"replies":[{"embeddable":true,"href":"https:\/\/bhv.de\/en\/wp-json\/wp\/v2\/comments?post=856"}],"version-history":[{"count":21,"href":"https:\/\/bhv.de\/en\/wp-json\/wp\/v2\/pages\/856\/revisions"}],"predecessor-version":[{"id":1553,"href":"https:\/\/bhv.de\/en\/wp-json\/wp\/v2\/pages\/856\/revisions\/1553"}],"wp:attachment":[{"href":"https:\/\/bhv.de\/en\/wp-json\/wp\/v2\/media?parent=856"}],"curies":[{"name":"wp","href":"https:\/\/api.w.org\/{rel}","templated":true}]}}