{"id":18,"date":"2026-03-19T10:56:43","date_gmt":"2026-03-19T09:56:43","guid":{"rendered":"http:\/\/bhv.de\/?post_type=product&#038;p=18"},"modified":"2026-04-24T10:53:38","modified_gmt":"2026-04-24T08:53:38","slug":"bitdefender-internet-security-18-monate","status":"publish","type":"product","link":"https:\/\/bhv.de\/en\/product\/bitdefender-internet-security-18-monate\/","title":{"rendered":"Bitdefender Internet Security"},"content":{"rendered":"<h3 class=\"wp-block-heading\"><strong>Erleben Sie Internet Security auf h\u00f6chstem Niveau mit Bitdefender \u2013 Ihr Schutzschild im digitalen Alltag!<\/strong><\/h3>\n\n\n\n<p>Bitdefender Internet Security ist die umfassende Internet Security-L\u00f6sung f\u00fcr Ihren Windows-PC und bietet mehrschichtigen Schutz vor allen g\u00e4ngigen Cyberbedrohungen. Als Testsieger sch\u00fctzt Bitdefender vor Viren, Trojanern, Ransomware und Zero-Day-Exploits durch verhaltensbasierte Erkennung und Cloud-Scanning, ohne Ihre Systemleistung zu beeintr\u00e4chtigen. Der erweiterte Datenschutz mit Webcam-\u00dcberwachung, Anti-Tracker und Kindersicherung macht diese Software zur idealen Wahl f\u00fcr Familien und Privatnutzer.<\/p>\n\n\n\n<p>Genie\u00dfen Sie sicheres Online-Banking dank SafePay-Browser, Spam-Filterung und Firewall, die Hackerangriffe im Vorfeld blockiert. Die VPN-Funktion (200 MB\/Tag) sichert \u00f6ffentliche WLANs, w\u00e4hrend der WLAN-Sicherheitsberater Ihr Heimnetzwerk pr\u00fcft. F\u00fcr 18 Monate auf einem Ger\u00e4t liefert der AutoPilot intuitive Empfehlungen, und Features wie Dateiverschl\u00fcsselung sowie Mikrofon-Schutz gew\u00e4hrleisten maximale Privatsph\u00e4re. Internet Security von Bitdefender \u2013 Schutz, der Sie \u00fcberall begleitet.<\/p>\n\n\n\n<h3 class=\"wp-block-heading\"><strong>Features von Bitdefender Internet Security<\/strong><\/h3>\n\n\n\n<ul class=\"wp-block-list\">\n<li>Erweiterte Gefahrenabwehr mit Verhaltensanalyse gegen Viren, W\u00fcrmer, Rootkits und Ransomware.<\/li>\n\n\n\n<li>Datenschutz in Echtzeit inklusive Webcam-\/Mikrofon-\u00dcberwachung und Anti-Tracker f\u00fcr anonymes Surfen.<\/li>\n\n\n\n<li>SafePay f\u00fcr Online-Banking mit Tastaturschutz und Anti-Phishing gegen Betrug.<\/li>\n\n\n\n<li>VPN mit 200 MB pro Tag und WLAN-Sicherheitsberater sorgen f\u00fcr ein sicheres Netzwerke.<\/li>\n\n\n\n<li>Perfekt zum Schutz Ihrer Kinder: Kindersicherung mit Bildschirmzeitlimits und Inhaltsfilter.<\/li>\n\n\n\n<li>Auto-Pilot &amp; Photon-Technologie f\u00fcr optimale Performance und OneClick-Optimierung.<\/li>\n<\/ul>\n\n\n\n<h3 class=\"wp-block-heading\"><strong>Systemanforderungen von Bitdefender Internet Security<\/strong><\/h3>\n\n\n\n<div class=\"gb-element-a5058d0e\">\n<h3 class=\"gb-text\">Bitdefender f\u00fcr Windows<\/h3>\n\n\n\n<h5 class=\"gb-text\"><strong>Betriebssysteme:<\/strong><\/h5>\n\n\n\n<ul class=\"wp-block-list\">\n<li>Windows 7 mit Service Pack 1, Windows 8.1, Windows 10, Windows 11<br><em><sup>Bitdefender hat die Unterst\u00fctzung (Antimalware-Support) f\u00fcr Windows 7 und Windows 8.1 am 14. Januar 2026 beendet. <\/sup><\/em><br><em><sup>Den Support f\u00fcr Windows 10 stellt Bitdefender am 14. Oktober 2026 ein. <\/sup><\/em><br><em><sup>Nach dem Ende des Supports k\u00f6nnen Sie \u00fcber Ihr Bitdefender-Central-Konto die Restlaufzeit Ihrer aktivierten Lizenzen auf ein Ger\u00e4t \u00fcbertragen, das mit einem von Bitdefender unterst\u00fctzten Betriebssystem l\u00e4uft.<\/sup><\/em><\/li>\n\n\n\n<li>Windows Server 2016 oder h\u00f6her mit Desktop Experience (Standard\/RTM, Essentials und Datacenter f\u00fcr Windows Server 2016 und 2019; Standard\/RTM und Datacenter f\u00fcr 2022 und 2025)<\/li>\n<\/ul>\n\n\n\n<h5 class=\"gb-text\"><strong>Hardware:<\/strong><\/h5>\n\n\n\n<ul class=\"wp-block-list\">\n<li>Arbeitsspeicher (RAM): 2 GB<\/li>\n\n\n\n<li>Festplattenspeicher: 2.5 GB freier Speicherplatz<\/li>\n\n\n\n<li>Prozessor: Die Systemleistung kann bei Ger\u00e4ten mit CPUs der \u00e4lteren Generation beeintr\u00e4chtigt sein.<\/li>\n<\/ul>\n\n\n\n<h5 class=\"gb-text\"><strong>Software:<\/strong><\/h5>\n\n\n\n<ul class=\"wp-block-list\">\n<li>Internet Explorer Version 11<\/li>\n<\/ul>\n<\/div>\n\n\n\n<h3 class=\"wp-block-heading\"><strong>Lieferumfang&nbsp;<\/strong><\/h3>\n\n\n\n<p class=\"gb-text\">Sie erhalten keinen Datentr\u00e4ger, sondern ausschlie\u00dflich den Produktschl\u00fcssel, der in Ihrem Bitdefender Central-Konto aktiviert werden muss. Der Produktschl\u00fcssel muss erstmalig in Deutschland, \u00d6sterreich oder der Schweiz aktiviert werden; anschlie\u00dfend funktioniert Bitdefender weltweit.<\/p>","protected":false},"excerpt":{"rendered":"<p><strong>Erh\u00e4ltlich bei folgenden Partnern:<br \/>\n<\/strong>Im gut sortierten B\u00fcro- und IT-Fachhandel, MediaMarkt\/Saturn, Expert, Euronics, Conrad, MediMax, Kaufland, Metro, API, uvm.<\/p>","protected":false},"featured_media":33,"comment_status":"open","ping_status":"closed","template":"","meta":[],"product_brand":[29],"product_cat":[44],"product_tag":[25,28,26,27],"class_list":{"0":"post-18","1":"product","2":"type-product","3":"status-publish","4":"has-post-thumbnail","6":"product_brand-bitdefender","7":"product_cat-bitdefender-produkte-privatanwender","8":"product_tag-bitdefender","9":"product_tag-internet","10":"product_tag-security","11":"product_tag-sicherheit","13":"first","14":"outofstock","15":"taxable","16":"shipping-taxable","17":"purchasable","18":"product-type-variable"},"yoast_head":"<!-- This site is optimized with the Yoast SEO plugin v27.5 - https:\/\/yoast.com\/product\/yoast-seo-wordpress\/ -->\n<title>Bitdefender Internet Security - bhv Verlag GmbH<\/title>\n<meta name=\"description\" content=\"Bitdefender Internet Security bietet zuverl\u00e4ssigen Schutz vor Viren, Phishing und Ransomware \u2013 f\u00fcr mehr Sicherheit beim Surfen und Online-Banking.\" \/>\n<meta name=\"robots\" content=\"index, follow, max-snippet:-1, max-image-preview:large, max-video-preview:-1\" \/>\n<link rel=\"canonical\" href=\"https:\/\/bhv.de\/en\/product\/bitdefender-internet-security-18-monate\/\" \/>\n<meta property=\"og:locale\" content=\"en_GB\" \/>\n<meta property=\"og:type\" content=\"article\" \/>\n<meta property=\"og:title\" content=\"Bitdefender Internet Security - bhv Verlag GmbH\" \/>\n<meta property=\"og:description\" content=\"Bitdefender Internet Security bietet zuverl\u00e4ssigen Schutz vor Viren, Phishing und Ransomware \u2013 f\u00fcr mehr Sicherheit beim Surfen und Online-Banking.\" \/>\n<meta property=\"og:url\" content=\"https:\/\/bhv.de\/en\/product\/bitdefender-internet-security-18-monate\/\" \/>\n<meta property=\"og:site_name\" content=\"bhv Verlag GmbH\" \/>\n<meta property=\"article:modified_time\" content=\"2026-04-24T08:53:38+00:00\" \/>\n<meta property=\"og:image\" content=\"https:\/\/bhv.de\/wp-content\/uploads\/2026\/03\/BD-IS-2D.jpg\" \/>\n\t<meta property=\"og:image:width\" content=\"1800\" \/>\n\t<meta property=\"og:image:height\" content=\"1800\" \/>\n\t<meta property=\"og:image:type\" content=\"image\/jpeg\" \/>\n<meta name=\"twitter:card\" content=\"summary_large_image\" \/>\n<meta name=\"twitter:label1\" content=\"Estimated reading time\" \/>\n\t<meta name=\"twitter:data1\" content=\"3 minutes\" \/>\n<script type=\"application\/ld+json\" class=\"yoast-schema-graph\">{\"@context\":\"https:\\\/\\\/schema.org\",\"@graph\":[{\"@type\":\"WebPage\",\"@id\":\"https:\\\/\\\/bhv.de\\\/produkt\\\/bitdefender-internet-security-18-monate\\\/\",\"url\":\"https:\\\/\\\/bhv.de\\\/produkt\\\/bitdefender-internet-security-18-monate\\\/\",\"name\":\"Bitdefender Internet Security - bhv Verlag GmbH\",\"isPartOf\":{\"@id\":\"https:\\\/\\\/bhv.de\\\/#website\"},\"primaryImageOfPage\":{\"@id\":\"https:\\\/\\\/bhv.de\\\/produkt\\\/bitdefender-internet-security-18-monate\\\/#primaryimage\"},\"image\":{\"@id\":\"https:\\\/\\\/bhv.de\\\/produkt\\\/bitdefender-internet-security-18-monate\\\/#primaryimage\"},\"thumbnailUrl\":\"https:\\\/\\\/bhv.de\\\/wp-content\\\/uploads\\\/2026\\\/03\\\/BD-IS-2D.jpg\",\"datePublished\":\"2026-03-19T09:56:43+00:00\",\"dateModified\":\"2026-04-24T08:53:38+00:00\",\"description\":\"Bitdefender Internet Security bietet zuverl\u00e4ssigen Schutz vor Viren, Phishing und Ransomware \u2013 f\u00fcr mehr Sicherheit beim Surfen und Online-Banking.\",\"breadcrumb\":{\"@id\":\"https:\\\/\\\/bhv.de\\\/produkt\\\/bitdefender-internet-security-18-monate\\\/#breadcrumb\"},\"inLanguage\":\"en-GB\",\"potentialAction\":[{\"@type\":\"ReadAction\",\"target\":[\"https:\\\/\\\/bhv.de\\\/produkt\\\/bitdefender-internet-security-18-monate\\\/\"]}]},{\"@type\":\"ImageObject\",\"inLanguage\":\"en-GB\",\"@id\":\"https:\\\/\\\/bhv.de\\\/produkt\\\/bitdefender-internet-security-18-monate\\\/#primaryimage\",\"url\":\"https:\\\/\\\/bhv.de\\\/wp-content\\\/uploads\\\/2026\\\/03\\\/BD-IS-2D.jpg\",\"contentUrl\":\"https:\\\/\\\/bhv.de\\\/wp-content\\\/uploads\\\/2026\\\/03\\\/BD-IS-2D.jpg\",\"width\":1800,\"height\":1800,\"caption\":\"Bitdefender Internet Security\"},{\"@type\":\"BreadcrumbList\",\"@id\":\"https:\\\/\\\/bhv.de\\\/produkt\\\/bitdefender-internet-security-18-monate\\\/#breadcrumb\",\"itemListElement\":[{\"@type\":\"ListItem\",\"position\":1,\"name\":\"Start\",\"item\":\"https:\\\/\\\/bhv.de\\\/\"},{\"@type\":\"ListItem\",\"position\":2,\"name\":\"Produkte\",\"item\":\"https:\\\/\\\/bhv.de\\\/de\\\/shop\\\/\"},{\"@type\":\"ListItem\",\"position\":3,\"name\":\"Bitdefender Internet Security\"}]},{\"@type\":\"WebSite\",\"@id\":\"https:\\\/\\\/bhv.de\\\/#website\",\"url\":\"https:\\\/\\\/bhv.de\\\/\",\"name\":\"bhv Verlag GmbH\",\"description\":\"bhv Verlag GmbH\",\"potentialAction\":[{\"@type\":\"SearchAction\",\"target\":{\"@type\":\"EntryPoint\",\"urlTemplate\":\"https:\\\/\\\/bhv.de\\\/?s={search_term_string}\"},\"query-input\":{\"@type\":\"PropertyValueSpecification\",\"valueRequired\":true,\"valueName\":\"search_term_string\"}}],\"inLanguage\":\"en-GB\"}]}<\/script>\n<!-- \/ Yoast SEO plugin. -->","yoast_head_json":{"title":"Bitdefender Internet Security - bhv Verlag GmbH","description":"Bitdefender Internet Security bietet zuverl\u00e4ssigen Schutz vor Viren, Phishing und Ransomware \u2013 f\u00fcr mehr Sicherheit beim Surfen und Online-Banking.","robots":{"index":"index","follow":"follow","max-snippet":"max-snippet:-1","max-image-preview":"max-image-preview:large","max-video-preview":"max-video-preview:-1"},"canonical":"https:\/\/bhv.de\/en\/product\/bitdefender-internet-security-18-monate\/","og_locale":"en_GB","og_type":"article","og_title":"Bitdefender Internet Security - bhv Verlag GmbH","og_description":"Bitdefender Internet Security bietet zuverl\u00e4ssigen Schutz vor Viren, Phishing und Ransomware \u2013 f\u00fcr mehr Sicherheit beim Surfen und Online-Banking.","og_url":"https:\/\/bhv.de\/en\/product\/bitdefender-internet-security-18-monate\/","og_site_name":"bhv Verlag GmbH","article_modified_time":"2026-04-24T08:53:38+00:00","og_image":[{"width":1800,"height":1800,"url":"https:\/\/bhv.de\/wp-content\/uploads\/2026\/03\/BD-IS-2D.jpg","type":"image\/jpeg"}],"twitter_card":"summary_large_image","twitter_misc":{"Estimated reading time":"3 minutes"},"schema":{"@context":"https:\/\/schema.org","@graph":[{"@type":"WebPage","@id":"https:\/\/bhv.de\/produkt\/bitdefender-internet-security-18-monate\/","url":"https:\/\/bhv.de\/produkt\/bitdefender-internet-security-18-monate\/","name":"Bitdefender Internet Security - bhv Verlag GmbH","isPartOf":{"@id":"https:\/\/bhv.de\/#website"},"primaryImageOfPage":{"@id":"https:\/\/bhv.de\/produkt\/bitdefender-internet-security-18-monate\/#primaryimage"},"image":{"@id":"https:\/\/bhv.de\/produkt\/bitdefender-internet-security-18-monate\/#primaryimage"},"thumbnailUrl":"https:\/\/bhv.de\/wp-content\/uploads\/2026\/03\/BD-IS-2D.jpg","datePublished":"2026-03-19T09:56:43+00:00","dateModified":"2026-04-24T08:53:38+00:00","description":"Bitdefender Internet Security bietet zuverl\u00e4ssigen Schutz vor Viren, Phishing und Ransomware \u2013 f\u00fcr mehr Sicherheit beim Surfen und Online-Banking.","breadcrumb":{"@id":"https:\/\/bhv.de\/produkt\/bitdefender-internet-security-18-monate\/#breadcrumb"},"inLanguage":"en-GB","potentialAction":[{"@type":"ReadAction","target":["https:\/\/bhv.de\/produkt\/bitdefender-internet-security-18-monate\/"]}]},{"@type":"ImageObject","inLanguage":"en-GB","@id":"https:\/\/bhv.de\/produkt\/bitdefender-internet-security-18-monate\/#primaryimage","url":"https:\/\/bhv.de\/wp-content\/uploads\/2026\/03\/BD-IS-2D.jpg","contentUrl":"https:\/\/bhv.de\/wp-content\/uploads\/2026\/03\/BD-IS-2D.jpg","width":1800,"height":1800,"caption":"Bitdefender Internet Security"},{"@type":"BreadcrumbList","@id":"https:\/\/bhv.de\/produkt\/bitdefender-internet-security-18-monate\/#breadcrumb","itemListElement":[{"@type":"ListItem","position":1,"name":"Start","item":"https:\/\/bhv.de\/"},{"@type":"ListItem","position":2,"name":"Produkte","item":"https:\/\/bhv.de\/de\/shop\/"},{"@type":"ListItem","position":3,"name":"Bitdefender Internet Security"}]},{"@type":"WebSite","@id":"https:\/\/bhv.de\/#website","url":"https:\/\/bhv.de\/","name":"bhv Verlag GmbH","description":"bhv Verlag GmbH","potentialAction":[{"@type":"SearchAction","target":{"@type":"EntryPoint","urlTemplate":"https:\/\/bhv.de\/?s={search_term_string}"},"query-input":{"@type":"PropertyValueSpecification","valueRequired":true,"valueName":"search_term_string"}}],"inLanguage":"en-GB"}]}},"_links":{"self":[{"href":"https:\/\/bhv.de\/en\/wp-json\/wp\/v2\/product\/18","targetHints":{"allow":["GET"]}}],"collection":[{"href":"https:\/\/bhv.de\/en\/wp-json\/wp\/v2\/product"}],"about":[{"href":"https:\/\/bhv.de\/en\/wp-json\/wp\/v2\/types\/product"}],"replies":[{"embeddable":true,"href":"https:\/\/bhv.de\/en\/wp-json\/wp\/v2\/comments?post=18"}],"wp:featuredmedia":[{"embeddable":true,"href":"https:\/\/bhv.de\/en\/wp-json\/wp\/v2\/media\/33"}],"wp:attachment":[{"href":"https:\/\/bhv.de\/en\/wp-json\/wp\/v2\/media?parent=18"}],"wp:term":[{"taxonomy":"product_brand","embeddable":true,"href":"https:\/\/bhv.de\/en\/wp-json\/wp\/v2\/product_brand?post=18"},{"taxonomy":"product_cat","embeddable":true,"href":"https:\/\/bhv.de\/en\/wp-json\/wp\/v2\/product_cat?post=18"},{"taxonomy":"product_tag","embeddable":true,"href":"https:\/\/bhv.de\/en\/wp-json\/wp\/v2\/product_tag?post=18"}],"curies":[{"name":"wp","href":"https:\/\/api.w.org\/{rel}","templated":true}]}}