{"id":258,"date":"2026-03-30T12:10:08","date_gmt":"2026-03-30T10:10:08","guid":{"rendered":"http:\/\/bhv.de\/?post_type=product&#038;p=258"},"modified":"2026-04-20T10:16:59","modified_gmt":"2026-04-20T08:16:59","slug":"bitdefender-offensive-hardware-config-review-remote","status":"publish","type":"product","link":"https:\/\/bhv.de\/en\/product\/bitdefender-offensive-hardware-config-review-remote\/","title":{"rendered":"Bitdefender Offensive &#8211; Hardware Config Review (Remote)"},"content":{"rendered":"<h3><strong>Remote-Pr\u00fcfung von Hardware-Konfigurationen<\/strong><\/h3>\n<p>Die Bitdefender Offensive &#8211; Hardware Config Review (Remote) ist ein innovativer Sicherheitsdienst, der offensive Cyber-Security-Ans\u00e4tze nutzt, um Ihre Hardware-Konfigurationen remote auf Schwachstellen zu testen. Inspiriert von Bitdefenders Offensive Security Services wie Penetration Testing und Red Teaming, identifiziert diese Review kritische L\u00fccken in Servern, Workstations und Netzwerken, bevor Angreifer zuschlagen \u2013 perfekt f\u00fcr Unternehmen auf www.bhv.de, die proaktiven Schutz suchen.<\/p>\n<h3><strong>H\u00e4rtung der IT-Infrastruktur und NIS2-Compliance<\/strong><\/h3>\n<p>Mit Fokus auf Bitdefender-Technologien simuliert der Dienst reale Angriffe, pr\u00fcft Hardware-Kompatibilit\u00e4t und optimiert Konfigurationen f\u00fcr maximale Cyber-Security. Ob fehlerhafte Firmware, ungesicherte Ports oder unangepasste Systemressourcen: Die remote Analyse liefert handfeste Empfehlungen, um Ihre IT-Infrastruktur zu h\u00e4rten. Diese einzigartige Kombination aus offensiver Simulation und defensiver St\u00e4rkung minimiert Risiken und gew\u00e4hrleistet Compliance mit Standards wie NIS2 oder ISO 27001. Erleben Sie, wie Bitdefender-basierte Offensive Reviews Ihre Hardware auf das n\u00e4chste Level in der Cyber-Security bringen.<\/p>\n<h3><strong>Features von Bitdefender Offensive &#8211; Hardware Config Review (Remote)<\/strong><\/h3>\n<ul>\n<li>Offensive Schwachstellen-Scan: Remote-Simulation von Angriffen auf Hardware-Konfigurationen, um Bitdefender-kompatible Sicherheitsl\u00fccken aufzudecken.<\/li>\n<li>Hardware-Penetrationstests: Pr\u00fcfung von Servern und Workstations auf Ausnutzbarkeit, inklusive Firmware und Netzwerk-Interfaces.<\/li>\n<li>Red-Teaming-Elemente: Test Ihres Blue Teams gegen simulierte Bitdefender-gest\u00fctzte Bedrohungen f\u00fcr realistische Cyber-Security-Verbesserungen.<\/li>\n<li>Detaillierter Risiko-Report: Priorisierte Handlungsempfehlungen mit Fokus auf Hardware-Optimierung und Bitdefender-Integration.<\/li>\n<li>Schnelle, sichere Remote-Ausf\u00fchrung: Kein On-Site-Bedarf, vollst\u00e4ndig \u00fcber verschl\u00fcsselte Kan\u00e4le f\u00fcr minimale St\u00f6rungen.<\/li>\n<\/ul>\n<h3><strong>FAQs<\/strong><\/h3>\n<ul>\n<li><strong>Was unterscheidet offensive von defensiver Cyber-Security?<\/strong><br \/>\nOffensive Reviews wie diese simulieren Hacker-Angriffe auf Ihre Hardware, um Schw\u00e4chen proaktiv zu beheben \u2013 im Gegensatz zu reiner Abwehr mit Bitdefender-Tools.<\/li>\n<li><strong>Kann die Review auf Workstations und Servern angewendet werden?<\/strong><br \/>\nJa, sie deckt alle Hardware-Typen ab, mit speziellem Fokus auf Bitdefender-Kompatibilit\u00e4t und Cyber-Security-H\u00e4rtung.<\/li>\n<li><strong>Wie lange dauert die Bitdefender Offensive &#8211; Hardware Config Review?<\/strong><br \/>\nTypischerweise 4-8 Stunden remote, abh\u00e4ngig von der Umfang, mit sofort umsetzbaren Ergebnissen.<\/li>\n<li><strong>Ist diese Review NIS2-konform?<\/strong><br \/>\nAbsolut, sie unterst\u00fctzt Compliance durch identifizierte und geminderte Hardware-Risiken in der Cyber-Security.<\/li>\n<\/ul>\n<p>Tauchen Sie in die Welt der Bitdefender Offensive &#8211; Hardware Config Review (Remote) ein und sichern Sie Ihre Cyber-Security aktiv!<\/p>\n\n\n<div>\n<h3 class=\"gb-text\">GravityZone \u2013 System Requirements<\/h3>\n\n\n\n<p>You can find all the system requirements for Bitdefender GravityZone products on the following Bitdefender website. <a href=\"https:\/\/www.bitdefender.com\/business\/support\/en\/77209-376327-endpoint-protection.html\">https:\/\/www.bitdefender.com\/business\/support\/en\/77209-376327-endpoint-protection.html<\/a><\/p>\n\n\n\n<p>These include:<\/p>\n\n\n\n<ul class=\"wp-block-list\">\n<li>Hardware<\/li>\n\n\n\n<li>Public Cloud Requirements<\/li>\n\n\n\n<li>Supported operating systems<\/li>\n\n\n\n<li>Supported file systems<\/li>\n\n\n\n<li>Supported browsers<\/li>\n\n\n\n<li>Supported browsers\n<ul class=\"wp-block-list\">\n<li>Supported virtualization platforms<\/li>\n\n\n\n<li>Memory and CPU<\/li>\n\n\n\n<li>HDD Space<\/li>\n\n\n\n<li>Security Server distribution on hosts<\/li>\n\n\n\n<li>Network latency<\/li>\n\n\n\n<li>Storage protection load<\/li>\n<\/ul>\n<\/li>\n\n\n\n<li>Trafic usage<\/li>\n<\/ul>\n<\/div>","protected":false},"excerpt":{"rendered":"<p>Die Bitdefender Offensive &#8211; Hardware Config Review (Remote) ist ein proaktiver Sicherheitsdienst, der Ihre Hardware-Konfigurationen wie Server und Workstations durch simulierte Cyberangriffe aus der Ferne auf kritische Schwachstellen pr\u00fcft. Als Ergebnis erhalten Sie detaillierte Handlungsempfehlungen, um Ihre IT-Infrastruktur effektiv zu h\u00e4rten, Angriffsrisiken zu minimieren und wichtige Compliance-Anforderungen wie NIS2 oder ISO 27001 zu erf\u00fcllen.<\/p>","protected":false},"featured_media":164,"comment_status":"open","ping_status":"closed","template":"","meta":[],"product_brand":[29],"product_cat":[43],"product_tag":[25,79,78,71,77,80],"class_list":{"0":"post-258","1":"product","2":"type-product","3":"status-publish","4":"has-post-thumbnail","6":"product_brand-bitdefender","7":"product_cat-bitdefender-produkte-geschaeftskunden","8":"product_tag-bitdefender","9":"product_tag-config","10":"product_tag-hardware","11":"product_tag-offensive","12":"product_tag-remote","13":"product_tag-review","15":"first","16":"outofstock","17":"taxable","18":"shipping-taxable","19":"product-type-simple"},"yoast_head":"<!-- This site is optimized with the Yoast SEO plugin v27.5 - https:\/\/yoast.com\/product\/yoast-seo-wordpress\/ -->\n<title>Bitdefender Offensive - Hardware Config Review (Remote) - bhv Verlag GmbH<\/title>\n<meta name=\"description\" content=\"H\u00e4rten Sie Ihre IT mit der Bitdefender Offensive - Hardware Config Review (Remote). Decken Sie Hardware-Schwachstellen remote auf und minimieren Sie Risiken\" \/>\n<meta name=\"robots\" content=\"index, follow, max-snippet:-1, max-image-preview:large, max-video-preview:-1\" \/>\n<link rel=\"canonical\" href=\"https:\/\/bhv.de\/en\/product\/bitdefender-offensive-hardware-config-review-remote\/\" \/>\n<meta property=\"og:locale\" content=\"en_GB\" \/>\n<meta property=\"og:type\" content=\"article\" \/>\n<meta property=\"og:title\" content=\"Bitdefender Offensive - Hardware Config Review (Remote) - bhv Verlag GmbH\" \/>\n<meta property=\"og:description\" content=\"H\u00e4rten Sie Ihre IT mit der Bitdefender Offensive - Hardware Config Review (Remote). Decken Sie Hardware-Schwachstellen remote auf und minimieren Sie Risiken\" \/>\n<meta property=\"og:url\" content=\"https:\/\/bhv.de\/en\/product\/bitdefender-offensive-hardware-config-review-remote\/\" \/>\n<meta property=\"og:site_name\" content=\"bhv Verlag GmbH\" \/>\n<meta property=\"article:modified_time\" content=\"2026-04-20T08:16:59+00:00\" \/>\n<meta property=\"og:image\" content=\"https:\/\/bhv.de\/wp-content\/uploads\/2026\/03\/Bitdefender-Offensive-Hardware-Config-Review-Remote-1500x1500-1.png\" \/>\n\t<meta property=\"og:image:width\" content=\"1500\" \/>\n\t<meta property=\"og:image:height\" content=\"1500\" \/>\n\t<meta property=\"og:image:type\" content=\"image\/png\" \/>\n<meta name=\"twitter:card\" content=\"summary_large_image\" \/>\n<meta name=\"twitter:label1\" content=\"Estimated reading time\" \/>\n\t<meta name=\"twitter:data1\" content=\"3 minutes\" \/>\n<script type=\"application\/ld+json\" class=\"yoast-schema-graph\">{\"@context\":\"https:\\\/\\\/schema.org\",\"@graph\":[{\"@type\":\"WebPage\",\"@id\":\"https:\\\/\\\/bhv.de\\\/produkt\\\/bitdefender-offensive-hardware-config-review-remote\\\/\",\"url\":\"https:\\\/\\\/bhv.de\\\/produkt\\\/bitdefender-offensive-hardware-config-review-remote\\\/\",\"name\":\"Bitdefender Offensive - Hardware Config Review (Remote) - bhv Verlag GmbH\",\"isPartOf\":{\"@id\":\"https:\\\/\\\/bhv.de\\\/#website\"},\"primaryImageOfPage\":{\"@id\":\"https:\\\/\\\/bhv.de\\\/produkt\\\/bitdefender-offensive-hardware-config-review-remote\\\/#primaryimage\"},\"image\":{\"@id\":\"https:\\\/\\\/bhv.de\\\/produkt\\\/bitdefender-offensive-hardware-config-review-remote\\\/#primaryimage\"},\"thumbnailUrl\":\"https:\\\/\\\/bhv.de\\\/wp-content\\\/uploads\\\/2026\\\/03\\\/Bitdefender-Offensive-Hardware-Config-Review-Remote-1500x1500-1.png\",\"datePublished\":\"2026-03-30T10:10:08+00:00\",\"dateModified\":\"2026-04-20T08:16:59+00:00\",\"description\":\"H\u00e4rten Sie Ihre IT mit der Bitdefender Offensive - Hardware Config Review (Remote). Decken Sie Hardware-Schwachstellen remote auf und minimieren Sie Risiken\",\"breadcrumb\":{\"@id\":\"https:\\\/\\\/bhv.de\\\/produkt\\\/bitdefender-offensive-hardware-config-review-remote\\\/#breadcrumb\"},\"inLanguage\":\"en-GB\",\"potentialAction\":[{\"@type\":\"ReadAction\",\"target\":[\"https:\\\/\\\/bhv.de\\\/produkt\\\/bitdefender-offensive-hardware-config-review-remote\\\/\"]}]},{\"@type\":\"ImageObject\",\"inLanguage\":\"en-GB\",\"@id\":\"https:\\\/\\\/bhv.de\\\/produkt\\\/bitdefender-offensive-hardware-config-review-remote\\\/#primaryimage\",\"url\":\"https:\\\/\\\/bhv.de\\\/wp-content\\\/uploads\\\/2026\\\/03\\\/Bitdefender-Offensive-Hardware-Config-Review-Remote-1500x1500-1.png\",\"contentUrl\":\"https:\\\/\\\/bhv.de\\\/wp-content\\\/uploads\\\/2026\\\/03\\\/Bitdefender-Offensive-Hardware-Config-Review-Remote-1500x1500-1.png\",\"width\":1500,\"height\":1500,\"caption\":\"Bitdefender Offensive - Hardware Config Review (Remote)\"},{\"@type\":\"BreadcrumbList\",\"@id\":\"https:\\\/\\\/bhv.de\\\/produkt\\\/bitdefender-offensive-hardware-config-review-remote\\\/#breadcrumb\",\"itemListElement\":[{\"@type\":\"ListItem\",\"position\":1,\"name\":\"Start\",\"item\":\"https:\\\/\\\/bhv.de\\\/\"},{\"@type\":\"ListItem\",\"position\":2,\"name\":\"Produkte\",\"item\":\"https:\\\/\\\/bhv.de\\\/de\\\/shop\\\/\"},{\"@type\":\"ListItem\",\"position\":3,\"name\":\"Bitdefender Offensive &#8211; Hardware Config Review (Remote)\"}]},{\"@type\":\"WebSite\",\"@id\":\"https:\\\/\\\/bhv.de\\\/#website\",\"url\":\"https:\\\/\\\/bhv.de\\\/\",\"name\":\"bhv Verlag GmbH\",\"description\":\"bhv Verlag GmbH\",\"potentialAction\":[{\"@type\":\"SearchAction\",\"target\":{\"@type\":\"EntryPoint\",\"urlTemplate\":\"https:\\\/\\\/bhv.de\\\/?s={search_term_string}\"},\"query-input\":{\"@type\":\"PropertyValueSpecification\",\"valueRequired\":true,\"valueName\":\"search_term_string\"}}],\"inLanguage\":\"en-GB\"}]}<\/script>\n<!-- \/ Yoast SEO plugin. -->","yoast_head_json":{"title":"Bitdefender Offensive - Hardware Config Review (Remote) - bhv Verlag GmbH","description":"H\u00e4rten Sie Ihre IT mit der Bitdefender Offensive - Hardware Config Review (Remote). Decken Sie Hardware-Schwachstellen remote auf und minimieren Sie Risiken","robots":{"index":"index","follow":"follow","max-snippet":"max-snippet:-1","max-image-preview":"max-image-preview:large","max-video-preview":"max-video-preview:-1"},"canonical":"https:\/\/bhv.de\/en\/product\/bitdefender-offensive-hardware-config-review-remote\/","og_locale":"en_GB","og_type":"article","og_title":"Bitdefender Offensive - Hardware Config Review (Remote) - bhv Verlag GmbH","og_description":"H\u00e4rten Sie Ihre IT mit der Bitdefender Offensive - Hardware Config Review (Remote). Decken Sie Hardware-Schwachstellen remote auf und minimieren Sie Risiken","og_url":"https:\/\/bhv.de\/en\/product\/bitdefender-offensive-hardware-config-review-remote\/","og_site_name":"bhv Verlag GmbH","article_modified_time":"2026-04-20T08:16:59+00:00","og_image":[{"width":1500,"height":1500,"url":"https:\/\/bhv.de\/wp-content\/uploads\/2026\/03\/Bitdefender-Offensive-Hardware-Config-Review-Remote-1500x1500-1.png","type":"image\/png"}],"twitter_card":"summary_large_image","twitter_misc":{"Estimated reading time":"3 minutes"},"schema":{"@context":"https:\/\/schema.org","@graph":[{"@type":"WebPage","@id":"https:\/\/bhv.de\/produkt\/bitdefender-offensive-hardware-config-review-remote\/","url":"https:\/\/bhv.de\/produkt\/bitdefender-offensive-hardware-config-review-remote\/","name":"Bitdefender Offensive - Hardware Config Review (Remote) - bhv Verlag GmbH","isPartOf":{"@id":"https:\/\/bhv.de\/#website"},"primaryImageOfPage":{"@id":"https:\/\/bhv.de\/produkt\/bitdefender-offensive-hardware-config-review-remote\/#primaryimage"},"image":{"@id":"https:\/\/bhv.de\/produkt\/bitdefender-offensive-hardware-config-review-remote\/#primaryimage"},"thumbnailUrl":"https:\/\/bhv.de\/wp-content\/uploads\/2026\/03\/Bitdefender-Offensive-Hardware-Config-Review-Remote-1500x1500-1.png","datePublished":"2026-03-30T10:10:08+00:00","dateModified":"2026-04-20T08:16:59+00:00","description":"H\u00e4rten Sie Ihre IT mit der Bitdefender Offensive - Hardware Config Review (Remote). Decken Sie Hardware-Schwachstellen remote auf und minimieren Sie Risiken","breadcrumb":{"@id":"https:\/\/bhv.de\/produkt\/bitdefender-offensive-hardware-config-review-remote\/#breadcrumb"},"inLanguage":"en-GB","potentialAction":[{"@type":"ReadAction","target":["https:\/\/bhv.de\/produkt\/bitdefender-offensive-hardware-config-review-remote\/"]}]},{"@type":"ImageObject","inLanguage":"en-GB","@id":"https:\/\/bhv.de\/produkt\/bitdefender-offensive-hardware-config-review-remote\/#primaryimage","url":"https:\/\/bhv.de\/wp-content\/uploads\/2026\/03\/Bitdefender-Offensive-Hardware-Config-Review-Remote-1500x1500-1.png","contentUrl":"https:\/\/bhv.de\/wp-content\/uploads\/2026\/03\/Bitdefender-Offensive-Hardware-Config-Review-Remote-1500x1500-1.png","width":1500,"height":1500,"caption":"Bitdefender Offensive - Hardware Config Review (Remote)"},{"@type":"BreadcrumbList","@id":"https:\/\/bhv.de\/produkt\/bitdefender-offensive-hardware-config-review-remote\/#breadcrumb","itemListElement":[{"@type":"ListItem","position":1,"name":"Start","item":"https:\/\/bhv.de\/"},{"@type":"ListItem","position":2,"name":"Produkte","item":"https:\/\/bhv.de\/de\/shop\/"},{"@type":"ListItem","position":3,"name":"Bitdefender Offensive &#8211; Hardware Config Review (Remote)"}]},{"@type":"WebSite","@id":"https:\/\/bhv.de\/#website","url":"https:\/\/bhv.de\/","name":"bhv Verlag GmbH","description":"bhv Verlag GmbH","potentialAction":[{"@type":"SearchAction","target":{"@type":"EntryPoint","urlTemplate":"https:\/\/bhv.de\/?s={search_term_string}"},"query-input":{"@type":"PropertyValueSpecification","valueRequired":true,"valueName":"search_term_string"}}],"inLanguage":"en-GB"}]}},"_links":{"self":[{"href":"https:\/\/bhv.de\/en\/wp-json\/wp\/v2\/product\/258","targetHints":{"allow":["GET"]}}],"collection":[{"href":"https:\/\/bhv.de\/en\/wp-json\/wp\/v2\/product"}],"about":[{"href":"https:\/\/bhv.de\/en\/wp-json\/wp\/v2\/types\/product"}],"replies":[{"embeddable":true,"href":"https:\/\/bhv.de\/en\/wp-json\/wp\/v2\/comments?post=258"}],"wp:featuredmedia":[{"embeddable":true,"href":"https:\/\/bhv.de\/en\/wp-json\/wp\/v2\/media\/164"}],"wp:attachment":[{"href":"https:\/\/bhv.de\/en\/wp-json\/wp\/v2\/media?parent=258"}],"wp:term":[{"taxonomy":"product_brand","embeddable":true,"href":"https:\/\/bhv.de\/en\/wp-json\/wp\/v2\/product_brand?post=258"},{"taxonomy":"product_cat","embeddable":true,"href":"https:\/\/bhv.de\/en\/wp-json\/wp\/v2\/product_cat?post=258"},{"taxonomy":"product_tag","embeddable":true,"href":"https:\/\/bhv.de\/en\/wp-json\/wp\/v2\/product_tag?post=258"}],"curies":[{"name":"wp","href":"https:\/\/api.w.org\/{rel}","templated":true}]}}