{"id":28,"date":"2026-03-19T12:38:03","date_gmt":"2026-03-19T11:38:03","guid":{"rendered":"http:\/\/bhv.de\/?post_type=product&#038;p=28"},"modified":"2026-04-24T10:28:39","modified_gmt":"2026-04-24T08:28:39","slug":"bitdefender-total-security","status":"publish","type":"product","link":"https:\/\/bhv.de\/en\/product\/bitdefender-total-security\/","title":{"rendered":"Bitdefender Total Security"},"content":{"rendered":"<h3 class=\"wp-block-heading\"><strong>W\u00e4hlen Sie Bitdefender Total Security f\u00fcr ganzheitlichen Schutz \u2013 Familie und Ger\u00e4te sicher im Digitalzeitalter!<\/strong><\/h3>\n\n\n\n<p>Bitdefender Total Security ist die ultimative Total Security-L\u00f6sung f\u00fcr Ihre Familie und Multi-Device-Nutzung, mit umfassendem Schutz f\u00fcr Windows, macOS, iOS und Android. Bitdefender wehrt Viren, Zero-Day-Exploits, Ransomware und Spyware ab, w\u00e4hrend fortschrittlicher Datenschutz Ihre Privatsph\u00e4re in Echtzeit sichert. Mit Total Security kontrollieren Sie Webcam, Mikrofon und Tracker, optimieren Ihre Ger\u00e4te und nutzen VPN f\u00fcr sichere Hotspots \u2013 alles in einer intuitiven App.<\/p>\n\n\n\n<p>Diese Total Security-Suite bietet SafePay f\u00fcr risikofreies Banking, Kindersicherung mit Bildschirmzeitlimits und Netzwerkgefahrenabwehr gegen Hacker. Der Auto-Pilot passt Schutz an Ihr Verhalten an, Photon sorgt f\u00fcr Top-Performance, und der Dateischredder l\u00f6scht Daten sicher. F\u00fcr 18 Monate auf 1 Ger\u00e4t \u2013 erweiterbar \u00fcber Bitdefender Central \u2013 ist es die perfekte Wahl f\u00fcr Familien, die maximale Sicherheit wollen, ohne Kompromisse.<\/p>\n\n\n\n<h3 class=\"wp-block-heading\"><strong>Features von Bitdefender Total Security<\/strong><\/h3>\n\n\n\n<ul class=\"wp-block-list\">\n<li>Multi-Device-Schutz f\u00fcr Windows, macOS, iOS &amp; Android vor Malware, Ransomware und Exploits.<\/li>\n\n\n\n<li>Datenschutz-Tools mit Webcam-\/Mikrofon-\u00dcberwachung, Anti-Tracker und Dateiverschl\u00fcsselung.<\/li>\n\n\n\n<li>VPN (200 MB\/Tag) f\u00fcr sicheres Surfen in \u00f6ffentlichen WLANs.<\/li>\n\n\n\n<li>SafePay &amp; Anti-Phishing f\u00fcr sicheres Online-Banking und Eink\u00e4ufe.<\/li>\n\n\n\n<li>Kindersicherung mit Inhaltsfilter und Zeitlimits.<\/li>\n\n\n\n<li>OneClick-Optimizer &amp; Schwachstellen-Scanner f\u00fcr maximale Performance.<\/li>\n<\/ul>\n\n\n\n<h3 class=\"wp-block-heading\"><strong>Systemanforderungen von Bitdefender Total Security<\/strong><\/h3>\n\n\n\n<div class=\"gb-element-a5058d0e\">\n<h3 class=\"gb-text\">Bitdefender f\u00fcr Windows<\/h3>\n\n\n\n<h5 class=\"gb-text\"><strong>Betriebssysteme:<\/strong><\/h5>\n\n\n\n<ul class=\"wp-block-list\">\n<li>Windows 7 mit Service Pack 1, Windows 8.1, Windows 10, Windows 11<br><em><sup>Bitdefender hat die Unterst\u00fctzung (Antimalware-Support) f\u00fcr Windows 7 und Windows 8.1 am 14. Januar 2026 beendet. <\/sup><\/em><br><em><sup>Den Support f\u00fcr Windows 10 stellt Bitdefender am 14. Oktober 2026 ein. <\/sup><\/em><br><em><sup>Nach dem Ende des Supports k\u00f6nnen Sie \u00fcber Ihr Bitdefender-Central-Konto die Restlaufzeit Ihrer aktivierten Lizenzen auf ein Ger\u00e4t \u00fcbertragen, das mit einem von Bitdefender unterst\u00fctzten Betriebssystem l\u00e4uft.<\/sup><\/em><\/li>\n\n\n\n<li>Windows Server 2016 oder h\u00f6her mit Desktop Experience (Standard\/RTM, Essentials und Datacenter f\u00fcr Windows Server 2016 und 2019; Standard\/RTM und Datacenter f\u00fcr 2022 und 2025)<\/li>\n<\/ul>\n\n\n\n<h5 class=\"gb-text\"><strong>Hardware:<\/strong><\/h5>\n\n\n\n<ul class=\"wp-block-list\">\n<li>Arbeitsspeicher (RAM): 2 GB<\/li>\n\n\n\n<li>Festplattenspeicher: 2.5 GB freier Speicherplatz<\/li>\n\n\n\n<li>Prozessor: Die Systemleistung kann bei Ger\u00e4ten mit CPUs der \u00e4lteren Generation beeintr\u00e4chtigt sein.<\/li>\n<\/ul>\n\n\n\n<h5 class=\"gb-text\"><strong>Software:<\/strong><\/h5>\n\n\n\n<ul class=\"wp-block-list\">\n<li>Internet Explorer Version 11<\/li>\n<\/ul>\n<\/div>\n\n\n\n<div class=\"gb-element-b869b7c2\">\n<h3 class=\"gb-text\">Bitdefender f\u00fcr macOS<\/h3>\n\n\n\n<h5 class=\"gb-text\"><strong>Betriebssysteme:<\/strong><\/h5>\n\n\n\n<ul class=\"wp-block-list\">\n<li>macOS X Yosemite (10.10) oder h\u00f6her<\/li>\n<\/ul>\n\n\n\n<h5 class=\"gb-text\"><strong>Hardware:<\/strong><\/h5>\n\n\n\n<ul class=\"wp-block-list\">\n<li>Festplattenspeicher: 1 GB freier Speicherplatz<\/li>\n<\/ul>\n\n\n\n<h5 class=\"gb-text\"><strong>Unterst\u00fctzte Browser:<\/strong><\/h5>\n\n\n\n<ul class=\"wp-block-list\">\n<li>Safari<\/li>\n\n\n\n<li>Google Chrome<\/li>\n\n\n\n<li>Mozilla Firefox<\/li>\n<\/ul>\n<\/div>\n\n\n\n<div class=\"gb-element-8bfc0ef8\">\n<h3 class=\"gb-text\">Bitdefender f\u00fcr Android<\/h3>\n\n\n\n<h5 class=\"gb-text\"><strong>Betriebssystem:<\/strong><\/h5>\n\n\n\n<ul class=\"wp-block-list\">\n<li>Android 6 oder h\u00f6her<\/li>\n<\/ul>\n\n\n\n<h5 class=\"gb-text\"><strong>Konnektivit\u00e4t:<\/strong><\/h5>\n\n\n\n<ul class=\"wp-block-list\">\n<li>Eine aktive Internetverbindung<\/li>\n<\/ul>\n<\/div>\n\n\n\n<div class=\"gb-element-fe4e7854\">\n<h3 class=\"gb-text\">Bitdefender f\u00fcr iOS<\/h3>\n\n\n\n<h5 class=\"gb-text\"><strong>Betriebssystem:<\/strong><\/h5>\n\n\n\n<ul class=\"wp-block-list\">\n<li>iOS 13 oder h\u00f6her<\/li>\n<\/ul>\n\n\n\n<h5 class=\"gb-text\">Konnektivit\u00e4t:<\/h5>\n\n\n\n<ul class=\"wp-block-list\">\n<li>Aktive Internetverbindung<\/li>\n<\/ul>\n<\/div>\n\n\n\n<h3 class=\"wp-block-heading\"><strong>Lieferumfang von Bitdefender Total Security<\/strong><\/h3>\n\n\n\n<p class=\"gb-text\">Sie erhalten keinen Datentr\u00e4ger, sondern ausschlie\u00dflich den Produktschl\u00fcssel, der in Ihrem Bitdefender Central-Konto aktiviert werden muss. Der Produktschl\u00fcssel muss erstmalig in Deutschland, \u00d6sterreich oder der Schweiz aktiviert werden; anschlie\u00dfend funktioniert Bitdefender weltweit.<\/p>","protected":false},"excerpt":{"rendered":"<p><strong>Erh\u00e4ltlich bei folgenden Partnern: <\/strong>Im gut sortierten B\u00fcro- und IT-Fachhandel, MediaMarkt\/Saturn, Expert, Euronics, Conrad, MediMax, Kaufland, Metro, API, uvm.<\/p>","protected":false},"featured_media":36,"comment_status":"open","ping_status":"closed","template":"","meta":[],"product_brand":[29],"product_cat":[44],"product_tag":[25,28,26,27],"class_list":{"0":"post-28","1":"product","2":"type-product","3":"status-publish","4":"has-post-thumbnail","6":"product_brand-bitdefender","7":"product_cat-bitdefender-produkte-privatanwender","8":"product_tag-bitdefender","9":"product_tag-internet","10":"product_tag-security","11":"product_tag-sicherheit","13":"first","14":"outofstock","15":"taxable","16":"shipping-taxable","17":"purchasable","18":"product-type-variable"},"yoast_head":"<!-- This site is optimized with the Yoast SEO plugin v27.5 - https:\/\/yoast.com\/product\/yoast-seo-wordpress\/ -->\n<title>Bitdefender Total Security - bhv Verlag GmbH<\/title>\n<meta name=\"description\" content=\"Sch\u00fctzen Sie Windows, macOS, Android und iOS mit Bitdefender Total Security. Umfassender Schutz vor Viren, Malware, Ransomware und Phishing.\" \/>\n<meta name=\"robots\" content=\"index, follow, max-snippet:-1, max-image-preview:large, max-video-preview:-1\" \/>\n<link rel=\"canonical\" href=\"https:\/\/bhv.de\/en\/product\/bitdefender-total-security\/\" \/>\n<meta property=\"og:locale\" content=\"en_GB\" \/>\n<meta property=\"og:type\" content=\"article\" \/>\n<meta property=\"og:title\" content=\"Bitdefender Total Security - bhv Verlag GmbH\" \/>\n<meta property=\"og:description\" content=\"Sch\u00fctzen Sie Windows, macOS, Android und iOS mit Bitdefender Total Security. Umfassender Schutz vor Viren, Malware, Ransomware und Phishing.\" \/>\n<meta property=\"og:url\" content=\"https:\/\/bhv.de\/en\/product\/bitdefender-total-security\/\" \/>\n<meta property=\"og:site_name\" content=\"bhv Verlag GmbH\" \/>\n<meta property=\"article:modified_time\" content=\"2026-04-24T08:28:39+00:00\" \/>\n<meta property=\"og:image\" content=\"https:\/\/bhv.de\/wp-content\/uploads\/2026\/03\/BD-TS-2D.png\" \/>\n\t<meta property=\"og:image:width\" content=\"1024\" \/>\n\t<meta property=\"og:image:height\" content=\"1024\" \/>\n\t<meta property=\"og:image:type\" content=\"image\/png\" \/>\n<meta name=\"twitter:card\" content=\"summary_large_image\" \/>\n<meta name=\"twitter:label1\" content=\"Estimated reading time\" \/>\n\t<meta name=\"twitter:data1\" content=\"3 minutes\" \/>\n<script type=\"application\/ld+json\" class=\"yoast-schema-graph\">{\"@context\":\"https:\\\/\\\/schema.org\",\"@graph\":[{\"@type\":\"WebPage\",\"@id\":\"https:\\\/\\\/bhv.de\\\/produkt\\\/bitdefender-total-security\\\/\",\"url\":\"https:\\\/\\\/bhv.de\\\/produkt\\\/bitdefender-total-security\\\/\",\"name\":\"Bitdefender Total Security - bhv Verlag GmbH\",\"isPartOf\":{\"@id\":\"https:\\\/\\\/bhv.de\\\/#website\"},\"primaryImageOfPage\":{\"@id\":\"https:\\\/\\\/bhv.de\\\/produkt\\\/bitdefender-total-security\\\/#primaryimage\"},\"image\":{\"@id\":\"https:\\\/\\\/bhv.de\\\/produkt\\\/bitdefender-total-security\\\/#primaryimage\"},\"thumbnailUrl\":\"https:\\\/\\\/bhv.de\\\/wp-content\\\/uploads\\\/2026\\\/03\\\/BD-TS-2D.png\",\"datePublished\":\"2026-03-19T11:38:03+00:00\",\"dateModified\":\"2026-04-24T08:28:39+00:00\",\"description\":\"Sch\u00fctzen Sie Windows, macOS, Android und iOS mit Bitdefender Total Security. Umfassender Schutz vor Viren, Malware, Ransomware und Phishing.\",\"breadcrumb\":{\"@id\":\"https:\\\/\\\/bhv.de\\\/produkt\\\/bitdefender-total-security\\\/#breadcrumb\"},\"inLanguage\":\"en-GB\",\"potentialAction\":[{\"@type\":\"ReadAction\",\"target\":[\"https:\\\/\\\/bhv.de\\\/produkt\\\/bitdefender-total-security\\\/\"]}]},{\"@type\":\"ImageObject\",\"inLanguage\":\"en-GB\",\"@id\":\"https:\\\/\\\/bhv.de\\\/produkt\\\/bitdefender-total-security\\\/#primaryimage\",\"url\":\"https:\\\/\\\/bhv.de\\\/wp-content\\\/uploads\\\/2026\\\/03\\\/BD-TS-2D.png\",\"contentUrl\":\"https:\\\/\\\/bhv.de\\\/wp-content\\\/uploads\\\/2026\\\/03\\\/BD-TS-2D.png\",\"width\":1800,\"height\":1800,\"caption\":\"Bitdefender Total Security\"},{\"@type\":\"BreadcrumbList\",\"@id\":\"https:\\\/\\\/bhv.de\\\/produkt\\\/bitdefender-total-security\\\/#breadcrumb\",\"itemListElement\":[{\"@type\":\"ListItem\",\"position\":1,\"name\":\"Start\",\"item\":\"https:\\\/\\\/bhv.de\\\/\"},{\"@type\":\"ListItem\",\"position\":2,\"name\":\"Produkte\",\"item\":\"https:\\\/\\\/bhv.de\\\/de\\\/shop\\\/\"},{\"@type\":\"ListItem\",\"position\":3,\"name\":\"Bitdefender Total Security\"}]},{\"@type\":\"WebSite\",\"@id\":\"https:\\\/\\\/bhv.de\\\/#website\",\"url\":\"https:\\\/\\\/bhv.de\\\/\",\"name\":\"bhv Verlag GmbH\",\"description\":\"bhv Verlag GmbH\",\"potentialAction\":[{\"@type\":\"SearchAction\",\"target\":{\"@type\":\"EntryPoint\",\"urlTemplate\":\"https:\\\/\\\/bhv.de\\\/?s={search_term_string}\"},\"query-input\":{\"@type\":\"PropertyValueSpecification\",\"valueRequired\":true,\"valueName\":\"search_term_string\"}}],\"inLanguage\":\"en-GB\"}]}<\/script>\n<!-- \/ Yoast SEO plugin. -->","yoast_head_json":{"title":"Bitdefender Total Security - bhv Verlag GmbH","description":"Sch\u00fctzen Sie Windows, macOS, Android und iOS mit Bitdefender Total Security. Umfassender Schutz vor Viren, Malware, Ransomware und Phishing.","robots":{"index":"index","follow":"follow","max-snippet":"max-snippet:-1","max-image-preview":"max-image-preview:large","max-video-preview":"max-video-preview:-1"},"canonical":"https:\/\/bhv.de\/en\/product\/bitdefender-total-security\/","og_locale":"en_GB","og_type":"article","og_title":"Bitdefender Total Security - bhv Verlag GmbH","og_description":"Sch\u00fctzen Sie Windows, macOS, Android und iOS mit Bitdefender Total Security. Umfassender Schutz vor Viren, Malware, Ransomware und Phishing.","og_url":"https:\/\/bhv.de\/en\/product\/bitdefender-total-security\/","og_site_name":"bhv Verlag GmbH","article_modified_time":"2026-04-24T08:28:39+00:00","og_image":[{"url":"https:\/\/bhv.de\/wp-content\/uploads\/2026\/03\/BD-TS-2D.png","width":1024,"height":1024,"type":"image\/png"}],"twitter_card":"summary_large_image","twitter_misc":{"Estimated reading time":"3 minutes"},"schema":{"@context":"https:\/\/schema.org","@graph":[{"@type":"WebPage","@id":"https:\/\/bhv.de\/produkt\/bitdefender-total-security\/","url":"https:\/\/bhv.de\/produkt\/bitdefender-total-security\/","name":"Bitdefender Total Security - bhv Verlag GmbH","isPartOf":{"@id":"https:\/\/bhv.de\/#website"},"primaryImageOfPage":{"@id":"https:\/\/bhv.de\/produkt\/bitdefender-total-security\/#primaryimage"},"image":{"@id":"https:\/\/bhv.de\/produkt\/bitdefender-total-security\/#primaryimage"},"thumbnailUrl":"https:\/\/bhv.de\/wp-content\/uploads\/2026\/03\/BD-TS-2D.png","datePublished":"2026-03-19T11:38:03+00:00","dateModified":"2026-04-24T08:28:39+00:00","description":"Sch\u00fctzen Sie Windows, macOS, Android und iOS mit Bitdefender Total Security. Umfassender Schutz vor Viren, Malware, Ransomware und Phishing.","breadcrumb":{"@id":"https:\/\/bhv.de\/produkt\/bitdefender-total-security\/#breadcrumb"},"inLanguage":"en-GB","potentialAction":[{"@type":"ReadAction","target":["https:\/\/bhv.de\/produkt\/bitdefender-total-security\/"]}]},{"@type":"ImageObject","inLanguage":"en-GB","@id":"https:\/\/bhv.de\/produkt\/bitdefender-total-security\/#primaryimage","url":"https:\/\/bhv.de\/wp-content\/uploads\/2026\/03\/BD-TS-2D.png","contentUrl":"https:\/\/bhv.de\/wp-content\/uploads\/2026\/03\/BD-TS-2D.png","width":1800,"height":1800,"caption":"Bitdefender Total Security"},{"@type":"BreadcrumbList","@id":"https:\/\/bhv.de\/produkt\/bitdefender-total-security\/#breadcrumb","itemListElement":[{"@type":"ListItem","position":1,"name":"Start","item":"https:\/\/bhv.de\/"},{"@type":"ListItem","position":2,"name":"Produkte","item":"https:\/\/bhv.de\/de\/shop\/"},{"@type":"ListItem","position":3,"name":"Bitdefender Total Security"}]},{"@type":"WebSite","@id":"https:\/\/bhv.de\/#website","url":"https:\/\/bhv.de\/","name":"bhv Verlag GmbH","description":"bhv Verlag GmbH","potentialAction":[{"@type":"SearchAction","target":{"@type":"EntryPoint","urlTemplate":"https:\/\/bhv.de\/?s={search_term_string}"},"query-input":{"@type":"PropertyValueSpecification","valueRequired":true,"valueName":"search_term_string"}}],"inLanguage":"en-GB"}]}},"_links":{"self":[{"href":"https:\/\/bhv.de\/en\/wp-json\/wp\/v2\/product\/28","targetHints":{"allow":["GET"]}}],"collection":[{"href":"https:\/\/bhv.de\/en\/wp-json\/wp\/v2\/product"}],"about":[{"href":"https:\/\/bhv.de\/en\/wp-json\/wp\/v2\/types\/product"}],"replies":[{"embeddable":true,"href":"https:\/\/bhv.de\/en\/wp-json\/wp\/v2\/comments?post=28"}],"wp:featuredmedia":[{"embeddable":true,"href":"https:\/\/bhv.de\/en\/wp-json\/wp\/v2\/media\/36"}],"wp:attachment":[{"href":"https:\/\/bhv.de\/en\/wp-json\/wp\/v2\/media?parent=28"}],"wp:term":[{"taxonomy":"product_brand","embeddable":true,"href":"https:\/\/bhv.de\/en\/wp-json\/wp\/v2\/product_brand?post=28"},{"taxonomy":"product_cat","embeddable":true,"href":"https:\/\/bhv.de\/en\/wp-json\/wp\/v2\/product_cat?post=28"},{"taxonomy":"product_tag","embeddable":true,"href":"https:\/\/bhv.de\/en\/wp-json\/wp\/v2\/product_tag?post=28"}],"curies":[{"name":"wp","href":"https:\/\/api.w.org\/{rel}","templated":true}]}}