{"id":332,"date":"2026-04-01T10:41:35","date_gmt":"2026-04-01T08:41:35","guid":{"rendered":"http:\/\/bhv.de\/?post_type=product&#038;p=332"},"modified":"2026-04-20T10:06:31","modified_gmt":"2026-04-20T08:06:31","slug":"bitdefender-gravityzone-compliance-manager","status":"publish","type":"product","link":"https:\/\/bhv.de\/en\/product\/bitdefender-gravityzone-compliance-manager\/","title":{"rendered":"Bitdefender GravityZone Compliance Manager"},"content":{"rendered":"<h3><strong>Effizientes Compliance-Management f\u00fcr moderne Unternehmen<\/strong><\/h3>\n<p>Der Bitdefender GravityZone Compliance Manager vereinfacht die komplexe Verbindung von Cyber-Security und regulatorischer Compliance in einer einzigen, einheitlichen Plattform. F\u00fcr viele Unternehmen ist es heute eine enorme Herausforderung, den st\u00e4ndig wachsenden gesetzlichen Anforderungen gerecht zu werden. Diese leistungsstarke L\u00f6sung bietet eine kontinuierliche Echtzeit-\u00dcberwachung Ihrer IT-Infrastruktur gegen etablierte Standards wie NIS2, DSGVO, PCI DSS, HIPAA und ISO 27001. Durch die Nutzung detaillierter Endpoint-Telemetrie und fortschrittlicher Risk Analytics erm\u00f6glicht das System ein automatisiertes Compliance-Scoring. So k\u00f6nnen Organisationen, egal ob sie auf Cloud- oder On-Premises-Umgebungen setzen, Risiken fr\u00fchzeitig erkennen und sich effizient auf bevorstehende Audits vorbereiten.<\/p>\n<h3><strong>Automatisierte \u00dcberwachung und intuitive Dashboards<\/strong><\/h3>\n<p>Die benutzerfreundlichen und intuitiven Dashboards des Systems visualisieren jederzeit den aktuellen Compliance-Status Ihres Unternehmens. Sie zeigen auf einen Blick, welche spezifischen Assets betroffen sind und wo kritische Sicherheitsl\u00fccken in Ihrer Infrastruktur bestehen. Ein massiver Vorteil f\u00fcr IT-Teams ist die M\u00f6glichkeit, diese identifizierten Schwachstellen oft schon mit nur einem einzigen Klick zu beheben (One-Click Remediation). Dar\u00fcber hinaus generiert das Automated Compliance Reporting ohne jeglichen manuellen Aufwand umfassende Berichte in den Formaten PDF oder XLSX. Diese Dokumente enthalten \u00fcbersichtliche Executive-Summaries, detaillierte Risk-Overviews und alle notwendigen technischen Belege f\u00fcr Pr\u00fcfer.<\/p>\n<h3><strong>Nahtlose Integration zur Reduzierung der IT-Belastung<\/strong><\/h3>\n<p>Der Compliance Manager ist nahtlos in das bestehende GravityZone Security-\u00d6kosystem integriert und greift dabei auf Funktionen wie PHASR und das zentrale Risk Management zur\u00fcck. Sobald Risiken im Netzwerk reduziert oder behoben werden, aktualisiert sich der Compliance-Status des Unternehmens vollautomatisch in Echtzeit. Dieser hochgradig automatisierte Prozess reduziert die t\u00e4gliche Belastung der IT-Abteilung drastisch, minimiert finanzielle sowie rechtliche Risiken und st\u00e4rkt die allgemeine Cyber-Resilienz. Die L\u00f6sung ist daher das ideale Werkzeug, um strenge regulatorische Anforderungen stressfrei und zuverl\u00e4ssig zu erf\u00fcllen.<\/p>\n<h3><strong>Kernfunktionen des GravityZone Compliance Managers<\/strong><\/h3>\n<ul>\n<li><strong>Out-of-the-Box Standards:<\/strong> Unterst\u00fctzt ab Werk wichtige Frameworks wie DSGVO, PCI DSS, NIS2, HIPAA, ISO 27001, CISv8, SOC2 und CMMC 2.0.<\/li>\n<li><strong>Echtzeit-Compliance-Score:<\/strong> Bietet ein \u00fcbersichtliches Dashboard mit tiefgehenden Drill-Down-Funktionen zu spezifischen Risiken und betroffenen Assets.<\/li>\n<li><strong>One-Click Remediation:<\/strong> Erm\u00f6glicht die schnelle und automatisierte Schlie\u00dfung von identifizierten Sicherheitsl\u00fccken ohne Umwege.<\/li>\n<li><strong>Audit-Ready Reports:<\/strong> Garantiert die schnelle Generierung von PDF- und XLSX-Dokumenten mit Management-Zusammenfassungen und detaillierten Risikobewertungen.<\/li>\n<li><strong>GravityZone-Integration:<\/strong> Verbindet Endpoint Security und Risk Analytics direkt f\u00fcr eine proaktive und durchgehende IT-Compliance.<\/li>\n<\/ul>\n<h3><strong>FAQs &#8211; Bitdefender GravityZone Compliance Manager<\/strong><\/h3>\n<ul>\n<li><strong>Welche regulatorischen Standards unterst\u00fctzt der Manager?<\/strong><br \/>\nDas System deckt eine Vielzahl von geo- und branchenspezifischen Vorgaben ab, darunter DSGVO, NIS2, PCI DSS, HIPAA, ISO 27001, CISv8 und SOC2.<\/li>\n<li><strong>Wie funktioniert die Fehlerbehebung im Alltag?<\/strong><br \/>\nDurch intelligente One-Click-Fixes werden Sicherheitsl\u00fccken basierend auf der erfassten Endpoint-Telemetrie vollautomatisch geschlossen.<\/li>\n<li><strong>Sind die generierten Reports direkt bereit f\u00fcr ein Audit?<\/strong><br \/>\nJa, die Berichte werden in Sekundenschnelle erstellt und enthalten alle f\u00fcr Pr\u00fcfer relevanten Daten, Scores und technischen Belege.<\/li>\n<li><strong>Wie tief ist die Integration mit der Security-Plattform?<\/strong><br \/>\nDer Manager ist vollst\u00e4ndig in GravityZone integriert, sodass behobene Sicherheitsrisiken direkt in den aktuellen Compliance-Status einflie\u00dfen.<\/li>\n<\/ul>\n<h3><strong>Erreichen Sie m\u00fchelose Compliance-Exzellenz<\/strong><\/h3>\n<p>Erreichen Sie mit dem Bitdefender GravityZone Compliance Manager und seinem Automated Compliance Reporting eine neue Stufe der Sicherheit und Regeltreue. Vereinfachen Sie Ihre Audits ma\u00dfgeblich, senken Sie den administrativen Aufwand und sichern Sie Ihr Unternehmen jetzt gegen regulatorische Risiken ab.<\/p>\n\n\n<div>\n<h3 class=\"gb-text\">GravityZone \u2013 System Requirements<\/h3>\n\n\n\n<p>You can find all the system requirements for Bitdefender GravityZone products on the following Bitdefender website. <a href=\"https:\/\/www.bitdefender.com\/business\/support\/en\/77209-376327-endpoint-protection.html\">https:\/\/www.bitdefender.com\/business\/support\/en\/77209-376327-endpoint-protection.html<\/a><\/p>\n\n\n\n<p>These include:<\/p>\n\n\n\n<ul class=\"wp-block-list\">\n<li>Hardware<\/li>\n\n\n\n<li>Public Cloud Requirements<\/li>\n\n\n\n<li>Supported operating systems<\/li>\n\n\n\n<li>Supported file systems<\/li>\n\n\n\n<li>Supported browsers<\/li>\n\n\n\n<li>Supported browsers\n<ul class=\"wp-block-list\">\n<li>Supported virtualization platforms<\/li>\n\n\n\n<li>Memory and CPU<\/li>\n\n\n\n<li>HDD Space<\/li>\n\n\n\n<li>Security Server distribution on hosts<\/li>\n\n\n\n<li>Network latency<\/li>\n\n\n\n<li>Storage protection load<\/li>\n<\/ul>\n<\/li>\n\n\n\n<li>Trafic usage<\/li>\n<\/ul>\n<\/div>","protected":false},"excerpt":{"rendered":"<p>Der Bitdefender GravityZone Compliance Manager vereint IT-Sicherheit und regulatorische Anforderungen in einer zentralen Plattform, die Standards wie NIS2, DSGVO und ISO 27001 in Echtzeit \u00fcberwacht. Dank automatisierter Reports und einer One-Click-Fehlerbehebung reduziert die L\u00f6sung den Vorbereitungsaufwand f\u00fcr Audits drastisch und entlastet Ihre IT-Abteilung.<\/p>","protected":false},"featured_media":140,"comment_status":"open","ping_status":"closed","template":"","meta":[],"product_brand":[29],"product_cat":[43],"product_tag":[25,42,99,113],"class_list":{"0":"post-332","1":"product","2":"type-product","3":"status-publish","4":"has-post-thumbnail","6":"product_brand-bitdefender","7":"product_cat-bitdefender-produkte-geschaeftskunden","8":"product_tag-bitdefender","9":"product_tag-compliance","10":"product_tag-gravityzone","11":"product_tag-manager","13":"first","14":"outofstock","15":"taxable","16":"shipping-taxable","17":"product-type-simple"},"yoast_head":"<!-- This site is optimized with the Yoast SEO plugin v27.5 - https:\/\/yoast.com\/product\/yoast-seo-wordpress\/ -->\n<title>Bitdefender GravityZone Compliance Manager - bhv Verlag GmbH<\/title>\n<meta name=\"description\" content=\"Vereinfachen Sie IT-Audits mit dem Bitdefender GravityZone Compliance Manager. Automatisierte \u00dcberwachung, One-Click-Fixes und Reports f\u00fcr NIS2 und DSGVO.\" \/>\n<meta name=\"robots\" content=\"index, follow, max-snippet:-1, max-image-preview:large, max-video-preview:-1\" \/>\n<link rel=\"canonical\" href=\"https:\/\/bhv.de\/en\/product\/bitdefender-gravityzone-compliance-manager\/\" \/>\n<meta property=\"og:locale\" content=\"en_GB\" \/>\n<meta property=\"og:type\" content=\"article\" \/>\n<meta property=\"og:title\" content=\"Bitdefender GravityZone Compliance Manager - bhv Verlag GmbH\" \/>\n<meta property=\"og:description\" content=\"Vereinfachen Sie IT-Audits mit dem Bitdefender GravityZone Compliance Manager. Automatisierte \u00dcberwachung, One-Click-Fixes und Reports f\u00fcr NIS2 und DSGVO.\" \/>\n<meta property=\"og:url\" content=\"https:\/\/bhv.de\/en\/product\/bitdefender-gravityzone-compliance-manager\/\" \/>\n<meta property=\"og:site_name\" content=\"bhv Verlag GmbH\" \/>\n<meta property=\"article:modified_time\" content=\"2026-04-20T08:06:31+00:00\" \/>\n<meta property=\"og:image\" content=\"https:\/\/bhv.de\/wp-content\/uploads\/2026\/03\/Bitdefender-GravityZone-Compliance-Manager-1500x1500-1.png\" \/>\n\t<meta property=\"og:image:width\" content=\"1500\" \/>\n\t<meta property=\"og:image:height\" content=\"1500\" \/>\n\t<meta property=\"og:image:type\" content=\"image\/png\" \/>\n<meta name=\"twitter:card\" content=\"summary_large_image\" \/>\n<meta name=\"twitter:label1\" content=\"Estimated reading time\" \/>\n\t<meta name=\"twitter:data1\" content=\"4 minutes\" \/>\n<script type=\"application\/ld+json\" class=\"yoast-schema-graph\">{\"@context\":\"https:\\\/\\\/schema.org\",\"@graph\":[{\"@type\":\"WebPage\",\"@id\":\"https:\\\/\\\/bhv.de\\\/produkt\\\/bitdefender-gravityzone-compliance-manager\\\/\",\"url\":\"https:\\\/\\\/bhv.de\\\/produkt\\\/bitdefender-gravityzone-compliance-manager\\\/\",\"name\":\"Bitdefender GravityZone Compliance Manager - bhv Verlag GmbH\",\"isPartOf\":{\"@id\":\"https:\\\/\\\/bhv.de\\\/#website\"},\"primaryImageOfPage\":{\"@id\":\"https:\\\/\\\/bhv.de\\\/produkt\\\/bitdefender-gravityzone-compliance-manager\\\/#primaryimage\"},\"image\":{\"@id\":\"https:\\\/\\\/bhv.de\\\/produkt\\\/bitdefender-gravityzone-compliance-manager\\\/#primaryimage\"},\"thumbnailUrl\":\"https:\\\/\\\/bhv.de\\\/wp-content\\\/uploads\\\/2026\\\/03\\\/Bitdefender-GravityZone-Compliance-Manager-1500x1500-1.png\",\"datePublished\":\"2026-04-01T08:41:35+00:00\",\"dateModified\":\"2026-04-20T08:06:31+00:00\",\"description\":\"Vereinfachen Sie IT-Audits mit dem Bitdefender GravityZone Compliance Manager. Automatisierte \u00dcberwachung, One-Click-Fixes und Reports f\u00fcr NIS2 und DSGVO.\",\"breadcrumb\":{\"@id\":\"https:\\\/\\\/bhv.de\\\/produkt\\\/bitdefender-gravityzone-compliance-manager\\\/#breadcrumb\"},\"inLanguage\":\"en-GB\",\"potentialAction\":[{\"@type\":\"ReadAction\",\"target\":[\"https:\\\/\\\/bhv.de\\\/produkt\\\/bitdefender-gravityzone-compliance-manager\\\/\"]}]},{\"@type\":\"ImageObject\",\"inLanguage\":\"en-GB\",\"@id\":\"https:\\\/\\\/bhv.de\\\/produkt\\\/bitdefender-gravityzone-compliance-manager\\\/#primaryimage\",\"url\":\"https:\\\/\\\/bhv.de\\\/wp-content\\\/uploads\\\/2026\\\/03\\\/Bitdefender-GravityZone-Compliance-Manager-1500x1500-1.png\",\"contentUrl\":\"https:\\\/\\\/bhv.de\\\/wp-content\\\/uploads\\\/2026\\\/03\\\/Bitdefender-GravityZone-Compliance-Manager-1500x1500-1.png\",\"width\":1500,\"height\":1500,\"caption\":\"Bitdefender GravityZone Compliance Manager\"},{\"@type\":\"BreadcrumbList\",\"@id\":\"https:\\\/\\\/bhv.de\\\/produkt\\\/bitdefender-gravityzone-compliance-manager\\\/#breadcrumb\",\"itemListElement\":[{\"@type\":\"ListItem\",\"position\":1,\"name\":\"Start\",\"item\":\"https:\\\/\\\/bhv.de\\\/\"},{\"@type\":\"ListItem\",\"position\":2,\"name\":\"Produkte\",\"item\":\"https:\\\/\\\/bhv.de\\\/de\\\/shop\\\/\"},{\"@type\":\"ListItem\",\"position\":3,\"name\":\"Bitdefender GravityZone Compliance Manager\"}]},{\"@type\":\"WebSite\",\"@id\":\"https:\\\/\\\/bhv.de\\\/#website\",\"url\":\"https:\\\/\\\/bhv.de\\\/\",\"name\":\"bhv Verlag GmbH\",\"description\":\"bhv Verlag GmbH\",\"potentialAction\":[{\"@type\":\"SearchAction\",\"target\":{\"@type\":\"EntryPoint\",\"urlTemplate\":\"https:\\\/\\\/bhv.de\\\/?s={search_term_string}\"},\"query-input\":{\"@type\":\"PropertyValueSpecification\",\"valueRequired\":true,\"valueName\":\"search_term_string\"}}],\"inLanguage\":\"en-GB\"}]}<\/script>\n<!-- \/ Yoast SEO plugin. -->","yoast_head_json":{"title":"Bitdefender GravityZone Compliance Manager - bhv Verlag GmbH","description":"Vereinfachen Sie IT-Audits mit dem Bitdefender GravityZone Compliance Manager. Automatisierte \u00dcberwachung, One-Click-Fixes und Reports f\u00fcr NIS2 und DSGVO.","robots":{"index":"index","follow":"follow","max-snippet":"max-snippet:-1","max-image-preview":"max-image-preview:large","max-video-preview":"max-video-preview:-1"},"canonical":"https:\/\/bhv.de\/en\/product\/bitdefender-gravityzone-compliance-manager\/","og_locale":"en_GB","og_type":"article","og_title":"Bitdefender GravityZone Compliance Manager - bhv Verlag GmbH","og_description":"Vereinfachen Sie IT-Audits mit dem Bitdefender GravityZone Compliance Manager. Automatisierte \u00dcberwachung, One-Click-Fixes und Reports f\u00fcr NIS2 und DSGVO.","og_url":"https:\/\/bhv.de\/en\/product\/bitdefender-gravityzone-compliance-manager\/","og_site_name":"bhv Verlag GmbH","article_modified_time":"2026-04-20T08:06:31+00:00","og_image":[{"width":1500,"height":1500,"url":"https:\/\/bhv.de\/wp-content\/uploads\/2026\/03\/Bitdefender-GravityZone-Compliance-Manager-1500x1500-1.png","type":"image\/png"}],"twitter_card":"summary_large_image","twitter_misc":{"Estimated reading time":"4 minutes"},"schema":{"@context":"https:\/\/schema.org","@graph":[{"@type":"WebPage","@id":"https:\/\/bhv.de\/produkt\/bitdefender-gravityzone-compliance-manager\/","url":"https:\/\/bhv.de\/produkt\/bitdefender-gravityzone-compliance-manager\/","name":"Bitdefender GravityZone Compliance Manager - bhv Verlag GmbH","isPartOf":{"@id":"https:\/\/bhv.de\/#website"},"primaryImageOfPage":{"@id":"https:\/\/bhv.de\/produkt\/bitdefender-gravityzone-compliance-manager\/#primaryimage"},"image":{"@id":"https:\/\/bhv.de\/produkt\/bitdefender-gravityzone-compliance-manager\/#primaryimage"},"thumbnailUrl":"https:\/\/bhv.de\/wp-content\/uploads\/2026\/03\/Bitdefender-GravityZone-Compliance-Manager-1500x1500-1.png","datePublished":"2026-04-01T08:41:35+00:00","dateModified":"2026-04-20T08:06:31+00:00","description":"Vereinfachen Sie IT-Audits mit dem Bitdefender GravityZone Compliance Manager. Automatisierte \u00dcberwachung, One-Click-Fixes und Reports f\u00fcr NIS2 und DSGVO.","breadcrumb":{"@id":"https:\/\/bhv.de\/produkt\/bitdefender-gravityzone-compliance-manager\/#breadcrumb"},"inLanguage":"en-GB","potentialAction":[{"@type":"ReadAction","target":["https:\/\/bhv.de\/produkt\/bitdefender-gravityzone-compliance-manager\/"]}]},{"@type":"ImageObject","inLanguage":"en-GB","@id":"https:\/\/bhv.de\/produkt\/bitdefender-gravityzone-compliance-manager\/#primaryimage","url":"https:\/\/bhv.de\/wp-content\/uploads\/2026\/03\/Bitdefender-GravityZone-Compliance-Manager-1500x1500-1.png","contentUrl":"https:\/\/bhv.de\/wp-content\/uploads\/2026\/03\/Bitdefender-GravityZone-Compliance-Manager-1500x1500-1.png","width":1500,"height":1500,"caption":"Bitdefender GravityZone Compliance Manager"},{"@type":"BreadcrumbList","@id":"https:\/\/bhv.de\/produkt\/bitdefender-gravityzone-compliance-manager\/#breadcrumb","itemListElement":[{"@type":"ListItem","position":1,"name":"Start","item":"https:\/\/bhv.de\/"},{"@type":"ListItem","position":2,"name":"Produkte","item":"https:\/\/bhv.de\/de\/shop\/"},{"@type":"ListItem","position":3,"name":"Bitdefender GravityZone Compliance Manager"}]},{"@type":"WebSite","@id":"https:\/\/bhv.de\/#website","url":"https:\/\/bhv.de\/","name":"bhv Verlag GmbH","description":"bhv Verlag GmbH","potentialAction":[{"@type":"SearchAction","target":{"@type":"EntryPoint","urlTemplate":"https:\/\/bhv.de\/?s={search_term_string}"},"query-input":{"@type":"PropertyValueSpecification","valueRequired":true,"valueName":"search_term_string"}}],"inLanguage":"en-GB"}]}},"_links":{"self":[{"href":"https:\/\/bhv.de\/en\/wp-json\/wp\/v2\/product\/332","targetHints":{"allow":["GET"]}}],"collection":[{"href":"https:\/\/bhv.de\/en\/wp-json\/wp\/v2\/product"}],"about":[{"href":"https:\/\/bhv.de\/en\/wp-json\/wp\/v2\/types\/product"}],"replies":[{"embeddable":true,"href":"https:\/\/bhv.de\/en\/wp-json\/wp\/v2\/comments?post=332"}],"wp:featuredmedia":[{"embeddable":true,"href":"https:\/\/bhv.de\/en\/wp-json\/wp\/v2\/media\/140"}],"wp:attachment":[{"href":"https:\/\/bhv.de\/en\/wp-json\/wp\/v2\/media?parent=332"}],"wp:term":[{"taxonomy":"product_brand","embeddable":true,"href":"https:\/\/bhv.de\/en\/wp-json\/wp\/v2\/product_brand?post=332"},{"taxonomy":"product_cat","embeddable":true,"href":"https:\/\/bhv.de\/en\/wp-json\/wp\/v2\/product_cat?post=332"},{"taxonomy":"product_tag","embeddable":true,"href":"https:\/\/bhv.de\/en\/wp-json\/wp\/v2\/product_tag?post=332"}],"curies":[{"name":"wp","href":"https:\/\/api.w.org\/{rel}","templated":true}]}}