{"id":334,"date":"2026-04-01T10:54:19","date_gmt":"2026-04-01T08:54:19","guid":{"rendered":"http:\/\/bhv.de\/?post_type=product&#038;p=334"},"modified":"2026-04-20T10:05:37","modified_gmt":"2026-04-20T08:05:37","slug":"bitdefender-gravityzone-cspm","status":"publish","type":"product","link":"https:\/\/bhv.de\/en\/product\/bitdefender-gravityzone-cspm\/","title":{"rendered":"Bitdefender GravityZone CSPM+"},"content":{"rendered":"<h3><strong>Umfassende Cloud-Sicherheit f\u00fcr Multi-Cloud-Umgebungen<\/strong><\/h3>\n<p>Bitdefender GravityZone CSPM+ (Cloud Security Posture Management) ist die ultimative Cyber-Security-L\u00f6sung f\u00fcr moderne Multi-Cloud-Umgebungen. In einer Zeit, in der Unternehmen zunehmend auf verteilte Cloud-Infrastrukturen setzen, automatisiert diese fortschrittliche Plattform das Cloud Security Posture Management und minimiert Sicherheitsrisiken drastisch. Das System inventarisiert kontinuierlich und pr\u00e4zise alle vorhandenen Cloud-Ressourcen. Dabei entdeckt es zuverl\u00e4ssig gef\u00e4hrliche Fehlkonfigurationen, \u00fcberprivilegierte Identit\u00e4ten durch integriertes Cloud Infrastructure Entitlement Management (CIEM) und versteckte Bedrohungen. Die gesamte Steuerung und \u00dcberwachung erfolgt dabei zentral und \u00fcbersichtlich \u00fcber die bew\u00e4hrte GravityZone Cloud Console, welche die gro\u00dfen Public-Cloud-Anbieter wie Amazon Web Services (AWS), Microsoft Azure und Google Cloud nahtlos unterst\u00fctzt.<\/p>\n<h3><strong>Automatisierte Risikoerkennung und kontinuierliche Compliance<\/strong><\/h3>\n<p>CSPM+ bewertet Ihre Cloud-Konfigurationen kontinuierlich und in Echtzeit gegen weltweit anerkannte Compliance-Frameworks wie CIS, NIST und ISO-Standards. Die Plattform priorisiert erkannte Risiken grafisch und liefert IT-Teams sofort umsetzbare, leicht verst\u00e4ndliche Empfehlungen im interaktiven Vorfallsberater. Eine automatisierte Remediation behebt kritische Probleme und Konfigurationsfehler ohne manuellen Aufwand, was die Fehleranf\u00e4lligkeit senkt und wertvolle Ressourcen spart. Gleichzeitig st\u00e4rkt die proaktive Bedrohungserkennung und -reaktion die pr\u00e4ventive Abwehr Ihres Unternehmens gegen externe Angriffe.<\/p>\n<h3><strong>Perfekte Synergie f\u00fcr DevOps und IT-Security<\/strong><\/h3>\n<p>Die Cloud-L\u00f6sung ist tief in die renommierte GravityZone-Plattform integriert, die unter anderem mit dem prestigetr\u00e4chtigen AV-TEST Award 2023 ausgezeichnet wurde. Diese Integration reduziert die Betriebskosten signifikant und hilft dabei, Angriffe in einem sehr fr\u00fchen Stadium zu 100 Prozent zu blockieren. CSPM+ ist ideal f\u00fcr agile DevOps-Teams konzipiert, die hohe Entwicklungsgeschwindigkeiten mit maximaler IT-Sicherheit verbinden m\u00fcssen. Zudem unterst\u00fctzt die Plattform Unternehmen bei der Einhaltung der strengen NIS2-Richtlinien und ist hochgradig skalierbar \u2013 perfekt geeignet f\u00fcr wachsende Enterprise-Organisationen sowie Managed Service Provider (MSP).<\/p>\n<h3><strong>Kernfunktionen von Bitdefender GravityZone CSPM+<\/strong><\/h3>\n<ul>\n<li><strong>Ressourcen-Inventarisierung<\/strong>: Bietet eine automatische, vollst\u00e4ndige Erkennung und \u00dcberwachung aller Cloud-Assets und deren Konfigurationen in Echtzeit.<\/li>\n<li><strong>Fehlkonfigurationen &amp; CIEM:<\/strong> Identifiziert pr\u00e4zise \u00fcberprivilegierte Identit\u00e4ten und deckt versteckte Zugriffsrisiken in der Infrastruktur auf.<\/li>\n<li><strong>Compliance-Bewertung:<\/strong> Nutzt vorgefertigte Templates f\u00fcr CIS, NIST und ISO, um detaillierte und priorisierte Reports f\u00fcr anstehende Audits zu erstellen.<\/li>\n<li><strong>Bedrohungserkennung:<\/strong> Der grafische Vorfallsberater liefert klare, menschenlesbare Empfehlungen zur schnellen und effizienten Gefahrenabwehr.<\/li>\n<li><strong>Automatisierte Remediation:<\/strong> Erm\u00f6glicht die sofortige Behebung von identifizierten Schwachstellen ganz ohne manuellen administrativen Aufwand.<\/li>\n<li><strong>GravityZone-Integration:<\/strong> F\u00fcgt sich nahtlos in die bestehende Endpoint Security und Extended Detection and Response (XDR) Architektur ein.<\/li>\n<\/ul>\n<h3><strong>H\u00e4ufige Fragen zum Cloud-Sicherheitsprodukt<\/strong><\/h3>\n<ul>\n<li><strong>Was macht CSPM+ auf dem Markt so einzigartig?<\/strong><br \/>\nDie L\u00f6sung kombiniert klassisches CSPM, intelligentes CIEM, tiefgehende Compliance-Pr\u00fcfungen und proaktive Bedrohungserkennung auf Basis der seit Jahren bew\u00e4hrten Horangi-Technologie.<\/li>\n<li><strong>Welche Cloud-Plattformen werden genau unterst\u00fctzt?<\/strong><br \/>\nDas System ist vollst\u00e4ndig Multi-Cloud-f\u00e4hig und unterst\u00fctzt die f\u00fchrenden Public Clouds wie AWS, Microsoft Azure und die Google Cloud.<\/li>\n<li><strong>Hilft CSPM+ Unternehmen bei der Compliance-Erf\u00fcllung?<\/strong><br \/>\nJa, durch die automatische Evaluierung gegen branchen\u00fcbliche Frameworks liefert es sofort fertige Audit-Reports f\u00fcr Vorgaben wie NIS2 und ISO 27001.<\/li>\n<li><strong>Wie tief ist die Integration in GravityZone?<\/strong><br \/>\nDie schnelle, modulare Architektur ist tief in das \u00d6kosystem integriert und reduziert Cloud-Risiken gezielt und ressourcenschonend.<\/li>\n<\/ul>\n<h3><strong>Sichern Sie Ihre Cloud-Infrastruktur<\/strong><\/h3>\n<p>Sch\u00fctzen Sie Ihre komplexen Multi-Cloud-Umgebungen effizient und schlie\u00dfen Sie gef\u00e4hrliche Sicherheitsl\u00fccken. Optimieren Sie Ihre Cloud Security Posture noch heute mit Bitdefender GravityZone CSPM+ und verbinden Sie Schnelligkeit mit maximaler Sicherheit!<\/p>\n\n\n<div>\n<h3 class=\"gb-text\">GravityZone \u2013 System Requirements<\/h3>\n\n\n\n<p>You can find all the system requirements for Bitdefender GravityZone products on the following Bitdefender website. <a href=\"https:\/\/www.bitdefender.com\/business\/support\/en\/77209-376327-endpoint-protection.html\">https:\/\/www.bitdefender.com\/business\/support\/en\/77209-376327-endpoint-protection.html<\/a><\/p>\n\n\n\n<p>These include:<\/p>\n\n\n\n<ul class=\"wp-block-list\">\n<li>Hardware<\/li>\n\n\n\n<li>Public Cloud Requirements<\/li>\n\n\n\n<li>Supported operating systems<\/li>\n\n\n\n<li>Supported file systems<\/li>\n\n\n\n<li>Supported browsers<\/li>\n\n\n\n<li>Supported browsers\n<ul class=\"wp-block-list\">\n<li>Supported virtualization platforms<\/li>\n\n\n\n<li>Memory and CPU<\/li>\n\n\n\n<li>HDD Space<\/li>\n\n\n\n<li>Security Server distribution on hosts<\/li>\n\n\n\n<li>Network latency<\/li>\n\n\n\n<li>Storage protection load<\/li>\n<\/ul>\n<\/li>\n\n\n\n<li>Trafic usage<\/li>\n<\/ul>\n<\/div>","protected":false},"excerpt":{"rendered":"<p>Bitdefender GravityZone CSPM+ automatisiert die Sicherheit und Compliance von Multi-Cloud-Umgebungen wie AWS, Azure und Google Cloud. Die Plattform identifiziert proaktiv Fehlkonfigurationen, managt Zugriffsrechte (CIEM) und behebt Sicherheitsrisiken selbstst\u00e4ndig, um Unternehmen optimal vor Bedrohungen zu sch\u00fctzen.<\/p>","protected":false},"featured_media":141,"comment_status":"open","ping_status":"closed","template":"","meta":[],"product_brand":[29],"product_cat":[43],"product_tag":[25,114,99],"class_list":{"0":"post-334","1":"product","2":"type-product","3":"status-publish","4":"has-post-thumbnail","6":"product_brand-bitdefender","7":"product_cat-bitdefender-produkte-geschaeftskunden","8":"product_tag-bitdefender","9":"product_tag-cspm","10":"product_tag-gravityzone","12":"first","13":"outofstock","14":"taxable","15":"shipping-taxable","16":"product-type-simple"},"yoast_head":"<!-- This site is optimized with the Yoast SEO plugin v27.5 - https:\/\/yoast.com\/product\/yoast-seo-wordpress\/ -->\n<title>Bitdefender GravityZone CSPM+ - bhv Verlag GmbH<\/title>\n<meta name=\"description\" content=\"Bitdefender GravityZone CSPM+ sichert Multi-Cloud-Umgebungen (AWS, Azure, GCP). Automatisieren Sie Compliance und beheben Sie Cloud-Fehlkonfigurationen.\" \/>\n<meta name=\"robots\" content=\"index, follow, max-snippet:-1, max-image-preview:large, max-video-preview:-1\" \/>\n<link rel=\"canonical\" href=\"https:\/\/bhv.de\/en\/product\/bitdefender-gravityzone-cspm\/\" \/>\n<meta property=\"og:locale\" content=\"en_GB\" \/>\n<meta property=\"og:type\" content=\"article\" \/>\n<meta property=\"og:title\" content=\"Bitdefender GravityZone CSPM+ - bhv Verlag GmbH\" \/>\n<meta property=\"og:description\" content=\"Bitdefender GravityZone CSPM+ sichert Multi-Cloud-Umgebungen (AWS, Azure, GCP). Automatisieren Sie Compliance und beheben Sie Cloud-Fehlkonfigurationen.\" \/>\n<meta property=\"og:url\" content=\"https:\/\/bhv.de\/en\/product\/bitdefender-gravityzone-cspm\/\" \/>\n<meta property=\"og:site_name\" content=\"bhv Verlag GmbH\" \/>\n<meta property=\"article:modified_time\" content=\"2026-04-20T08:05:37+00:00\" \/>\n<meta property=\"og:image\" content=\"https:\/\/bhv.de\/wp-content\/uploads\/2026\/03\/Bitdefender-GravityZone-CSPM-1500x1500-1.png\" \/>\n\t<meta property=\"og:image:width\" content=\"1500\" \/>\n\t<meta property=\"og:image:height\" content=\"1500\" \/>\n\t<meta property=\"og:image:type\" content=\"image\/png\" \/>\n<meta name=\"twitter:card\" content=\"summary_large_image\" \/>\n<meta name=\"twitter:label1\" content=\"Estimated reading time\" \/>\n\t<meta name=\"twitter:data1\" content=\"4 minutes\" \/>\n<script type=\"application\/ld+json\" class=\"yoast-schema-graph\">{\"@context\":\"https:\\\/\\\/schema.org\",\"@graph\":[{\"@type\":\"WebPage\",\"@id\":\"https:\\\/\\\/bhv.de\\\/produkt\\\/bitdefender-gravityzone-cspm\\\/\",\"url\":\"https:\\\/\\\/bhv.de\\\/produkt\\\/bitdefender-gravityzone-cspm\\\/\",\"name\":\"Bitdefender GravityZone CSPM+ - bhv Verlag GmbH\",\"isPartOf\":{\"@id\":\"https:\\\/\\\/bhv.de\\\/#website\"},\"primaryImageOfPage\":{\"@id\":\"https:\\\/\\\/bhv.de\\\/produkt\\\/bitdefender-gravityzone-cspm\\\/#primaryimage\"},\"image\":{\"@id\":\"https:\\\/\\\/bhv.de\\\/produkt\\\/bitdefender-gravityzone-cspm\\\/#primaryimage\"},\"thumbnailUrl\":\"https:\\\/\\\/bhv.de\\\/wp-content\\\/uploads\\\/2026\\\/03\\\/Bitdefender-GravityZone-CSPM-1500x1500-1.png\",\"datePublished\":\"2026-04-01T08:54:19+00:00\",\"dateModified\":\"2026-04-20T08:05:37+00:00\",\"description\":\"Bitdefender GravityZone CSPM+ sichert Multi-Cloud-Umgebungen (AWS, Azure, GCP). Automatisieren Sie Compliance und beheben Sie Cloud-Fehlkonfigurationen.\",\"breadcrumb\":{\"@id\":\"https:\\\/\\\/bhv.de\\\/produkt\\\/bitdefender-gravityzone-cspm\\\/#breadcrumb\"},\"inLanguage\":\"en-GB\",\"potentialAction\":[{\"@type\":\"ReadAction\",\"target\":[\"https:\\\/\\\/bhv.de\\\/produkt\\\/bitdefender-gravityzone-cspm\\\/\"]}]},{\"@type\":\"ImageObject\",\"inLanguage\":\"en-GB\",\"@id\":\"https:\\\/\\\/bhv.de\\\/produkt\\\/bitdefender-gravityzone-cspm\\\/#primaryimage\",\"url\":\"https:\\\/\\\/bhv.de\\\/wp-content\\\/uploads\\\/2026\\\/03\\\/Bitdefender-GravityZone-CSPM-1500x1500-1.png\",\"contentUrl\":\"https:\\\/\\\/bhv.de\\\/wp-content\\\/uploads\\\/2026\\\/03\\\/Bitdefender-GravityZone-CSPM-1500x1500-1.png\",\"width\":1500,\"height\":1500,\"caption\":\"Bitdefender GravityZone CSPM+\"},{\"@type\":\"BreadcrumbList\",\"@id\":\"https:\\\/\\\/bhv.de\\\/produkt\\\/bitdefender-gravityzone-cspm\\\/#breadcrumb\",\"itemListElement\":[{\"@type\":\"ListItem\",\"position\":1,\"name\":\"Start\",\"item\":\"https:\\\/\\\/bhv.de\\\/\"},{\"@type\":\"ListItem\",\"position\":2,\"name\":\"Produkte\",\"item\":\"https:\\\/\\\/bhv.de\\\/de\\\/shop\\\/\"},{\"@type\":\"ListItem\",\"position\":3,\"name\":\"Bitdefender GravityZone CSPM+\"}]},{\"@type\":\"WebSite\",\"@id\":\"https:\\\/\\\/bhv.de\\\/#website\",\"url\":\"https:\\\/\\\/bhv.de\\\/\",\"name\":\"bhv Verlag GmbH\",\"description\":\"bhv Verlag GmbH\",\"potentialAction\":[{\"@type\":\"SearchAction\",\"target\":{\"@type\":\"EntryPoint\",\"urlTemplate\":\"https:\\\/\\\/bhv.de\\\/?s={search_term_string}\"},\"query-input\":{\"@type\":\"PropertyValueSpecification\",\"valueRequired\":true,\"valueName\":\"search_term_string\"}}],\"inLanguage\":\"en-GB\"}]}<\/script>\n<!-- \/ Yoast SEO plugin. -->","yoast_head_json":{"title":"Bitdefender GravityZone CSPM+ - bhv Verlag GmbH","description":"Bitdefender GravityZone CSPM+ sichert Multi-Cloud-Umgebungen (AWS, Azure, GCP). Automatisieren Sie Compliance und beheben Sie Cloud-Fehlkonfigurationen.","robots":{"index":"index","follow":"follow","max-snippet":"max-snippet:-1","max-image-preview":"max-image-preview:large","max-video-preview":"max-video-preview:-1"},"canonical":"https:\/\/bhv.de\/en\/product\/bitdefender-gravityzone-cspm\/","og_locale":"en_GB","og_type":"article","og_title":"Bitdefender GravityZone CSPM+ - bhv Verlag GmbH","og_description":"Bitdefender GravityZone CSPM+ sichert Multi-Cloud-Umgebungen (AWS, Azure, GCP). Automatisieren Sie Compliance und beheben Sie Cloud-Fehlkonfigurationen.","og_url":"https:\/\/bhv.de\/en\/product\/bitdefender-gravityzone-cspm\/","og_site_name":"bhv Verlag GmbH","article_modified_time":"2026-04-20T08:05:37+00:00","og_image":[{"width":1500,"height":1500,"url":"https:\/\/bhv.de\/wp-content\/uploads\/2026\/03\/Bitdefender-GravityZone-CSPM-1500x1500-1.png","type":"image\/png"}],"twitter_card":"summary_large_image","twitter_misc":{"Estimated reading time":"4 minutes"},"schema":{"@context":"https:\/\/schema.org","@graph":[{"@type":"WebPage","@id":"https:\/\/bhv.de\/produkt\/bitdefender-gravityzone-cspm\/","url":"https:\/\/bhv.de\/produkt\/bitdefender-gravityzone-cspm\/","name":"Bitdefender GravityZone CSPM+ - bhv Verlag GmbH","isPartOf":{"@id":"https:\/\/bhv.de\/#website"},"primaryImageOfPage":{"@id":"https:\/\/bhv.de\/produkt\/bitdefender-gravityzone-cspm\/#primaryimage"},"image":{"@id":"https:\/\/bhv.de\/produkt\/bitdefender-gravityzone-cspm\/#primaryimage"},"thumbnailUrl":"https:\/\/bhv.de\/wp-content\/uploads\/2026\/03\/Bitdefender-GravityZone-CSPM-1500x1500-1.png","datePublished":"2026-04-01T08:54:19+00:00","dateModified":"2026-04-20T08:05:37+00:00","description":"Bitdefender GravityZone CSPM+ sichert Multi-Cloud-Umgebungen (AWS, Azure, GCP). Automatisieren Sie Compliance und beheben Sie Cloud-Fehlkonfigurationen.","breadcrumb":{"@id":"https:\/\/bhv.de\/produkt\/bitdefender-gravityzone-cspm\/#breadcrumb"},"inLanguage":"en-GB","potentialAction":[{"@type":"ReadAction","target":["https:\/\/bhv.de\/produkt\/bitdefender-gravityzone-cspm\/"]}]},{"@type":"ImageObject","inLanguage":"en-GB","@id":"https:\/\/bhv.de\/produkt\/bitdefender-gravityzone-cspm\/#primaryimage","url":"https:\/\/bhv.de\/wp-content\/uploads\/2026\/03\/Bitdefender-GravityZone-CSPM-1500x1500-1.png","contentUrl":"https:\/\/bhv.de\/wp-content\/uploads\/2026\/03\/Bitdefender-GravityZone-CSPM-1500x1500-1.png","width":1500,"height":1500,"caption":"Bitdefender GravityZone CSPM+"},{"@type":"BreadcrumbList","@id":"https:\/\/bhv.de\/produkt\/bitdefender-gravityzone-cspm\/#breadcrumb","itemListElement":[{"@type":"ListItem","position":1,"name":"Start","item":"https:\/\/bhv.de\/"},{"@type":"ListItem","position":2,"name":"Produkte","item":"https:\/\/bhv.de\/de\/shop\/"},{"@type":"ListItem","position":3,"name":"Bitdefender GravityZone CSPM+"}]},{"@type":"WebSite","@id":"https:\/\/bhv.de\/#website","url":"https:\/\/bhv.de\/","name":"bhv Verlag GmbH","description":"bhv Verlag GmbH","potentialAction":[{"@type":"SearchAction","target":{"@type":"EntryPoint","urlTemplate":"https:\/\/bhv.de\/?s={search_term_string}"},"query-input":{"@type":"PropertyValueSpecification","valueRequired":true,"valueName":"search_term_string"}}],"inLanguage":"en-GB"}]}},"_links":{"self":[{"href":"https:\/\/bhv.de\/en\/wp-json\/wp\/v2\/product\/334","targetHints":{"allow":["GET"]}}],"collection":[{"href":"https:\/\/bhv.de\/en\/wp-json\/wp\/v2\/product"}],"about":[{"href":"https:\/\/bhv.de\/en\/wp-json\/wp\/v2\/types\/product"}],"replies":[{"embeddable":true,"href":"https:\/\/bhv.de\/en\/wp-json\/wp\/v2\/comments?post=334"}],"wp:featuredmedia":[{"embeddable":true,"href":"https:\/\/bhv.de\/en\/wp-json\/wp\/v2\/media\/141"}],"wp:attachment":[{"href":"https:\/\/bhv.de\/en\/wp-json\/wp\/v2\/media?parent=334"}],"wp:term":[{"taxonomy":"product_brand","embeddable":true,"href":"https:\/\/bhv.de\/en\/wp-json\/wp\/v2\/product_brand?post=334"},{"taxonomy":"product_cat","embeddable":true,"href":"https:\/\/bhv.de\/en\/wp-json\/wp\/v2\/product_cat?post=334"},{"taxonomy":"product_tag","embeddable":true,"href":"https:\/\/bhv.de\/en\/wp-json\/wp\/v2\/product_tag?post=334"}],"curies":[{"name":"wp","href":"https:\/\/api.w.org\/{rel}","templated":true}]}}